{"id":15824,"date":"2026-02-27T00:27:56","date_gmt":"2026-02-27T00:27:56","guid":{"rendered":"https:\/\/nordicmart.andreevmaster.com\/product\/songmics-fallbar-bank-120-liter-38-x-110-x-38-cm-morkgra\/"},"modified":"2026-02-27T08:18:55","modified_gmt":"2026-02-27T08:18:55","slug":"songmics-fallbar-bank-120-liter-38-x-110-x-38-cm-morkgra","status":"publish","type":"product","link":"https:\/\/nordicmart.andreevmaster.com\/sv\/produkt\/songmics-fallbar-bank-120-liter-38-x-110-x-38-cm-morkgra\/","title":{"rendered":"SONGMICS F\u00e4llbar b\u00e4nk 120 liter 38 x 110 x 38 cm m\u00f6rkgr\u00e5"},"content":{"rendered":"<p>SONGMICS b\u00e4nk, hopf\u00e4llbar, f\u00f6rvaringsbox, 120 liters kapacitet, belastningskapacitet upp till 300 kg, 38 x 110 x 38 cm, kaffebrun LSF075K01<br \/>\nF\u00e4rg: M\u00f6rkgr\u00e5<br \/>\nMaterial: MDF (medeldensitetsfiberplatta), PU, skumplast<br \/>\nStorlek (utv\u00e4ndigt): 38 x 110 x 38 cm (D x B x H)<br \/>\nStorlek (inv\u00e4ndig): 34 x 105 x 34 cm (D x B x H)<br \/>\nVikt: 8,6 kg<br \/>\nMax. statisk belastningskapacitet: 300 kg<\/p>\n","protected":false},"excerpt":{"rendered":"<p>SONGMICS b\u00e4nk, hopf\u00e4llbar, f\u00f6rvaringsbox, 120 liters kapacitet, belastningskapacitet upp till 300 kg, 38 x 110 x 38 cm, kaffebrun LSF075K01<\/p>\n","protected":false},"featured_media":43564,"comment_status":"open","ping_status":"closed","template":"","meta":[],"product_brand":[],"product_cat":[33],"product_tag":[],"class_list":{"0":"post-15824","1":"product","2":"type-product","3":"status-publish","4":"has-post-thumbnail","6":"product_cat-okategoriserad","8":"first","9":"instock","10":"shipping-taxable","11":"purchasable","12":"product-type-simple"},"_links":{"self":[{"href":"https:\/\/nordicmart.andreevmaster.com\/sv\/wp-json\/wp\/v2\/product\/15824","targetHints":{"allow":["GET"]}}],"collection":[{"href":"https:\/\/nordicmart.andreevmaster.com\/sv\/wp-json\/wp\/v2\/product"}],"about":[{"href":"https:\/\/nordicmart.andreevmaster.com\/sv\/wp-json\/wp\/v2\/types\/product"}],"replies":[{"embeddable":true,"href":"https:\/\/nordicmart.andreevmaster.com\/sv\/wp-json\/wp\/v2\/comments?post=15824"}],"wp:featuredmedia":[{"embeddable":true,"href":"https:\/\/nordicmart.andreevmaster.com\/sv\/wp-json\/wp\/v2\/media\/43564"}],"wp:attachment":[{"href":"https:\/\/nordicmart.andreevmaster.com\/sv\/wp-json\/wp\/v2\/media?parent=15824"}],"wp:term":[{"taxonomy":"product_brand","embeddable":true,"href":"https:\/\/nordicmart.andreevmaster.com\/sv\/wp-json\/wp\/v2\/product_brand?post=15824"},{"taxonomy":"product_cat","embeddable":true,"href":"https:\/\/nordicmart.andreevmaster.com\/sv\/wp-json\/wp\/v2\/product_cat?post=15824"},{"taxonomy":"product_tag","embeddable":true,"href":"https:\/\/nordicmart.andreevmaster.com\/sv\/wp-json\/wp\/v2\/product_tag?post=15824"}],"curies":[{"name":"wp","href":"https:\/\/api.w.org\/{rel}","templated":true}]}}