{"id":15819,"date":"2026-02-27T00:27:54","date_gmt":"2026-02-27T00:27:54","guid":{"rendered":"https:\/\/nordicmart.andreevmaster.com\/product\/songmics-bank-med-forvaringsutrymme-38-x-110-x-40-cm-fotpall-112-l-skiffergra\/"},"modified":"2026-02-27T08:18:54","modified_gmt":"2026-02-27T08:18:54","slug":"songmics-bank-med-forvaringsutrymme-38-x-110-x-40-cm-fotpall-112-l-skiffergra","status":"publish","type":"product","link":"https:\/\/nordicmart.andreevmaster.com\/sv\/produkt\/songmics-bank-med-forvaringsutrymme-38-x-110-x-40-cm-fotpall-112-l-skiffergra\/","title":{"rendered":"SONGMICS b\u00e4nk med f\u00f6rvaringsutrymme 38 x 110 x 40 cm fotpall 112 L skiffergr\u00e5"},"content":{"rendered":"<p>SONGMICS b\u00e4nk med f\u00f6rvaringsutrymme, hopf\u00e4llbar pall, 38 x 110 x 40 cm, f\u00f6rvaringsbox med lock, fotpall 112 L, sammet, belastningskapacitet upp till 300 kg, hall, vardagsrum, sovrum, cappuccinobeige LSF0518W02<br \/>\nF\u00e4rg: Skiffergr\u00e5<br \/>\nMaterial: Sammet, MDF (medeldensitetsfiberplatta), skumplast, nonwoven<br \/>\nStorlek: 38 x 110 x 40 cm (D x B x H)<br \/>\nVikt: 9,6 kg<br \/>\nMax. statisk belastningskapacitet: 300 kg<br \/>\nKapacitet: 112 liter<\/p>\n","protected":false},"excerpt":{"rendered":"<p>SONGMICS b\u00e4nk med f\u00f6rvaringsutrymme, hopf\u00e4llbar pall, 38 x 110 x 40 cm, f\u00f6rvaringsbox med lock, fotpall 112 L, sammet, belastningskapacitet upp till 300 kg, hall, vardagsrum, sovrum, cappuccinobeige LSF0518W02<\/p>\n","protected":false},"featured_media":43559,"comment_status":"open","ping_status":"closed","template":"","meta":[],"product_brand":[],"product_cat":[33],"product_tag":[],"class_list":{"0":"post-15819","1":"product","2":"type-product","3":"status-publish","4":"has-post-thumbnail","6":"product_cat-okategoriserad","8":"first","9":"instock","10":"shipping-taxable","11":"purchasable","12":"product-type-simple"},"_links":{"self":[{"href":"https:\/\/nordicmart.andreevmaster.com\/sv\/wp-json\/wp\/v2\/product\/15819","targetHints":{"allow":["GET"]}}],"collection":[{"href":"https:\/\/nordicmart.andreevmaster.com\/sv\/wp-json\/wp\/v2\/product"}],"about":[{"href":"https:\/\/nordicmart.andreevmaster.com\/sv\/wp-json\/wp\/v2\/types\/product"}],"replies":[{"embeddable":true,"href":"https:\/\/nordicmart.andreevmaster.com\/sv\/wp-json\/wp\/v2\/comments?post=15819"}],"wp:featuredmedia":[{"embeddable":true,"href":"https:\/\/nordicmart.andreevmaster.com\/sv\/wp-json\/wp\/v2\/media\/43559"}],"wp:attachment":[{"href":"https:\/\/nordicmart.andreevmaster.com\/sv\/wp-json\/wp\/v2\/media?parent=15819"}],"wp:term":[{"taxonomy":"product_brand","embeddable":true,"href":"https:\/\/nordicmart.andreevmaster.com\/sv\/wp-json\/wp\/v2\/product_brand?post=15819"},{"taxonomy":"product_cat","embeddable":true,"href":"https:\/\/nordicmart.andreevmaster.com\/sv\/wp-json\/wp\/v2\/product_cat?post=15819"},{"taxonomy":"product_tag","embeddable":true,"href":"https:\/\/nordicmart.andreevmaster.com\/sv\/wp-json\/wp\/v2\/product_tag?post=15819"}],"curies":[{"name":"wp","href":"https:\/\/api.w.org\/{rel}","templated":true}]}}