{"id":15804,"date":"2026-02-27T00:27:51","date_gmt":"2026-02-27T00:27:51","guid":{"rendered":"https:\/\/nordicmart.andreevmaster.com\/product\/songmics-kladskap-175-x-150-cm-svart\/"},"modified":"2026-02-27T08:18:51","modified_gmt":"2026-02-27T08:18:51","slug":"songmics-kladskap-175-x-150-cm-svart","status":"publish","type":"product","link":"https:\/\/nordicmart.andreevmaster.com\/sv\/produkt\/songmics-kladskap-175-x-150-cm-svart\/","title":{"rendered":"SONGMICS kl\u00e4dsk\u00e5p 175 x 150 cm svart"},"content":{"rendered":"<p>Den eleganta f\u00e4llbara garderoben fr\u00e5n SONGMICS \u00e4r den perfekta l\u00f6sningen f\u00f6r snabb och perfekt ordning! Den best\u00e5r av ett stabilt st\u00e5lr\u00f6rsstativ och robust non-woven-tyg. Den erbjuder dammfri och ren f\u00f6rvaring av kl\u00e4der. Mycket platsbesparande, passar d\u00e4rf\u00f6r i varje h\u00f6rn! N\u00e4r den inte anv\u00e4nds kan garderoben enkelt f\u00e4llas ihop och f\u00f6rvaras p\u00e5 ett platsbesparande s\u00e4tt.Produktdetaljer: &#8211; F\u00e4rg: svart &#8211; Produktm\u00e5tt: 150 x 175 x 45 cm (B x H x D) &#8211; Material: hyllplan av 75 g\/m\u00b2 laminerat non-woven-tyg, \u00f6verdrag av 75 g\/m\u00b2 non-woven-tyg, j\u00e4rnr\u00f6r (\u00d8 15 mm) &#8211; F\u00f6rpackningsm\u00e5tt: 75 x 35,5 x 10,5 cm-Vikt: 5,58 kgLeveransomfattning:-1 x kl\u00e4dsk\u00e5p-1 x bruksanvisning (DE, EN, FR, ES, IT)Anvisningar:-Produkten ska skyddas fr\u00e5n direkt solljus, annars kan livsl\u00e4ngden f\u00f6rkortas. F\u00f6rvara i sval och torr milj\u00f6 f\u00f6r att f\u00f6rhindra m\u00f6gelbildning. &#8211; N\u00e4r du kopplar ihop j\u00e4rnr\u00f6ren och plastkopplingarna, undvik att trycka in j\u00e4rnr\u00f6ret med v\u00e5ld direkt in i kopplingen, utan vrid ist\u00e4llet in j\u00e4rnr\u00f6ret l\u00e5ngsamt i kopplingen. &#8211; Se till att r\u00f6ren \u00e4r insatta helt i kopplingen. Om ing\u00e5ngen till plastkopplingarna \u00e4r f\u00f6r tr\u00e5ng, f\u00f6rs\u00f6k att doppa plastkopplingarna i varmt vatten. Om du st\u00f6ter p\u00e5 problem under monteringen, kontakta v\u00e5r kundtj\u00e4nst s\u00e5 hj\u00e4lper vi dig g\u00e4rna att l\u00f6sa problemen eller erbjuder dig gratis reservdelar.<\/p>\n","protected":false},"excerpt":{"rendered":"<p>SONGMICS kl\u00e4dsk\u00e5p, XXL hopf\u00e4llbart sk\u00e5p, tygsk\u00e5p med kl\u00e4dst\u00e5ng och 3 upprullningsbara d\u00f6rrar, camping sk\u00e5p, 175 x 150 x 45 cm, beige LSF03M<\/p>\n","protected":false},"featured_media":43544,"comment_status":"open","ping_status":"closed","template":"","meta":[],"product_brand":[],"product_cat":[33],"product_tag":[],"class_list":{"0":"post-15804","1":"product","2":"type-product","3":"status-publish","4":"has-post-thumbnail","6":"product_cat-okategoriserad","8":"first","9":"instock","10":"shipping-taxable","11":"purchasable","12":"product-type-simple"},"_links":{"self":[{"href":"https:\/\/nordicmart.andreevmaster.com\/sv\/wp-json\/wp\/v2\/product\/15804","targetHints":{"allow":["GET"]}}],"collection":[{"href":"https:\/\/nordicmart.andreevmaster.com\/sv\/wp-json\/wp\/v2\/product"}],"about":[{"href":"https:\/\/nordicmart.andreevmaster.com\/sv\/wp-json\/wp\/v2\/types\/product"}],"replies":[{"embeddable":true,"href":"https:\/\/nordicmart.andreevmaster.com\/sv\/wp-json\/wp\/v2\/comments?post=15804"}],"wp:featuredmedia":[{"embeddable":true,"href":"https:\/\/nordicmart.andreevmaster.com\/sv\/wp-json\/wp\/v2\/media\/43544"}],"wp:attachment":[{"href":"https:\/\/nordicmart.andreevmaster.com\/sv\/wp-json\/wp\/v2\/media?parent=15804"}],"wp:term":[{"taxonomy":"product_brand","embeddable":true,"href":"https:\/\/nordicmart.andreevmaster.com\/sv\/wp-json\/wp\/v2\/product_brand?post=15804"},{"taxonomy":"product_cat","embeddable":true,"href":"https:\/\/nordicmart.andreevmaster.com\/sv\/wp-json\/wp\/v2\/product_cat?post=15804"},{"taxonomy":"product_tag","embeddable":true,"href":"https:\/\/nordicmart.andreevmaster.com\/sv\/wp-json\/wp\/v2\/product_tag?post=15804"}],"curies":[{"name":"wp","href":"https:\/\/api.w.org\/{rel}","templated":true}]}}