{"id":15799,"date":"2026-02-27T00:27:49","date_gmt":"2026-02-27T00:27:49","guid":{"rendered":"https:\/\/nordicmart.andreevmaster.com\/product\/118-tum-liten-hopfallbar-ottoman-2-st-forvaringsplattform-fotstod-fotstod-vardagsrum-sovrum-studentrum-morkgra-u\/"},"modified":"2026-02-27T08:18:50","modified_gmt":"2026-02-27T08:18:50","slug":"118-tum-liten-hopfallbar-ottoman-2-st-forvaringsplattform-fotstod-fotstod-vardagsrum-sovrum-studentrum-morkgra-u","status":"publish","type":"product","link":"https:\/\/nordicmart.andreevmaster.com\/sv\/produkt\/118-tum-liten-hopfallbar-ottoman-2-st-forvaringsplattform-fotstod-fotstod-vardagsrum-sovrum-studentrum-morkgra-u\/","title":{"rendered":"11,8 tum liten hopf\u00e4llbar ottoman, 2 st, f\u00f6rvaringsplattform, fotst\u00f6d, fotst\u00f6d, vardagsrum, sovrum, studentrum, m\u00f6rkgr\u00e5 U"},"content":{"rendered":"<p>[Snygg och stabil] Dessa f\u00f6rvaringspallar har ett snyggt tyg som ser ut som linne med fina s\u00f6mmar. Tack vare de tjocka, stabila fiberplattorna t\u00e5l varje pall upp till 120 kg (286 lbs).<br \/>\nBEKV\u00c4M SITTYTA: Fyllda med h\u00f6gdensitetsskum och kl\u00e4dda med linne-liknande tyg, erbjuder dessa f\u00f6rvaringspallar en mjuk, stabil och andningsbar sittyta f\u00f6r optimal komfort.<br \/>\nRymligt f\u00f6rvaringsutrymme: I var och en av dessa hopf\u00e4llbara ottomaner, som m\u00e4ter 11,8&#8243; D x 11,8&#8243; B x 11,8&#8243; H och har en total volym p\u00e5 22 liter (6 gallon), kan du snyggt f\u00f6rvara lakan, kuddar, t\u00e4cken, tidningar och mycket annat.L\u00e4tt att st\u00e4lla upp och f\u00e4lla ihop: Tack vare den unika hopf\u00e4llbara designen kan dessa f\u00f6rvaringspallar st\u00e4llas upp p\u00e5 bara n\u00e5gra sekunder. N\u00e4r de \u00e4r hopf\u00e4llbara \u00e4r de l\u00e4tta att f\u00f6rvara n\u00e4r de inte anv\u00e4nds, vilket sparar utrymme i ditt hem.M\u00c5NGSIDIGA ANV\u00c4NDNINGSOMR\u00c5DEN: Anv\u00e4nd dessa f\u00f6rvaringspallar som f\u00f6rvaringsl\u00e5dor, fotpallar eller till och med soffbord. De kan placeras var du vill, till exempel i vardagsrummet, vid s\u00e4ngens fot\u00e4nda, i hallen eller under f\u00f6nstret. <\/p>\n<p>Tekniska uppgifter:<\/p>\n<p>F\u00e4rger: F\u00e4rger: F\u00e4rger: F\u00e4rger: F\u00e4rger: 1: F\u00e4rg: M\u00f6rkgr\u00e5<br \/>\nMaterial: MDF (medelh\u00f6g densitet), linne-liknande tyg, skumplastfyllning.<br \/>\nEnskild f\u00f6rvaringspall:<br \/>\n(30 x 30 x 30 cm).<br \/>\nProduktens vikt: 1,6 kg (3,5 lb).Max. statisk b\u00e4rf\u00f6rm\u00e5ga: 130 kg (286 lb)<br \/>\nVolym: 6 Gal. (22L)<br \/>\nF\u00f6rpackningens inneh\u00e5ll:<\/p>\n<p>2 x F\u00f6rvaringspall<\/p>\n","protected":false},"excerpt":{"rendered":"<p>[Snygg och stabil] Dessa f\u00f6rvaringspallar har ett snyggt tyg som ser ut som linne med fina s\u00f6mmar. Tack vare de tjocka, stabila fiberplattorna t\u00e5l varje pall upp till 120 kg (286 lbs). BEKV\u00c4M SITTYTA: Fyllda med h\u00f6gdensitetsskum och kl\u00e4dda med linne-liknande tyg, erbjuder dessa f\u00f6rvaringspallar en mjuk, stabil och andningsbar sittyta f\u00f6r optimal komfort. Rymligt [&hellip;]<\/p>\n","protected":false},"featured_media":0,"comment_status":"open","ping_status":"closed","template":"","meta":[],"product_brand":[],"product_cat":[33],"product_tag":[],"class_list":{"0":"post-15799","1":"product","2":"type-product","3":"status-publish","5":"product_cat-okategoriserad","7":"first","8":"instock","9":"shipping-taxable","10":"product-type-simple"},"_links":{"self":[{"href":"https:\/\/nordicmart.andreevmaster.com\/sv\/wp-json\/wp\/v2\/product\/15799","targetHints":{"allow":["GET"]}}],"collection":[{"href":"https:\/\/nordicmart.andreevmaster.com\/sv\/wp-json\/wp\/v2\/product"}],"about":[{"href":"https:\/\/nordicmart.andreevmaster.com\/sv\/wp-json\/wp\/v2\/types\/product"}],"replies":[{"embeddable":true,"href":"https:\/\/nordicmart.andreevmaster.com\/sv\/wp-json\/wp\/v2\/comments?post=15799"}],"wp:attachment":[{"href":"https:\/\/nordicmart.andreevmaster.com\/sv\/wp-json\/wp\/v2\/media?parent=15799"}],"wp:term":[{"taxonomy":"product_brand","embeddable":true,"href":"https:\/\/nordicmart.andreevmaster.com\/sv\/wp-json\/wp\/v2\/product_brand?post=15799"},{"taxonomy":"product_cat","embeddable":true,"href":"https:\/\/nordicmart.andreevmaster.com\/sv\/wp-json\/wp\/v2\/product_cat?post=15799"},{"taxonomy":"product_tag","embeddable":true,"href":"https:\/\/nordicmart.andreevmaster.com\/sv\/wp-json\/wp\/v2\/product_tag?post=15799"}],"curies":[{"name":"wp","href":"https:\/\/api.w.org\/{rel}","templated":true}]}}