{"id":15797,"date":"2026-02-27T00:27:49","date_gmt":"2026-02-27T00:27:49","guid":{"rendered":"https:\/\/nordicmart.andreevmaster.com\/product\/songmics-pall-med-forvaringsutrymme-30-x-30-x-30-cm\/"},"modified":"2026-02-27T08:18:50","modified_gmt":"2026-02-27T08:18:50","slug":"songmics-pall-med-forvaringsutrymme-30-x-30-x-30-cm","status":"publish","type":"product","link":"https:\/\/nordicmart.andreevmaster.com\/sv\/produkt\/songmics-pall-med-forvaringsutrymme-30-x-30-x-30-cm\/","title":{"rendered":"SONGMICS pall med f\u00f6rvaringsutrymme 30 x 30 x 30 cm"},"content":{"rendered":"<p>H\u00f6jdpunkterna med denna pall i korthet: PLATSBESPARANDE: Pallen \u00e4r 30 x 30 x 30 cm och tar liten plats. Bekv\u00e4m sittdyna: Sittdynan av h\u00f6gdensitetsskum garanterar h\u00f6g sittkomfort. Mycket t\u00e5lig: Den robusta MDF-konstruktionen t\u00e5l upp till 130 kg. Med f\u00f6rvaringsutrymme: F\u00f6rvara b\u00f6cker, kl\u00e4der eller andra sm\u00e5saker i denna sittkub och f\u00e5 bort r\u00f6ran i vardagsrummet. M\u00e5ngsidig: Denna f\u00f6rvaringsl\u00e5da kan anv\u00e4ndas som pall f\u00f6r att ta p\u00e5 sig skor, fotpall i sovrummet eller som en plats f\u00f6r din katt att ta en tupplur. Produktdetaljer: F\u00e4rg: M\u00f6rkgr\u00e5 Material: Imitation av linne, skum, MDF (medeldensitetsfiberskiva). Storlek: 30 x 30 x 30 cm (D x B x H). Vikt: 1,5 kg. Max. statisk belastningskapacitet: 130 kg. Paketet inneh\u00e5ller: 1 x pall med f\u00f6rvaringsutrymme, 1 x instruktioner (engelska spr\u00e5ket garanteras inte). SONGMICS Anm\u00e4rkningar: L\u00e5dan \u00e4r inte en leksak! Av s\u00e4kerhetssk\u00e4l f\u00e5r barn inte kl\u00e4ttra p\u00e5 eller leka med produkten. St\u00e5 inte p\u00e5 produkten och anv\u00e4nd den inte som stege eller kl\u00e4ttringshj\u00e4lpmedel.<\/p>\n","protected":false},"excerpt":{"rendered":"<p>SONGMICS sittpall med f\u00f6rvaringsutrymme, hopf\u00e4llbar pall, fotpall, hopf\u00e4llbar pall, sittkub f\u00f6r vardagsrum, sovrum, 30 x 30 x 30 cm, m\u00f6rkgr\u00e5 LSF028G01<\/p>\n","protected":false},"featured_media":43538,"comment_status":"open","ping_status":"closed","template":"","meta":[],"product_brand":[],"product_cat":[33],"product_tag":[],"class_list":{"0":"post-15797","1":"product","2":"type-product","3":"status-publish","4":"has-post-thumbnail","6":"product_cat-okategoriserad","8":"first","9":"instock","10":"shipping-taxable","11":"purchasable","12":"product-type-simple"},"_links":{"self":[{"href":"https:\/\/nordicmart.andreevmaster.com\/sv\/wp-json\/wp\/v2\/product\/15797","targetHints":{"allow":["GET"]}}],"collection":[{"href":"https:\/\/nordicmart.andreevmaster.com\/sv\/wp-json\/wp\/v2\/product"}],"about":[{"href":"https:\/\/nordicmart.andreevmaster.com\/sv\/wp-json\/wp\/v2\/types\/product"}],"replies":[{"embeddable":true,"href":"https:\/\/nordicmart.andreevmaster.com\/sv\/wp-json\/wp\/v2\/comments?post=15797"}],"wp:featuredmedia":[{"embeddable":true,"href":"https:\/\/nordicmart.andreevmaster.com\/sv\/wp-json\/wp\/v2\/media\/43538"}],"wp:attachment":[{"href":"https:\/\/nordicmart.andreevmaster.com\/sv\/wp-json\/wp\/v2\/media?parent=15797"}],"wp:term":[{"taxonomy":"product_brand","embeddable":true,"href":"https:\/\/nordicmart.andreevmaster.com\/sv\/wp-json\/wp\/v2\/product_brand?post=15797"},{"taxonomy":"product_cat","embeddable":true,"href":"https:\/\/nordicmart.andreevmaster.com\/sv\/wp-json\/wp\/v2\/product_cat?post=15797"},{"taxonomy":"product_tag","embeddable":true,"href":"https:\/\/nordicmart.andreevmaster.com\/sv\/wp-json\/wp\/v2\/product_tag?post=15797"}],"curies":[{"name":"wp","href":"https:\/\/api.w.org\/{rel}","templated":true}]}}