{"id":15795,"date":"2026-02-27T00:27:48","date_gmt":"2026-02-27T00:27:48","guid":{"rendered":"https:\/\/nordicmart.andreevmaster.com\/product\/songmics-30-cm-bank-med-forvaringsutrymme-svart-bas\/"},"modified":"2026-02-27T08:18:50","modified_gmt":"2026-02-27T08:18:50","slug":"songmics-30-cm-bank-med-forvaringsutrymme-svart-bas","status":"publish","type":"product","link":"https:\/\/nordicmart.andreevmaster.com\/sv\/produkt\/songmics-30-cm-bank-med-forvaringsutrymme-svart-bas\/","title":{"rendered":"SONGMICS 30 cm b\u00e4nk med f\u00f6rvaringsutrymme, svart bas"},"content":{"rendered":"<p>SONGMICS sittpall med f\u00f6rvaringsutrymme, hopf\u00e4llbar pall, fotpall, hopf\u00e4llbar pall, sittkub f\u00f6r vardagsrum, sovrum, 30 x 30 x 30 cm, m\u00f6rkgr\u00e5 LSF028G01<br \/>\nF\u00e4rg: basf\u00e4rg svart<br \/>\nMaterial: imiterat linne, MDF (medeldensitetsfiberplatta), skumplast<br \/>\nStorlek: 30 x 30 x 30 cm (D x B x H)<br \/>\nVikt: 1,6 kg<br \/>\nMax. statisk belastningskapacitet: 130 kg<br \/>\nKapacitet: 22 liter<\/p>\n","protected":false},"excerpt":{"rendered":"<p>SONGMICS sittpall med f\u00f6rvaringsutrymme, hopf\u00e4llbar pall, fotpall, hopf\u00e4llbar pall, sittkub f\u00f6r vardagsrum, sovrum, 30 x 30 x 30 cm, m\u00f6rkgr\u00e5 LSF028G01<\/p>\n","protected":false},"featured_media":43536,"comment_status":"open","ping_status":"closed","template":"","meta":[],"product_brand":[],"product_cat":[33],"product_tag":[],"class_list":{"0":"post-15795","1":"product","2":"type-product","3":"status-publish","4":"has-post-thumbnail","6":"product_cat-okategoriserad","8":"first","9":"instock","10":"shipping-taxable","11":"purchasable","12":"product-type-simple"},"_links":{"self":[{"href":"https:\/\/nordicmart.andreevmaster.com\/sv\/wp-json\/wp\/v2\/product\/15795","targetHints":{"allow":["GET"]}}],"collection":[{"href":"https:\/\/nordicmart.andreevmaster.com\/sv\/wp-json\/wp\/v2\/product"}],"about":[{"href":"https:\/\/nordicmart.andreevmaster.com\/sv\/wp-json\/wp\/v2\/types\/product"}],"replies":[{"embeddable":true,"href":"https:\/\/nordicmart.andreevmaster.com\/sv\/wp-json\/wp\/v2\/comments?post=15795"}],"wp:featuredmedia":[{"embeddable":true,"href":"https:\/\/nordicmart.andreevmaster.com\/sv\/wp-json\/wp\/v2\/media\/43536"}],"wp:attachment":[{"href":"https:\/\/nordicmart.andreevmaster.com\/sv\/wp-json\/wp\/v2\/media?parent=15795"}],"wp:term":[{"taxonomy":"product_brand","embeddable":true,"href":"https:\/\/nordicmart.andreevmaster.com\/sv\/wp-json\/wp\/v2\/product_brand?post=15795"},{"taxonomy":"product_cat","embeddable":true,"href":"https:\/\/nordicmart.andreevmaster.com\/sv\/wp-json\/wp\/v2\/product_cat?post=15795"},{"taxonomy":"product_tag","embeddable":true,"href":"https:\/\/nordicmart.andreevmaster.com\/sv\/wp-json\/wp\/v2\/product_tag?post=15795"}],"curies":[{"name":"wp","href":"https:\/\/api.w.org\/{rel}","templated":true}]}}