{"id":15791,"date":"2026-02-27T00:27:47","date_gmt":"2026-02-27T00:27:47","guid":{"rendered":"https:\/\/nordicmart.andreevmaster.com\/product\/songmics-bank-med-forvaringsutrymme-38-x-110-x-40-cm\/"},"modified":"2026-02-27T08:18:49","modified_gmt":"2026-02-27T08:18:49","slug":"songmics-bank-med-forvaringsutrymme-38-x-110-x-40-cm","status":"publish","type":"product","link":"https:\/\/nordicmart.andreevmaster.com\/sv\/produkt\/songmics-bank-med-forvaringsutrymme-38-x-110-x-40-cm\/","title":{"rendered":"SONGMICS b\u00e4nk med f\u00f6rvaringsutrymme 38 x 110 x 40 cm"},"content":{"rendered":"<p>SONGMICS sittkista sittpall fotpall med f\u00f6rvaringsutrymme och lock med tr\u00e4ben, 76 x 38 x 40 cm m\u00f6rkgr\u00e5 LSF16GYZ<br \/>\nF\u00e4rg: Askgr\u00e5<br \/>\nMaterial: imiterat linne, skumplast, MDF (medeldensitetsfiberplatta)<br \/>\nStorlek: 38 x 110 x 40 cm (D x B x H)<br \/>\nVikt: 10 kg<br \/>\nMax. statisk belastningskapacitet: 300 kg<br \/>\nKapacitet: 112 liter<\/p>\n","protected":false},"excerpt":{"rendered":"<p>SONGMICS sittkista sittpall fotpall med f\u00f6rvaringsutrymme och lock med tr\u00e4ben, 76 x 38 x 40 cm m\u00f6rkgr\u00e5 LSF16GYZ<\/p>\n","protected":false},"featured_media":43532,"comment_status":"open","ping_status":"closed","template":"","meta":[],"product_brand":[],"product_cat":[33],"product_tag":[],"class_list":{"0":"post-15791","1":"product","2":"type-product","3":"status-publish","4":"has-post-thumbnail","6":"product_cat-okategoriserad","8":"first","9":"instock","10":"shipping-taxable","11":"purchasable","12":"product-type-simple"},"_links":{"self":[{"href":"https:\/\/nordicmart.andreevmaster.com\/sv\/wp-json\/wp\/v2\/product\/15791","targetHints":{"allow":["GET"]}}],"collection":[{"href":"https:\/\/nordicmart.andreevmaster.com\/sv\/wp-json\/wp\/v2\/product"}],"about":[{"href":"https:\/\/nordicmart.andreevmaster.com\/sv\/wp-json\/wp\/v2\/types\/product"}],"replies":[{"embeddable":true,"href":"https:\/\/nordicmart.andreevmaster.com\/sv\/wp-json\/wp\/v2\/comments?post=15791"}],"wp:featuredmedia":[{"embeddable":true,"href":"https:\/\/nordicmart.andreevmaster.com\/sv\/wp-json\/wp\/v2\/media\/43532"}],"wp:attachment":[{"href":"https:\/\/nordicmart.andreevmaster.com\/sv\/wp-json\/wp\/v2\/media?parent=15791"}],"wp:term":[{"taxonomy":"product_brand","embeddable":true,"href":"https:\/\/nordicmart.andreevmaster.com\/sv\/wp-json\/wp\/v2\/product_brand?post=15791"},{"taxonomy":"product_cat","embeddable":true,"href":"https:\/\/nordicmart.andreevmaster.com\/sv\/wp-json\/wp\/v2\/product_cat?post=15791"},{"taxonomy":"product_tag","embeddable":true,"href":"https:\/\/nordicmart.andreevmaster.com\/sv\/wp-json\/wp\/v2\/product_tag?post=15791"}],"curies":[{"name":"wp","href":"https:\/\/api.w.org\/{rel}","templated":true}]}}