{"id":15780,"date":"2026-02-27T00:27:44","date_gmt":"2026-02-27T00:27:44","guid":{"rendered":"https:\/\/nordicmart.andreevmaster.com\/product\/songmics-fallbar-pall-med-forvaringsutrymme-32-x-40-cm-duvgra\/"},"modified":"2026-02-27T08:18:47","modified_gmt":"2026-02-27T08:18:47","slug":"songmics-fallbar-pall-med-forvaringsutrymme-32-x-40-cm-duvgra","status":"publish","type":"product","link":"https:\/\/nordicmart.andreevmaster.com\/sv\/produkt\/songmics-fallbar-pall-med-forvaringsutrymme-32-x-40-cm-duvgra\/","title":{"rendered":"SONGMICS F\u00e4llbar pall med f\u00f6rvaringsutrymme 32 x 40 cm duvgr\u00e5"},"content":{"rendered":"<p>SONGMICS sittkista, sittpall med f\u00f6rvaringsutrymme och lock, fotpall med tr\u00e4ben, 38 x 40 x 38 cm, m\u00f6rkgr\u00e5 LSF14GYZ<br \/>\nF\u00e4rg: Duvgr\u00e5<br \/>\nMaterial: MDF (medeldensitetsfiberplatta), imiterat linne, 25D h\u00f6gelastiskt skumplast<br \/>\nStorlek: 32 x 40 x 33,5 cm (D x B x H)<br \/>\nVikt: 2,9 kg<br \/>\nMax. statisk belastningskapacitet: 300 kg<br \/>\nKapacitet: 32 liter<\/p>\n","protected":false},"excerpt":{"rendered":"<p>SONGMICS sittkista, sittpall med f\u00f6rvaringsutrymme och lock, fotpall med tr\u00e4ben, 38 x 40 x 38 cm, m\u00f6rkgr\u00e5 LSF14GYZ<\/p>\n","protected":false},"featured_media":43521,"comment_status":"open","ping_status":"closed","template":"","meta":[],"product_brand":[],"product_cat":[33],"product_tag":[],"class_list":{"0":"post-15780","1":"product","2":"type-product","3":"status-publish","4":"has-post-thumbnail","6":"product_cat-okategoriserad","8":"first","9":"instock","10":"shipping-taxable","11":"purchasable","12":"product-type-simple"},"_links":{"self":[{"href":"https:\/\/nordicmart.andreevmaster.com\/sv\/wp-json\/wp\/v2\/product\/15780","targetHints":{"allow":["GET"]}}],"collection":[{"href":"https:\/\/nordicmart.andreevmaster.com\/sv\/wp-json\/wp\/v2\/product"}],"about":[{"href":"https:\/\/nordicmart.andreevmaster.com\/sv\/wp-json\/wp\/v2\/types\/product"}],"replies":[{"embeddable":true,"href":"https:\/\/nordicmart.andreevmaster.com\/sv\/wp-json\/wp\/v2\/comments?post=15780"}],"wp:featuredmedia":[{"embeddable":true,"href":"https:\/\/nordicmart.andreevmaster.com\/sv\/wp-json\/wp\/v2\/media\/43521"}],"wp:attachment":[{"href":"https:\/\/nordicmart.andreevmaster.com\/sv\/wp-json\/wp\/v2\/media?parent=15780"}],"wp:term":[{"taxonomy":"product_brand","embeddable":true,"href":"https:\/\/nordicmart.andreevmaster.com\/sv\/wp-json\/wp\/v2\/product_brand?post=15780"},{"taxonomy":"product_cat","embeddable":true,"href":"https:\/\/nordicmart.andreevmaster.com\/sv\/wp-json\/wp\/v2\/product_cat?post=15780"},{"taxonomy":"product_tag","embeddable":true,"href":"https:\/\/nordicmart.andreevmaster.com\/sv\/wp-json\/wp\/v2\/product_tag?post=15780"}],"curies":[{"name":"wp","href":"https:\/\/api.w.org\/{rel}","templated":true}]}}