{"id":15774,"date":"2026-02-27T00:27:43","date_gmt":"2026-02-27T00:27:43","guid":{"rendered":"https:\/\/nordicmart.andreevmaster.com\/product\/songmics-tvattkorg-4-x-35-l-beige\/"},"modified":"2026-02-27T08:18:45","modified_gmt":"2026-02-27T08:18:45","slug":"songmics-tvattkorg-4-x-35-l-beige","status":"publish","type":"product","link":"https:\/\/nordicmart.andreevmaster.com\/sv\/produkt\/songmics-tvattkorg-4-x-35-l-beige\/","title":{"rendered":"SONGMICS tv\u00e4ttkorg 4 x 35 L beige"},"content":{"rendered":"<p>Tv\u00e4ttvagnen med sm\u00e5 m\u00e5tt och stort f\u00f6rvaringsutrymme passar i alla rum, s\u00e5som vardagsrum, sovrum och badrum. Du kan inte bara l\u00e4gga tv\u00e4tt och handdukar i den, utan ocks\u00e5 leksaker och tidningar. Det f\u00f6rkromade metallst\u00e4llet kombinerar god stabilitet under h\u00f6g belastning med h\u00f6g rostbest\u00e4ndighet. St\u00e4ngerna med l\u00e5sfj\u00e4drar g\u00f6r monteringen enkel och tidsbesparande. P\u00e5sarna \u00e4r tillverkade av h\u00f6gdensitetspolyester 600 D, som \u00e4r andningsbart, slitstarkt och smutsavvisande. Tack vare den kundorienterade designen med 4 fack kan man sortera smutsig tv\u00e4tt efter f\u00e4rg, tv\u00e4ttemperatur eller material innan tv\u00e4tt.V\u00e4skorna \u00e4r tv\u00e4ttbara. L\u00e4s dock tv\u00e4ttanvisningarna innan tv\u00e4tt. De ska skyddas fr\u00e5n fuktig tv\u00e4tt och direkt solljus. N\u00e4r en av v\u00e4skorna \u00e4r full kan du ta den till tv\u00e4ttstugan med de plastbelagda handtagen f\u00f6r att enkelt tv\u00e4tta tv\u00e4tten och underl\u00e4tta din vardag.Med 4 l\u00e4ttrullade hjul, varav 2 \u00e4r l\u00e5sbara, glider tv\u00e4ttvagnen med 4 fack smidigt och st\u00e5r stadigt. Tekniska detaljer Storlek och\/eller vikt: 87,5 x 38,5 x 81 cm Batterier kr\u00e4vs: Nej Produktvikt inkl. f\u00f6rpackning: 4,8 kg<\/p>\n","protected":false},"excerpt":{"rendered":"<p>SONGMICS tv\u00e4ttkorg, tv\u00e4ttsamlare med 4 avtagbara tygp\u00e5sar, tv\u00e4ttbeh\u00e5llare p\u00e5 hjul, tv\u00e4ttsorterare, stabil, 4 x 35 liter, svart LSF005<\/p>\n","protected":false},"featured_media":43515,"comment_status":"open","ping_status":"closed","template":"","meta":[],"product_brand":[],"product_cat":[33],"product_tag":[],"class_list":{"0":"post-15774","1":"product","2":"type-product","3":"status-publish","4":"has-post-thumbnail","6":"product_cat-okategoriserad","8":"first","9":"instock","10":"shipping-taxable","11":"purchasable","12":"product-type-simple"},"_links":{"self":[{"href":"https:\/\/nordicmart.andreevmaster.com\/sv\/wp-json\/wp\/v2\/product\/15774","targetHints":{"allow":["GET"]}}],"collection":[{"href":"https:\/\/nordicmart.andreevmaster.com\/sv\/wp-json\/wp\/v2\/product"}],"about":[{"href":"https:\/\/nordicmart.andreevmaster.com\/sv\/wp-json\/wp\/v2\/types\/product"}],"replies":[{"embeddable":true,"href":"https:\/\/nordicmart.andreevmaster.com\/sv\/wp-json\/wp\/v2\/comments?post=15774"}],"wp:featuredmedia":[{"embeddable":true,"href":"https:\/\/nordicmart.andreevmaster.com\/sv\/wp-json\/wp\/v2\/media\/43515"}],"wp:attachment":[{"href":"https:\/\/nordicmart.andreevmaster.com\/sv\/wp-json\/wp\/v2\/media?parent=15774"}],"wp:term":[{"taxonomy":"product_brand","embeddable":true,"href":"https:\/\/nordicmart.andreevmaster.com\/sv\/wp-json\/wp\/v2\/product_brand?post=15774"},{"taxonomy":"product_cat","embeddable":true,"href":"https:\/\/nordicmart.andreevmaster.com\/sv\/wp-json\/wp\/v2\/product_cat?post=15774"},{"taxonomy":"product_tag","embeddable":true,"href":"https:\/\/nordicmart.andreevmaster.com\/sv\/wp-json\/wp\/v2\/product_tag?post=15774"}],"curies":[{"name":"wp","href":"https:\/\/api.w.org\/{rel}","templated":true}]}}