{"id":15773,"date":"2026-02-27T00:27:43","date_gmt":"2026-02-27T00:27:43","guid":{"rendered":"https:\/\/nordicmart.andreevmaster.com\/product\/songmics-tvattkorg-4-x-35-l-gra\/"},"modified":"2026-02-27T08:18:45","modified_gmt":"2026-02-27T08:18:45","slug":"songmics-tvattkorg-4-x-35-l-gra","status":"publish","type":"product","link":"https:\/\/nordicmart.andreevmaster.com\/sv\/produkt\/songmics-tvattkorg-4-x-35-l-gra\/","title":{"rendered":"SONGMICS tv\u00e4ttkorg 4 x 35 L gr\u00e5"},"content":{"rendered":"<p>Vilka \u00e4r f\u00f6rdelarna med SONGMICS tv\u00e4ttvagn? H\u00f6g kvalitet: Tv\u00e4ttvagnen \u00e4r tillverkad av pulverlackerade metallr\u00f6r och \u00e4r stabil och robust, s\u00e5 att du kan ha gl\u00e4dje av den i m\u00e5nga \u00e5r. P\u00e5sarna \u00e4r tillverkade av 600D polyester, h\u00e5llbara och slitstarka. Testet av T\u00dcV Rheinland, d\u00e4r tyget kontrollerades med avseende p\u00e5 halten av vissa kemikalier som anges i bilaga XVII till EU:s REACH-f\u00f6rordning, utgjorde inget hinder f\u00f6r tygp\u00e5sarna i tv\u00e4ttkorgarna (rapportnr: 1160038907a-001). Samla in din tv\u00e4tt snabbt: Tack vare 4 tunga hjul kan du rulla denna tv\u00e4ttvagn fr\u00e5n ett rum till ett annat och samtidigt l\u00e4gga dina kl\u00e4der, s\u00e4ngkl\u00e4der etc. i p\u00e5sarna. Sortera och f\u00f6rvara smutsig tv\u00e4tt: Med de 4 separata tygp\u00e5sarna kan du sortera din tv\u00e4tt efter f\u00e4rg eller material, s\u00e5 du beh\u00f6ver inte oroa dig f\u00f6r att ljusa tv\u00e4ttplagg ska f\u00e4rgas av de m\u00f6rka. Dessutom beh\u00f6ver dina \u00f6mt\u00e5liga kl\u00e4der inte ligga tillsammans med svettiga tr\u00e4ningskl\u00e4der i samma korg. Med denna tv\u00e4ttkorg blir tv\u00e4ttdagen en barnlek! Produktdetaljer: F\u00e4rg: Gr\u00e5 Material: Pulverlackerade j\u00e4rnr\u00f6r, 600D polyester, nylonhjul Totalstorlek: 87,5 x 38,5 x (67-81) cm (L x B x H) Vikt: 4,5 kg Leveransomfattning: 1 x tv\u00e4ttkorg med 4 tygp\u00e5sar 1 x p\u00e5se med tillbeh\u00f6r 1 x bruksanvisning (DE, EN, ES, FR, IT)<\/p>\n","protected":false},"excerpt":{"rendered":"<p>SONGMICS tv\u00e4ttkorg, tv\u00e4ttsamlare med 4 avtagbara tygp\u00e5sar, tv\u00e4ttbeh\u00e5llare p\u00e5 hjul, tv\u00e4ttsorterare, stabil, 4 x 35 liter, svart LSF005<\/p>\n","protected":false},"featured_media":43514,"comment_status":"open","ping_status":"closed","template":"","meta":[],"product_brand":[],"product_cat":[33],"product_tag":[],"class_list":{"0":"post-15773","1":"product","2":"type-product","3":"status-publish","4":"has-post-thumbnail","6":"product_cat-okategoriserad","8":"first","9":"instock","10":"shipping-taxable","11":"purchasable","12":"product-type-simple"},"_links":{"self":[{"href":"https:\/\/nordicmart.andreevmaster.com\/sv\/wp-json\/wp\/v2\/product\/15773","targetHints":{"allow":["GET"]}}],"collection":[{"href":"https:\/\/nordicmart.andreevmaster.com\/sv\/wp-json\/wp\/v2\/product"}],"about":[{"href":"https:\/\/nordicmart.andreevmaster.com\/sv\/wp-json\/wp\/v2\/types\/product"}],"replies":[{"embeddable":true,"href":"https:\/\/nordicmart.andreevmaster.com\/sv\/wp-json\/wp\/v2\/comments?post=15773"}],"wp:featuredmedia":[{"embeddable":true,"href":"https:\/\/nordicmart.andreevmaster.com\/sv\/wp-json\/wp\/v2\/media\/43514"}],"wp:attachment":[{"href":"https:\/\/nordicmart.andreevmaster.com\/sv\/wp-json\/wp\/v2\/media?parent=15773"}],"wp:term":[{"taxonomy":"product_brand","embeddable":true,"href":"https:\/\/nordicmart.andreevmaster.com\/sv\/wp-json\/wp\/v2\/product_brand?post=15773"},{"taxonomy":"product_cat","embeddable":true,"href":"https:\/\/nordicmart.andreevmaster.com\/sv\/wp-json\/wp\/v2\/product_cat?post=15773"},{"taxonomy":"product_tag","embeddable":true,"href":"https:\/\/nordicmart.andreevmaster.com\/sv\/wp-json\/wp\/v2\/product_tag?post=15773"}],"curies":[{"name":"wp","href":"https:\/\/api.w.org\/{rel}","templated":true}]}}