{"id":15772,"date":"2026-02-27T00:27:43","date_gmt":"2026-02-27T00:27:43","guid":{"rendered":"https:\/\/nordicmart.andreevmaster.com\/product\/songmics-tvattkorg-med-4-fack-svart\/"},"modified":"2026-02-27T08:18:45","modified_gmt":"2026-02-27T08:18:45","slug":"songmics-tvattkorg-med-4-fack-svart","status":"publish","type":"product","link":"https:\/\/nordicmart.andreevmaster.com\/sv\/produkt\/songmics-tvattkorg-med-4-fack-svart\/","title":{"rendered":"SONGMICS tv\u00e4ttkorg med 4 fack, svart"},"content":{"rendered":"<p>Denna tv\u00e4ttkorg i elegant, trendig stil \u00e4r idealisk f\u00f6r att f\u00f6rvara och sortera din tv\u00e4tt f\u00f6re tv\u00e4tt! Den rullbara tv\u00e4ttkorgen \u00e4r tillverkad av ett robust metallstativ och f\u00f6rtjockat, slitstarkt 600D-polyestertyg. Rullarna som \u00e4r kopplade till hjulen \u00e4r extra tjocka (22 mm) och ger ramen h\u00f6g stabilitet. De stabila krokarna \u00e4r praktiska f\u00f6r att transportera tv\u00e4tten. Tack vare de 4 praktiska facken med en kapacitet p\u00e5 32 liter vardera kan tv\u00e4tten enkelt sorteras. Oavsett om den st\u00e5r i k\u00f6ket, badrummet eller sovrummet \u00e4r den aldrig i v\u00e4gen tack vare sina 4 hjul och passar \u00e4ven in i nischer tack vare sin enkla och slanka design. N\u00e4r den inte anv\u00e4nds kan uppsamlaren f\u00e4llas ihop och f\u00f6rvaras p\u00e5 ett utrymmesbesparande s\u00e4tt. Produktdetaljer: &#8211; Ramens material: j\u00e4rnr\u00f6r + plastbel\u00e4ggning &#8211; Tv\u00e4tts\u00e4ckens material: 100 % polyester 600 D &#8211; Produktm\u00e5tt: H\u00f6jd: 67 cm (fram) &#8211; 81 cm (bak) ; L\u00e4ngd: 87,5 cm ; Bredd: 38,5 cm &#8211; M\u00e5tt p\u00e5 p\u00e5sen: H\u00f6jd: 44,5 cm (fram) &#8211; 57,5 cm (bak) ; L\u00e4ngd: 36 cm ; Bredd: 21 cm &#8211; F\u00e4rg: svart &#8211; F\u00f6rpackningens m\u00e5tt: 44 x 10 x 33 cm (B x H x D) &#8211; Vikt: 4,74 kg Leveransomfattning:  &#8211; 1 x tv\u00e4ttvagn &#8211; 1 x bruksanvisning (DE, FR, EN, IT, ES)<\/p>\n","protected":false},"excerpt":{"rendered":"<p>SONGMICS tv\u00e4ttkorg, tv\u00e4ttsamlare med 4 avtagbara tygp\u00e5sar, tv\u00e4ttbeh\u00e5llare p\u00e5 hjul, tv\u00e4ttsorterare, stabil, 4 x 35 liter, svart LSF005<\/p>\n","protected":false},"featured_media":0,"comment_status":"open","ping_status":"closed","template":"","meta":[],"product_brand":[],"product_cat":[33],"product_tag":[],"class_list":{"0":"post-15772","1":"product","2":"type-product","3":"status-publish","5":"product_cat-okategoriserad","7":"first","8":"instock","9":"shipping-taxable","10":"purchasable","11":"product-type-simple"},"_links":{"self":[{"href":"https:\/\/nordicmart.andreevmaster.com\/sv\/wp-json\/wp\/v2\/product\/15772","targetHints":{"allow":["GET"]}}],"collection":[{"href":"https:\/\/nordicmart.andreevmaster.com\/sv\/wp-json\/wp\/v2\/product"}],"about":[{"href":"https:\/\/nordicmart.andreevmaster.com\/sv\/wp-json\/wp\/v2\/types\/product"}],"replies":[{"embeddable":true,"href":"https:\/\/nordicmart.andreevmaster.com\/sv\/wp-json\/wp\/v2\/comments?post=15772"}],"wp:attachment":[{"href":"https:\/\/nordicmart.andreevmaster.com\/sv\/wp-json\/wp\/v2\/media?parent=15772"}],"wp:term":[{"taxonomy":"product_brand","embeddable":true,"href":"https:\/\/nordicmart.andreevmaster.com\/sv\/wp-json\/wp\/v2\/product_brand?post=15772"},{"taxonomy":"product_cat","embeddable":true,"href":"https:\/\/nordicmart.andreevmaster.com\/sv\/wp-json\/wp\/v2\/product_cat?post=15772"},{"taxonomy":"product_tag","embeddable":true,"href":"https:\/\/nordicmart.andreevmaster.com\/sv\/wp-json\/wp\/v2\/product_tag?post=15772"}],"curies":[{"name":"wp","href":"https:\/\/api.w.org\/{rel}","templated":true}]}}