{"id":15771,"date":"2026-02-27T00:27:42","date_gmt":"2026-02-27T00:27:42","guid":{"rendered":"https:\/\/nordicmart.andreevmaster.com\/product\/songmics-tvattsorterare-3-fack-beige\/"},"modified":"2026-02-27T08:18:45","modified_gmt":"2026-02-27T08:18:45","slug":"songmics-tvattsorterare-3-fack-beige","status":"publish","type":"product","link":"https:\/\/nordicmart.andreevmaster.com\/sv\/produkt\/songmics-tvattsorterare-3-fack-beige\/","title":{"rendered":"SONGMICS tv\u00e4ttsorterare 3 fack Beige"},"content":{"rendered":"<p>Det tar oftast f\u00f6r l\u00e5ng tid innan man har samlat ihop en tillr\u00e4cklig m\u00e4ngd m\u00f6rk och ljus tv\u00e4tt. Har du fortfarande inte hittat den perfekta beh\u00e5llaren som \u00e4r superrymlig och sorterbar s\u00e5 att din smutsiga tv\u00e4tt kan sorteras och samlas ihop p\u00e5 ett snyggt s\u00e4tt? Songmics superrymliga tv\u00e4ttvagn med 3 fickor g\u00f6r det m\u00f6jligt att organisera tv\u00e4tten p\u00e5 ett effektivt s\u00e4tt och kan eliminera de fula tv\u00e4ttstaplarna p\u00e5 golvet. Tv\u00e4ttvagnen med sm\u00e5 m\u00e5tt och stort f\u00f6rvaringsutrymme passar i alla rum, s\u00e5som vardagsrum, sovrum och badrum. Du kan inte bara l\u00e4gga tv\u00e4tt och handdukar i den, utan ocks\u00e5 leksaker och tidningar. Anvisningar: &#8211; L\u00e4s tv\u00e4ttetiketten innan du tv\u00e4ttar tv\u00e4ttp\u00e5sarna. L\u00e4gg inte v\u00e5t tv\u00e4tt i p\u00e5sarna. Skydda produkten fr\u00e5n h\u00f6ga temperaturer och direkt solljus.- Tv\u00e4ttp\u00e5sarna kan lukta \u201dnytt\u201d n\u00e4r de packas upp. Lukten f\u00f6rsvinner efter tv\u00e4tt och luftning. F\u00f6rkromat metallstativ, r\u00f6r p\u00e5 sidan \u00d8 22 mm, r\u00f6r \u00d8 i mitten 19 mm. Denna robusta tv\u00e4ttvagn, som \u00e4r konstruerad av f\u00f6rst\u00e4rkta st\u00e4nger, kombinerar god stabilitet under h\u00f6g belastning med h\u00f6g rostbest\u00e4ndighet. St\u00e4ngerna med l\u00e5sfj\u00e4drar g\u00f6r monteringen enkel och tidsbesparande. Det nedre st\u00e4llet f\u00e4sts med 3 tv\u00e4rst\u00e4nger, vilket g\u00f6r hela vagnen robust och stabil. Produktdetaljer: &#8211; Material: f\u00f6rkromat j\u00e4rnr\u00f6r, p\u00e5se av polyester 600 D, Rullar &#8211; F\u00e4rg: silver (stativ), beige (tv\u00e4ttp\u00e5se) &#8211; Produktm\u00e5tt: 77 x 81,5 x 41 cm (B x H x D) &#8211; M\u00e5tt p\u00e5 p\u00e5sen: 34 x 55 x 24 cm (B x H x D) &#8211; Nettovikt: 4,7 kg &#8211; Bruttovikt: 5,0 kg<\/p>\n","protected":false},"excerpt":{"rendered":"<p>SONGMICS tv\u00e4ttkorg, tv\u00e4ttsamlare med 3 avtagbara tygp\u00e5sar, tv\u00e4ttbeh\u00e5llare p\u00e5 hjul, tv\u00e4ttsorterare, stabil, 3 x 44 liter, beige LSF003S<\/p>\n","protected":false},"featured_media":43513,"comment_status":"open","ping_status":"closed","template":"","meta":[],"product_brand":[],"product_cat":[33],"product_tag":[],"class_list":{"0":"post-15771","1":"product","2":"type-product","3":"status-publish","4":"has-post-thumbnail","6":"product_cat-okategoriserad","8":"first","9":"instock","10":"shipping-taxable","11":"purchasable","12":"product-type-simple"},"_links":{"self":[{"href":"https:\/\/nordicmart.andreevmaster.com\/sv\/wp-json\/wp\/v2\/product\/15771","targetHints":{"allow":["GET"]}}],"collection":[{"href":"https:\/\/nordicmart.andreevmaster.com\/sv\/wp-json\/wp\/v2\/product"}],"about":[{"href":"https:\/\/nordicmart.andreevmaster.com\/sv\/wp-json\/wp\/v2\/types\/product"}],"replies":[{"embeddable":true,"href":"https:\/\/nordicmart.andreevmaster.com\/sv\/wp-json\/wp\/v2\/comments?post=15771"}],"wp:featuredmedia":[{"embeddable":true,"href":"https:\/\/nordicmart.andreevmaster.com\/sv\/wp-json\/wp\/v2\/media\/43513"}],"wp:attachment":[{"href":"https:\/\/nordicmart.andreevmaster.com\/sv\/wp-json\/wp\/v2\/media?parent=15771"}],"wp:term":[{"taxonomy":"product_brand","embeddable":true,"href":"https:\/\/nordicmart.andreevmaster.com\/sv\/wp-json\/wp\/v2\/product_brand?post=15771"},{"taxonomy":"product_cat","embeddable":true,"href":"https:\/\/nordicmart.andreevmaster.com\/sv\/wp-json\/wp\/v2\/product_cat?post=15771"},{"taxonomy":"product_tag","embeddable":true,"href":"https:\/\/nordicmart.andreevmaster.com\/sv\/wp-json\/wp\/v2\/product_tag?post=15771"}],"curies":[{"name":"wp","href":"https:\/\/api.w.org\/{rel}","templated":true}]}}