{"id":15769,"date":"2026-02-27T00:27:42","date_gmt":"2026-02-27T00:27:42","guid":{"rendered":"https:\/\/nordicmart.andreevmaster.com\/product\/songmics-tygskap-med-kladstang-och-metallram\/"},"modified":"2026-02-27T08:18:44","modified_gmt":"2026-02-27T08:18:44","slug":"songmics-tygskap-med-kladstang-och-metallram","status":"publish","type":"product","link":"https:\/\/nordicmart.andreevmaster.com\/sv\/produkt\/songmics-tygskap-med-kladstang-och-metallram\/","title":{"rendered":"SONGMICS tygsk\u00e5p med kl\u00e4dst\u00e5ng och metallram"},"content":{"rendered":"<p>SONGMICS kl\u00e4dsk\u00e5p, XXL hopf\u00e4llbart sk\u00e5p, tygsk\u00e5p med kl\u00e4dst\u00e5ng och 3 upprullningsbara d\u00f6rrar, camping sk\u00e5p, 175 x 150 x 45 cm, beige LSF03M<br \/>\nF\u00e4rg: marinbl\u00e5<br \/>\nMaterial: 120 g\/m\u00b2 non-woven-tyg, 16 mm metallr\u00f6r, koppling av PP-plast<br \/>\nStorlek: 45 x 150 x 175 cm (D x B x H)<br \/>\nVikt: 5,3 kg<br \/>\nMax. statisk belastningskapacitet per hylla: 5 kg<br \/>\nMax. statisk belastningskapacitet f\u00f6r kl\u00e4dst\u00e5ngen: 15 kg<\/p>\n","protected":false},"excerpt":{"rendered":"<p>SONGMICS kl\u00e4dsk\u00e5p, XXL hopf\u00e4llbart sk\u00e5p, tygsk\u00e5p med kl\u00e4dst\u00e5ng och 3 upprullningsbara d\u00f6rrar, camping sk\u00e5p, 175 x 150 x 45 cm, beige LSF03M<\/p>\n","protected":false},"featured_media":43511,"comment_status":"open","ping_status":"closed","template":"","meta":[],"product_brand":[],"product_cat":[33],"product_tag":[],"class_list":{"0":"post-15769","1":"product","2":"type-product","3":"status-publish","4":"has-post-thumbnail","6":"product_cat-okategoriserad","8":"first","9":"instock","10":"shipping-taxable","11":"purchasable","12":"product-type-simple"},"_links":{"self":[{"href":"https:\/\/nordicmart.andreevmaster.com\/sv\/wp-json\/wp\/v2\/product\/15769","targetHints":{"allow":["GET"]}}],"collection":[{"href":"https:\/\/nordicmart.andreevmaster.com\/sv\/wp-json\/wp\/v2\/product"}],"about":[{"href":"https:\/\/nordicmart.andreevmaster.com\/sv\/wp-json\/wp\/v2\/types\/product"}],"replies":[{"embeddable":true,"href":"https:\/\/nordicmart.andreevmaster.com\/sv\/wp-json\/wp\/v2\/comments?post=15769"}],"wp:featuredmedia":[{"embeddable":true,"href":"https:\/\/nordicmart.andreevmaster.com\/sv\/wp-json\/wp\/v2\/media\/43511"}],"wp:attachment":[{"href":"https:\/\/nordicmart.andreevmaster.com\/sv\/wp-json\/wp\/v2\/media?parent=15769"}],"wp:term":[{"taxonomy":"product_brand","embeddable":true,"href":"https:\/\/nordicmart.andreevmaster.com\/sv\/wp-json\/wp\/v2\/product_brand?post=15769"},{"taxonomy":"product_cat","embeddable":true,"href":"https:\/\/nordicmart.andreevmaster.com\/sv\/wp-json\/wp\/v2\/product_cat?post=15769"},{"taxonomy":"product_tag","embeddable":true,"href":"https:\/\/nordicmart.andreevmaster.com\/sv\/wp-json\/wp\/v2\/product_tag?post=15769"}],"curies":[{"name":"wp","href":"https:\/\/api.w.org\/{rel}","templated":true}]}}