{"id":15767,"date":"2026-02-27T00:27:41","date_gmt":"2026-02-27T00:27:41","guid":{"rendered":"https:\/\/nordicmart.andreevmaster.com\/product\/songmics-tvattkorg-3-fack-2-pack-tvattkorg-med-hjul-gra\/"},"modified":"2026-02-27T08:18:44","modified_gmt":"2026-02-27T08:18:44","slug":"songmics-tvattkorg-3-fack-2-pack-tvattkorg-med-hjul-gra","status":"publish","type":"product","link":"https:\/\/nordicmart.andreevmaster.com\/sv\/produkt\/songmics-tvattkorg-3-fack-2-pack-tvattkorg-med-hjul-gra\/","title":{"rendered":"SONGMICS tv\u00e4ttkorg 3 fack, 2-pack, tv\u00e4ttkorg med hjul, gr\u00e5"},"content":{"rendered":"<p>Produktdetaljer:<br \/>\nF\u00e4rg: Gr\u00e5<br \/>\nMaterial: Pulverlackerade st\u00e5lr\u00f6r, fickor av 600D polyesterfiberv\u00e4v, nylonhjul<br \/>\nStorlek per tv\u00e4ttkorg: 77 x 41 x 81,5 cm (L x B x H)<br \/>\nStorlek per p\u00e5se: 34 x 24 x 55 cm (L x B x H)<br \/>\nVikt per tv\u00e4ttkorg: 4,7 kg<br \/>\nMax. statisk belastningskapacitet totalt per tv\u00e4ttsorterare: 30 kg<br \/>\nLeveransomfattning:<br \/>\n2 x tv\u00e4ttvagn med 3 fack<br \/>\n2 x tillbeh\u00f6rspaket<br \/>\n2 x bruksanvisning<br \/>\nSONGMICS Anm\u00e4rkningar:<br \/>\nF\u00f6rvara inte vassa f\u00f6rem\u00e5l i denna tv\u00e4ttkorg f\u00f6r att undvika skador eller personskador.<br \/>\nDen maximala statiska belastningen \u00e4r 30 kg. F\u00f6rvara inte tyngre f\u00f6rem\u00e5l i detta tv\u00e4ttsorteringssystem.<\/p>\n","protected":false},"excerpt":{"rendered":"<p>SONGMICS tv\u00e4ttkorg med 3 fack, 2-pack, tv\u00e4ttkorg med hjul, tv\u00e4ttsorterare, tv\u00e4ttsorteringssystem, tv\u00e4ttvagn med handtag, tv\u00e4ttp\u00e5se, avtagbara tygp\u00e5sar, gr\u00e5<\/p>\n","protected":false},"featured_media":43509,"comment_status":"open","ping_status":"closed","template":"","meta":[],"product_brand":[],"product_cat":[33],"product_tag":[],"class_list":{"0":"post-15767","1":"product","2":"type-product","3":"status-publish","4":"has-post-thumbnail","6":"product_cat-okategoriserad","8":"first","9":"instock","10":"shipping-taxable","11":"purchasable","12":"product-type-simple"},"_links":{"self":[{"href":"https:\/\/nordicmart.andreevmaster.com\/sv\/wp-json\/wp\/v2\/product\/15767","targetHints":{"allow":["GET"]}}],"collection":[{"href":"https:\/\/nordicmart.andreevmaster.com\/sv\/wp-json\/wp\/v2\/product"}],"about":[{"href":"https:\/\/nordicmart.andreevmaster.com\/sv\/wp-json\/wp\/v2\/types\/product"}],"replies":[{"embeddable":true,"href":"https:\/\/nordicmart.andreevmaster.com\/sv\/wp-json\/wp\/v2\/comments?post=15767"}],"wp:featuredmedia":[{"embeddable":true,"href":"https:\/\/nordicmart.andreevmaster.com\/sv\/wp-json\/wp\/v2\/media\/43509"}],"wp:attachment":[{"href":"https:\/\/nordicmart.andreevmaster.com\/sv\/wp-json\/wp\/v2\/media?parent=15767"}],"wp:term":[{"taxonomy":"product_brand","embeddable":true,"href":"https:\/\/nordicmart.andreevmaster.com\/sv\/wp-json\/wp\/v2\/product_brand?post=15767"},{"taxonomy":"product_cat","embeddable":true,"href":"https:\/\/nordicmart.andreevmaster.com\/sv\/wp-json\/wp\/v2\/product_cat?post=15767"},{"taxonomy":"product_tag","embeddable":true,"href":"https:\/\/nordicmart.andreevmaster.com\/sv\/wp-json\/wp\/v2\/product_tag?post=15767"}],"curies":[{"name":"wp","href":"https:\/\/api.w.org\/{rel}","templated":true}]}}