{"id":15762,"date":"2026-02-27T00:27:40","date_gmt":"2026-02-27T00:27:40","guid":{"rendered":"https:\/\/nordicmart.andreevmaster.com\/product\/songmics-elektriskt-hoj-och-sankbart-skrivbord-pastellgult-basvit\/"},"modified":"2026-02-27T08:18:43","modified_gmt":"2026-02-27T08:18:43","slug":"songmics-elektriskt-hoj-och-sankbart-skrivbord-pastellgult-basvit","status":"publish","type":"product","link":"https:\/\/nordicmart.andreevmaster.com\/sv\/produkt\/songmics-elektriskt-hoj-och-sankbart-skrivbord-pastellgult-basvit\/","title":{"rendered":"SONGMICS Elektriskt h\u00f6j- och s\u00e4nkbart skrivbord, pastellgult-basvit"},"content":{"rendered":"<p>H\u00f6j- och s\u00e4nkbart skrivbord, elektriskt, 70 x 160 x (72-120) cm, stegl\u00f6st justerbart, minnesfunktion med 4 h\u00f6jder, vintagebrunt-matt svart<br \/>\n&#8211; F\u00e4rg: Vintagebrun-matt svart<br \/>\n&#8211; Material: sp\u00e5nskiva, st\u00e5l, oxfordtyg<br \/>\n&#8211; Storlek: 70 x 160 x (72-120) cm (D x B x H)<br \/>\n&#8211; Vikt: 31,2 kg<br \/>\n&#8211; Max. statisk belastningskapacitet: 70 kg<\/p>\n","protected":false},"excerpt":{"rendered":"<p>H\u00f6j- och s\u00e4nkbart skrivbord, elektriskt, 70 x 160 x (72-120) cm, stegl\u00f6st justerbart, minnesfunktion med 4 h\u00f6jder, vintagebrunt-matt svart<\/p>\n","protected":false},"featured_media":43504,"comment_status":"open","ping_status":"closed","template":"","meta":[],"product_brand":[],"product_cat":[33],"product_tag":[],"class_list":{"0":"post-15762","1":"product","2":"type-product","3":"status-publish","4":"has-post-thumbnail","6":"product_cat-okategoriserad","8":"first","9":"instock","10":"shipping-taxable","11":"purchasable","12":"product-type-simple"},"_links":{"self":[{"href":"https:\/\/nordicmart.andreevmaster.com\/sv\/wp-json\/wp\/v2\/product\/15762","targetHints":{"allow":["GET"]}}],"collection":[{"href":"https:\/\/nordicmart.andreevmaster.com\/sv\/wp-json\/wp\/v2\/product"}],"about":[{"href":"https:\/\/nordicmart.andreevmaster.com\/sv\/wp-json\/wp\/v2\/types\/product"}],"replies":[{"embeddable":true,"href":"https:\/\/nordicmart.andreevmaster.com\/sv\/wp-json\/wp\/v2\/comments?post=15762"}],"wp:featuredmedia":[{"embeddable":true,"href":"https:\/\/nordicmart.andreevmaster.com\/sv\/wp-json\/wp\/v2\/media\/43504"}],"wp:attachment":[{"href":"https:\/\/nordicmart.andreevmaster.com\/sv\/wp-json\/wp\/v2\/media?parent=15762"}],"wp:term":[{"taxonomy":"product_brand","embeddable":true,"href":"https:\/\/nordicmart.andreevmaster.com\/sv\/wp-json\/wp\/v2\/product_brand?post=15762"},{"taxonomy":"product_cat","embeddable":true,"href":"https:\/\/nordicmart.andreevmaster.com\/sv\/wp-json\/wp\/v2\/product_cat?post=15762"},{"taxonomy":"product_tag","embeddable":true,"href":"https:\/\/nordicmart.andreevmaster.com\/sv\/wp-json\/wp\/v2\/product_tag?post=15762"}],"curies":[{"name":"wp","href":"https:\/\/api.w.org\/{rel}","templated":true}]}}