{"id":15760,"date":"2026-02-27T00:27:40","date_gmt":"2026-02-27T00:27:40","guid":{"rendered":"https:\/\/nordicmart.andreevmaster.com\/product\/vasagle-mobil-sidobord-med-hjul-och-dryckeshallare\/"},"modified":"2026-02-27T08:18:42","modified_gmt":"2026-02-27T08:18:42","slug":"vasagle-mobil-sidobord-med-hjul-och-dryckeshallare","status":"publish","type":"product","link":"https:\/\/nordicmart.andreevmaster.com\/sv\/produkt\/vasagle-mobil-sidobord-med-hjul-och-dryckeshallare\/","title":{"rendered":"VASAGLE Mobil sidobord med hjul och dryckesh\u00e5llare"},"content":{"rendered":"<p>VASAGLE sidobord med hjul, mobilt st\u00e5bord, 70 x 40 cm stor bordsskiva, justerbar h\u00f6jd, 2 dryckesh\u00e5llare, fack f\u00f6r mobiltelefon eller surfplatta, molnvit LSD600W01<br \/>\nF\u00e4rg: Molnvit<br \/>\nMaterial: st\u00e5l, tr\u00e4sp\u00e5nskiva, plast<br \/>\nStorlek: 70 x 40 x (65-102) cm (B x D x H)<br \/>\nVikt: 10,1 kg<br \/>\nMax. statisk belastningskapacitet: 20 kg<\/p>\n","protected":false},"excerpt":{"rendered":"<p>VASAGLE sidobord med hjul, mobilt st\u00e5bord, 70 x 40 cm stor bordsskiva, justerbar h\u00f6jd, 2 dryckesh\u00e5llare, fack f\u00f6r mobiltelefon eller surfplatta, molnvit LSD600W01<\/p>\n","protected":false},"featured_media":43502,"comment_status":"open","ping_status":"closed","template":"","meta":[],"product_brand":[],"product_cat":[33],"product_tag":[],"class_list":{"0":"post-15760","1":"product","2":"type-product","3":"status-publish","4":"has-post-thumbnail","6":"product_cat-okategoriserad","8":"first","9":"instock","10":"shipping-taxable","11":"purchasable","12":"product-type-simple"},"_links":{"self":[{"href":"https:\/\/nordicmart.andreevmaster.com\/sv\/wp-json\/wp\/v2\/product\/15760","targetHints":{"allow":["GET"]}}],"collection":[{"href":"https:\/\/nordicmart.andreevmaster.com\/sv\/wp-json\/wp\/v2\/product"}],"about":[{"href":"https:\/\/nordicmart.andreevmaster.com\/sv\/wp-json\/wp\/v2\/types\/product"}],"replies":[{"embeddable":true,"href":"https:\/\/nordicmart.andreevmaster.com\/sv\/wp-json\/wp\/v2\/comments?post=15760"}],"wp:featuredmedia":[{"embeddable":true,"href":"https:\/\/nordicmart.andreevmaster.com\/sv\/wp-json\/wp\/v2\/media\/43502"}],"wp:attachment":[{"href":"https:\/\/nordicmart.andreevmaster.com\/sv\/wp-json\/wp\/v2\/media?parent=15760"}],"wp:term":[{"taxonomy":"product_brand","embeddable":true,"href":"https:\/\/nordicmart.andreevmaster.com\/sv\/wp-json\/wp\/v2\/product_brand?post=15760"},{"taxonomy":"product_cat","embeddable":true,"href":"https:\/\/nordicmart.andreevmaster.com\/sv\/wp-json\/wp\/v2\/product_cat?post=15760"},{"taxonomy":"product_tag","embeddable":true,"href":"https:\/\/nordicmart.andreevmaster.com\/sv\/wp-json\/wp\/v2\/product_tag?post=15760"}],"curies":[{"name":"wp","href":"https:\/\/api.w.org\/{rel}","templated":true}]}}