{"id":15758,"date":"2026-02-27T00:27:39","date_gmt":"2026-02-27T00:27:39","guid":{"rendered":"https:\/\/nordicmart.andreevmaster.com\/product\/vasagle-elektriskt-hoj-och-sankbart-hornskrivbord-med-laddningsstation\/"},"modified":"2026-02-27T08:18:42","modified_gmt":"2026-02-27T08:18:42","slug":"vasagle-elektriskt-hoj-och-sankbart-hornskrivbord-med-laddningsstation","status":"publish","type":"product","link":"https:\/\/nordicmart.andreevmaster.com\/sv\/produkt\/vasagle-elektriskt-hoj-och-sankbart-hornskrivbord-med-laddningsstation\/","title":{"rendered":"VASAGLE Elektriskt h\u00f6j- och s\u00e4nkbart h\u00f6rnskrivbord med laddningsstation"},"content":{"rendered":"<p>VASAGLE Elektriskt h\u00f6j- och s\u00e4nkbart skrivbord, L-format h\u00f6rnskrivbord, 140 x 160 cm, med laddningsstation, minnesfunktion med 2 h\u00f6jder, f\u00f6r hemmakontoret, vintagebrunt-bl\u00e4svart LSD264K01<br \/>\nF\u00e4rg: Vintagebrun-bl\u00e4svart<br \/>\nMaterial: tr\u00e4sp\u00e5nskiva, st\u00e5l<br \/>\nStorlek: 140 x 160 x (72\u2013120) cm (D x B x H)<br \/>\nVikt: 32,9 kg<br \/>\nMax. statisk belastningskapacitet: 80 kg<\/p>\n","protected":false},"excerpt":{"rendered":"<p>VASAGLE Elektriskt h\u00f6j- och s\u00e4nkbart skrivbord, L-format h\u00f6rnskrivbord, 140 x 160 cm, med laddningsstation, minnesfunktion med 2 h\u00f6jder, f\u00f6r hemmakontoret, vintagebrunt-bl\u00e4svart LSD264K01<\/p>\n","protected":false},"featured_media":43500,"comment_status":"open","ping_status":"closed","template":"","meta":[],"product_brand":[],"product_cat":[33],"product_tag":[],"class_list":{"0":"post-15758","1":"product","2":"type-product","3":"status-publish","4":"has-post-thumbnail","6":"product_cat-okategoriserad","8":"first","9":"instock","10":"shipping-taxable","11":"purchasable","12":"product-type-simple"},"_links":{"self":[{"href":"https:\/\/nordicmart.andreevmaster.com\/sv\/wp-json\/wp\/v2\/product\/15758","targetHints":{"allow":["GET"]}}],"collection":[{"href":"https:\/\/nordicmart.andreevmaster.com\/sv\/wp-json\/wp\/v2\/product"}],"about":[{"href":"https:\/\/nordicmart.andreevmaster.com\/sv\/wp-json\/wp\/v2\/types\/product"}],"replies":[{"embeddable":true,"href":"https:\/\/nordicmart.andreevmaster.com\/sv\/wp-json\/wp\/v2\/comments?post=15758"}],"wp:featuredmedia":[{"embeddable":true,"href":"https:\/\/nordicmart.andreevmaster.com\/sv\/wp-json\/wp\/v2\/media\/43500"}],"wp:attachment":[{"href":"https:\/\/nordicmart.andreevmaster.com\/sv\/wp-json\/wp\/v2\/media?parent=15758"}],"wp:term":[{"taxonomy":"product_brand","embeddable":true,"href":"https:\/\/nordicmart.andreevmaster.com\/sv\/wp-json\/wp\/v2\/product_brand?post=15758"},{"taxonomy":"product_cat","embeddable":true,"href":"https:\/\/nordicmart.andreevmaster.com\/sv\/wp-json\/wp\/v2\/product_cat?post=15758"},{"taxonomy":"product_tag","embeddable":true,"href":"https:\/\/nordicmart.andreevmaster.com\/sv\/wp-json\/wp\/v2\/product_tag?post=15758"}],"curies":[{"name":"wp","href":"https:\/\/api.w.org\/{rel}","templated":true}]}}