{"id":15756,"date":"2026-02-27T00:27:39","date_gmt":"2026-02-27T00:27:39","guid":{"rendered":"https:\/\/nordicmart.andreevmaster.com\/product\/songmics-hoj-och-sankbart-skrivbord-med-dubbla-motorer\/"},"modified":"2026-02-27T08:18:41","modified_gmt":"2026-02-27T08:18:41","slug":"songmics-hoj-och-sankbart-skrivbord-med-dubbla-motorer","status":"publish","type":"product","link":"https:\/\/nordicmart.andreevmaster.com\/sv\/produkt\/songmics-hoj-och-sankbart-skrivbord-med-dubbla-motorer\/","title":{"rendered":"SONGMICS h\u00f6j- och s\u00e4nkbart skrivbord med dubbla motorer"},"content":{"rendered":"<p>F\u00f6rdelar med det elektriska skrivbordet: &#8211; H\u00f6jdjusterbart fr\u00e5n 71 till 117 cm f\u00f6r olika arbetsst\u00e4llningar &#8211; Snabb justeringshastighet 32 mm\/s med l\u00e5g ljudniv\u00e5 < 50 dB - Kvalitetsmotor f\u00f6r j\u00e4mn justering  Produktdetaljer: - F\u00e4rg: Vit - Material: Sp\u00e5nskiva, st\u00e5l - Storlek: 70 x 140 x (71-117) cm (D x B x H) - H\u00f6jdjustering: 69-115 cm - Ljudniv\u00e5: &lt; 50 dB - Justeringshastighet: 32 mm\/s - Max. statisk belastningskapacitet: 120 kg - Vikt: 35,8 kg  Leveransomfattning: - 1 x elektriskt bord - 1 x minne f\u00f6r h\u00f6jdinst\u00e4llningar - 1 x styrenhet - 2 x krokar - 4 x hjul - 1 x tillbeh\u00f6rspaket - 1 x bruksanvisning SONGMICS Anm\u00e4rkningar:- Produkten levereras i 2 paket. Var t\u00e5lmodig om du f\u00f6rst endast f\u00e5r ett paket. Det andra levereras inom kort. - Se till att bordets ram inte hindras under lyft- och s\u00e4nkningsprocessen. Placera inte bordet direkt mot en v\u00e4gg f\u00f6r att undvika repor p\u00e5 v\u00e4ggen.- Produkten \u00e4r endast avsedd f\u00f6r inomhusbruk. H\u00e5ll alla elektriska komponenter borta fr\u00e5n v\u00e4tskor. - Om bordet h\u00f6js eller s\u00e4nks i 2 minuter aktiveras \u00f6verhettningsskyddet automatiskt och du m\u00e5ste v\u00e4nta 18 minuter innan du kan anv\u00e4nda h\u00f6jdjusteringen igen.- Kollisionsskyddet skyddar husdjur och barn fr\u00e5n st\u00f6tar och repor. St\u00e4ll in k\u00e4nslighetsniv\u00e5n efter behov enligt anvisningarna. - Placera inga tunga f\u00f6rem\u00e5l som \u00f6verstiger den maximala belastningen p\u00e5 120 kg p\u00e5 produkten. - Se till att kontrollenheten \u00e4r v\u00e5gr\u00e4t innan du testar h\u00f6jdjusteringen. H\u00e5ll den inte i handen n\u00e4r du testar.\n<\/p>\n","protected":false},"excerpt":{"rendered":"<p>SONGMICS Elektriskt h\u00f6j- och s\u00e4nkbart skrivbord, 60 x 120 cm bordsskiva, dubbla motorer, stegl\u00f6st justerbar, minnesfunktion med 4 h\u00f6jder, kollisionsskydd, vintagebrun-svart LSD201X01<\/p>\n","protected":false},"featured_media":43498,"comment_status":"open","ping_status":"closed","template":"","meta":[],"product_brand":[],"product_cat":[33],"product_tag":[],"class_list":{"0":"post-15756","1":"product","2":"type-product","3":"status-publish","4":"has-post-thumbnail","6":"product_cat-okategoriserad","8":"first","9":"instock","10":"shipping-taxable","11":"purchasable","12":"product-type-simple"},"_links":{"self":[{"href":"https:\/\/nordicmart.andreevmaster.com\/sv\/wp-json\/wp\/v2\/product\/15756","targetHints":{"allow":["GET"]}}],"collection":[{"href":"https:\/\/nordicmart.andreevmaster.com\/sv\/wp-json\/wp\/v2\/product"}],"about":[{"href":"https:\/\/nordicmart.andreevmaster.com\/sv\/wp-json\/wp\/v2\/types\/product"}],"replies":[{"embeddable":true,"href":"https:\/\/nordicmart.andreevmaster.com\/sv\/wp-json\/wp\/v2\/comments?post=15756"}],"wp:featuredmedia":[{"embeddable":true,"href":"https:\/\/nordicmart.andreevmaster.com\/sv\/wp-json\/wp\/v2\/media\/43498"}],"wp:attachment":[{"href":"https:\/\/nordicmart.andreevmaster.com\/sv\/wp-json\/wp\/v2\/media?parent=15756"}],"wp:term":[{"taxonomy":"product_brand","embeddable":true,"href":"https:\/\/nordicmart.andreevmaster.com\/sv\/wp-json\/wp\/v2\/product_brand?post=15756"},{"taxonomy":"product_cat","embeddable":true,"href":"https:\/\/nordicmart.andreevmaster.com\/sv\/wp-json\/wp\/v2\/product_cat?post=15756"},{"taxonomy":"product_tag","embeddable":true,"href":"https:\/\/nordicmart.andreevmaster.com\/sv\/wp-json\/wp\/v2\/product_tag?post=15756"}],"curies":[{"name":"wp","href":"https:\/\/api.w.org\/{rel}","templated":true}]}}