{"id":15749,"date":"2026-02-27T00:27:37","date_gmt":"2026-02-27T00:27:37","guid":{"rendered":"https:\/\/nordicmart.andreevmaster.com\/product\/vasagle-hojbart-skrivbord-med-eldrift-60-x-140-x-72-120-cm\/"},"modified":"2026-02-27T08:18:40","modified_gmt":"2026-02-27T08:18:40","slug":"vasagle-hojbart-skrivbord-med-eldrift-60-x-140-x-72-120-cm","status":"publish","type":"product","link":"https:\/\/nordicmart.andreevmaster.com\/sv\/produkt\/vasagle-hojbart-skrivbord-med-eldrift-60-x-140-x-72-120-cm\/","title":{"rendered":"VASAGLE h\u00f6jbart skrivbord med eldrift 60 x 140 x (72-120) cm"},"content":{"rendered":"<p>VASAGLE Elektriskt h\u00f6j- och s\u00e4nkbart skrivbord, 60 x 140 x (72-120) cm, stegl\u00f6st justerbart, med monitorstativ, krokar, minnesfunktion<br \/>\nF\u00e4rg: halmgul<br \/>\nMaterial: sp\u00e5nskiva, st\u00e5l, oxfordtyg<br \/>\nStorlek: 60 x 140 x (72-120) cm (D x B x H)<br \/>\nVikt: 33,4 kg<br \/>\nMax. statisk totalbelastning: 80 kg<\/p>\n","protected":false},"excerpt":{"rendered":"<p>VASAGLE Elektriskt h\u00f6j- och s\u00e4nkbart skrivbord, 60 x 140 x (72-120) cm, stegl\u00f6st justerbart, med monitorstativ, krokar, minnesfunktion<\/p>\n","protected":false},"featured_media":0,"comment_status":"open","ping_status":"closed","template":"","meta":[],"product_brand":[],"product_cat":[33],"product_tag":[],"class_list":{"0":"post-15749","1":"product","2":"type-product","3":"status-publish","5":"product_cat-okategoriserad","7":"first","8":"instock","9":"shipping-taxable","10":"purchasable","11":"product-type-simple"},"_links":{"self":[{"href":"https:\/\/nordicmart.andreevmaster.com\/sv\/wp-json\/wp\/v2\/product\/15749","targetHints":{"allow":["GET"]}}],"collection":[{"href":"https:\/\/nordicmart.andreevmaster.com\/sv\/wp-json\/wp\/v2\/product"}],"about":[{"href":"https:\/\/nordicmart.andreevmaster.com\/sv\/wp-json\/wp\/v2\/types\/product"}],"replies":[{"embeddable":true,"href":"https:\/\/nordicmart.andreevmaster.com\/sv\/wp-json\/wp\/v2\/comments?post=15749"}],"wp:attachment":[{"href":"https:\/\/nordicmart.andreevmaster.com\/sv\/wp-json\/wp\/v2\/media?parent=15749"}],"wp:term":[{"taxonomy":"product_brand","embeddable":true,"href":"https:\/\/nordicmart.andreevmaster.com\/sv\/wp-json\/wp\/v2\/product_brand?post=15749"},{"taxonomy":"product_cat","embeddable":true,"href":"https:\/\/nordicmart.andreevmaster.com\/sv\/wp-json\/wp\/v2\/product_cat?post=15749"},{"taxonomy":"product_tag","embeddable":true,"href":"https:\/\/nordicmart.andreevmaster.com\/sv\/wp-json\/wp\/v2\/product_tag?post=15749"}],"curies":[{"name":"wp","href":"https:\/\/api.w.org\/{rel}","templated":true}]}}