{"id":15746,"date":"2026-02-27T00:27:36","date_gmt":"2026-02-27T00:27:36","guid":{"rendered":"https:\/\/nordicmart.andreevmaster.com\/product\/vasagle-skrivbord-hojbart-och-elektriskt-60-x-120-x-72-120-cm\/"},"modified":"2026-02-27T08:18:39","modified_gmt":"2026-02-27T08:18:39","slug":"vasagle-skrivbord-hojbart-och-elektriskt-60-x-120-x-72-120-cm","status":"publish","type":"product","link":"https:\/\/nordicmart.andreevmaster.com\/sv\/produkt\/vasagle-skrivbord-hojbart-och-elektriskt-60-x-120-x-72-120-cm\/","title":{"rendered":"VASAGLE Skrivbord h\u00f6jbart och elektriskt 60 x 120 x (72-120) cm"},"content":{"rendered":"<p>VASAGLE Elektriskt h\u00f6j- och s\u00e4nkbart skrivbord, 60 x 140 x (72-120) cm, stegl\u00f6st justerbart, med monitorstativ, krokar, minnesfunktion<br \/>\nF\u00e4rg: halmgul<br \/>\nMaterial: sp\u00e5nskiva, st\u00e5l, oxfordtyg<br \/>\nStorlek: 60 x 120 x (72-120) cm (D x B x H)<br \/>\nVikt: 31 kg<br \/>\nMax. statisk totalbelastning: 80 kg<\/p>\n","protected":false},"excerpt":{"rendered":"<p>VASAGLE Elektriskt h\u00f6j- och s\u00e4nkbart skrivbord, 60 x 140 x (72-120) cm, stegl\u00f6st justerbart, med monitorstativ, krokar, minnesfunktion<\/p>\n","protected":false},"featured_media":0,"comment_status":"open","ping_status":"closed","template":"","meta":[],"product_brand":[],"product_cat":[33],"product_tag":[],"class_list":{"0":"post-15746","1":"product","2":"type-product","3":"status-publish","5":"product_cat-okategoriserad","7":"first","8":"instock","9":"shipping-taxable","10":"purchasable","11":"product-type-simple"},"_links":{"self":[{"href":"https:\/\/nordicmart.andreevmaster.com\/sv\/wp-json\/wp\/v2\/product\/15746","targetHints":{"allow":["GET"]}}],"collection":[{"href":"https:\/\/nordicmart.andreevmaster.com\/sv\/wp-json\/wp\/v2\/product"}],"about":[{"href":"https:\/\/nordicmart.andreevmaster.com\/sv\/wp-json\/wp\/v2\/types\/product"}],"replies":[{"embeddable":true,"href":"https:\/\/nordicmart.andreevmaster.com\/sv\/wp-json\/wp\/v2\/comments?post=15746"}],"wp:attachment":[{"href":"https:\/\/nordicmart.andreevmaster.com\/sv\/wp-json\/wp\/v2\/media?parent=15746"}],"wp:term":[{"taxonomy":"product_brand","embeddable":true,"href":"https:\/\/nordicmart.andreevmaster.com\/sv\/wp-json\/wp\/v2\/product_brand?post=15746"},{"taxonomy":"product_cat","embeddable":true,"href":"https:\/\/nordicmart.andreevmaster.com\/sv\/wp-json\/wp\/v2\/product_cat?post=15746"},{"taxonomy":"product_tag","embeddable":true,"href":"https:\/\/nordicmart.andreevmaster.com\/sv\/wp-json\/wp\/v2\/product_tag?post=15746"}],"curies":[{"name":"wp","href":"https:\/\/api.w.org\/{rel}","templated":true}]}}