{"id":15744,"date":"2026-02-27T00:27:35","date_gmt":"2026-02-27T00:27:35","guid":{"rendered":"https:\/\/nordicmart.andreevmaster.com\/product\/hojdjusterbart-skrivbord-eldrivet-spanskiva-stal-oxford-tyg-ek-naturfarg-140-cm\/"},"modified":"2026-02-27T08:18:39","modified_gmt":"2026-02-27T08:18:39","slug":"hojdjusterbart-skrivbord-eldrivet-spanskiva-stal-oxford-tyg-ek-naturfarg-140-cm","status":"publish","type":"product","link":"https:\/\/nordicmart.andreevmaster.com\/sv\/produkt\/hojdjusterbart-skrivbord-eldrivet-spanskiva-stal-oxford-tyg-ek-naturfarg-140-cm\/","title":{"rendered":"H\u00f6jdjusterbart skrivbord, eldrivet, sp\u00e5nskiva, st\u00e5l, Oxford-tyg, ek naturf\u00e4rg, 140 cm."},"content":{"rendered":"<p>[Multifunktionsreglage] Med upp- och nedknapparna kan du justera bordets h\u00f6jd mellan 72 och 120 cm. Tack vare minnesfunktionen kan du spara fyra \u00f6nskade h\u00f6jder. Bordet har \u00e4ven en USB-port f\u00f6r laddning av mobiltelefoner.[Organiserare och krokar p\u00e5 sidorna] V\u00e4xlingsbar tygorganiserare f\u00f6r b\u00f6cker och pappersvaror, en dubbelkrok f\u00f6r h\u00f6rlurar och v\u00e4skor. Ingenting fr\u00e4mjar koncentrationen mer \u00e4n ett snyggt skrivbord!<\/p>\n<p>[Kollisionsskydd] Av s\u00e4kerhetssk\u00e4l stoppar h\u00f6jdjusteringsmekanismen och drar in det h\u00f6jdjusterbara bordsunderredet elektriskt n\u00e5got n\u00e4r det kolliderar med ett h\u00e5rt hinder under k\u00f6rning.[Stabil och tyst] Tack vare dubbla st\u00f6dben, st\u00e5lf\u00f6tter och justerbara ben som kan ers\u00e4ttas med fyra hjul \u00e4r bordet stabilt och t\u00e5l upp till 80 kg. Det har ocks\u00e5 l\u00e5g ljudniv\u00e5 vid h\u00f6jdjustering.[Vad du f\u00e5r] H\u00f6jdjusterbart bord med tydliga instruktioner och m\u00e4rkta delar f\u00f6r enkel montering, hylla f\u00f6r str\u00f6mkabel och 2 h\u00e5l f\u00f6r kabeldragning som garanterar snygg kabelhantering.<br \/>\nProduktinformation:<br \/>\n&#8211; F\u00e4rg: Naturlig ek<br \/>\n&#8211; Material: sp\u00e5nskiva, st\u00e5l, Oxford-tyg<br \/>\n&#8211; Storlek: 60D x 160W x 120H cm (L x B x H)<br \/>\nvikt: 32 kg<br \/>\n&#8211; Maximal statisk totalbelastning: 80 kg<\/p>\n<p>Vad du f\u00e5r:<br \/>\n&#8211; 1 x skrivbord<br \/>\n&#8211; 1 x adapter.- 1 x styrenhet<br \/>\n&#8211; 2 x krokar.<br \/>\n&#8211; 1 x tillbeh\u00f6rspaket.<br \/>\n&#8211; 1 x instruktioner<\/p>\n","protected":false},"excerpt":{"rendered":"<p>[Multifunktionsreglage] Med upp- och nedknapparna kan du justera bordets h\u00f6jd mellan 72 och 120 cm. Tack vare minnesfunktionen kan du spara fyra \u00f6nskade h\u00f6jder. Bordet har \u00e4ven en USB-port f\u00f6r laddning av mobiltelefoner.[Organiserare och krokar p\u00e5 sidorna] V\u00e4xlingsbar tygorganiserare f\u00f6r b\u00f6cker och pappersvaror, en dubbelkrok f\u00f6r h\u00f6rlurar och v\u00e4skor. Ingenting fr\u00e4mjar koncentrationen mer \u00e4n ett [&hellip;]<\/p>\n","protected":false},"featured_media":0,"comment_status":"open","ping_status":"closed","template":"","meta":[],"product_brand":[],"product_cat":[33],"product_tag":[],"class_list":{"0":"post-15744","1":"product","2":"type-product","3":"status-publish","5":"product_cat-okategoriserad","7":"first","8":"instock","9":"shipping-taxable","10":"product-type-simple"},"_links":{"self":[{"href":"https:\/\/nordicmart.andreevmaster.com\/sv\/wp-json\/wp\/v2\/product\/15744","targetHints":{"allow":["GET"]}}],"collection":[{"href":"https:\/\/nordicmart.andreevmaster.com\/sv\/wp-json\/wp\/v2\/product"}],"about":[{"href":"https:\/\/nordicmart.andreevmaster.com\/sv\/wp-json\/wp\/v2\/types\/product"}],"replies":[{"embeddable":true,"href":"https:\/\/nordicmart.andreevmaster.com\/sv\/wp-json\/wp\/v2\/comments?post=15744"}],"wp:attachment":[{"href":"https:\/\/nordicmart.andreevmaster.com\/sv\/wp-json\/wp\/v2\/media?parent=15744"}],"wp:term":[{"taxonomy":"product_brand","embeddable":true,"href":"https:\/\/nordicmart.andreevmaster.com\/sv\/wp-json\/wp\/v2\/product_brand?post=15744"},{"taxonomy":"product_cat","embeddable":true,"href":"https:\/\/nordicmart.andreevmaster.com\/sv\/wp-json\/wp\/v2\/product_cat?post=15744"},{"taxonomy":"product_tag","embeddable":true,"href":"https:\/\/nordicmart.andreevmaster.com\/sv\/wp-json\/wp\/v2\/product_tag?post=15744"}],"curies":[{"name":"wp","href":"https:\/\/api.w.org\/{rel}","templated":true}]}}