{"id":15743,"date":"2026-02-27T00:27:35","date_gmt":"2026-02-27T00:27:35","guid":{"rendered":"https:\/\/nordicmart.andreevmaster.com\/product\/songmics-elektriskt-hoj-och-sankbart-skrivbord-180-x-80-cm-molnvit\/"},"modified":"2026-02-27T08:18:39","modified_gmt":"2026-02-27T08:18:39","slug":"songmics-elektriskt-hoj-och-sankbart-skrivbord-180-x-80-cm-molnvit","status":"publish","type":"product","link":"https:\/\/nordicmart.andreevmaster.com\/sv\/produkt\/songmics-elektriskt-hoj-och-sankbart-skrivbord-180-x-80-cm-molnvit\/","title":{"rendered":"SONGMICS Elektriskt h\u00f6j- och s\u00e4nkbart skrivbord 180 x 80 cm molnvit"},"content":{"rendered":"<p>SONGMICS Elektriskt h\u00f6j- och s\u00e4nkbart skrivbord, 180 x 80 cm, justerbart bord, minnesfunktion f\u00f6r 4 h\u00f6jder, f\u00f6r kontor, vintagebrunt LSD138K01<br \/>\nF\u00e4rg: Molnvit<br \/>\nMaterial: sp\u00e5nskiva, st\u00e5l, oxfordtyg<br \/>\nStorlek: 80 x 180 x (72-120) cm (D x B x H)<br \/>\nVikt: 31,2 kg<br \/>\nMax. statisk belastningskapacitet: 70 kg<\/p>\n","protected":false},"excerpt":{"rendered":"<p>SONGMICS Elektriskt h\u00f6j- och s\u00e4nkbart skrivbord, 180 x 80 cm, justerbart bord, minnesfunktion f\u00f6r 4 h\u00f6jder, f\u00f6r kontor, vintagebrunt LSD138K01<\/p>\n","protected":false},"featured_media":0,"comment_status":"open","ping_status":"closed","template":"","meta":[],"product_brand":[],"product_cat":[33],"product_tag":[],"class_list":{"0":"post-15743","1":"product","2":"type-product","3":"status-publish","5":"product_cat-okategoriserad","7":"first","8":"instock","9":"shipping-taxable","10":"purchasable","11":"product-type-simple"},"_links":{"self":[{"href":"https:\/\/nordicmart.andreevmaster.com\/sv\/wp-json\/wp\/v2\/product\/15743","targetHints":{"allow":["GET"]}}],"collection":[{"href":"https:\/\/nordicmart.andreevmaster.com\/sv\/wp-json\/wp\/v2\/product"}],"about":[{"href":"https:\/\/nordicmart.andreevmaster.com\/sv\/wp-json\/wp\/v2\/types\/product"}],"replies":[{"embeddable":true,"href":"https:\/\/nordicmart.andreevmaster.com\/sv\/wp-json\/wp\/v2\/comments?post=15743"}],"wp:attachment":[{"href":"https:\/\/nordicmart.andreevmaster.com\/sv\/wp-json\/wp\/v2\/media?parent=15743"}],"wp:term":[{"taxonomy":"product_brand","embeddable":true,"href":"https:\/\/nordicmart.andreevmaster.com\/sv\/wp-json\/wp\/v2\/product_brand?post=15743"},{"taxonomy":"product_cat","embeddable":true,"href":"https:\/\/nordicmart.andreevmaster.com\/sv\/wp-json\/wp\/v2\/product_cat?post=15743"},{"taxonomy":"product_tag","embeddable":true,"href":"https:\/\/nordicmart.andreevmaster.com\/sv\/wp-json\/wp\/v2\/product_tag?post=15743"}],"curies":[{"name":"wp","href":"https:\/\/api.w.org\/{rel}","templated":true}]}}