{"id":15729,"date":"2026-02-27T00:27:32","date_gmt":"2026-02-27T00:27:32","guid":{"rendered":"https:\/\/nordicmart.andreevmaster.com\/product\/songmics-hoj-och-sankbart-skrivbord-elektriskt-60-x-110-x-72-120-cm\/"},"modified":"2026-02-27T08:18:36","modified_gmt":"2026-02-27T08:18:36","slug":"songmics-hoj-och-sankbart-skrivbord-elektriskt-60-x-110-x-72-120-cm","status":"publish","type":"product","link":"https:\/\/nordicmart.andreevmaster.com\/sv\/produkt\/songmics-hoj-och-sankbart-skrivbord-elektriskt-60-x-110-x-72-120-cm\/","title":{"rendered":"SONGMICS h\u00f6j- och s\u00e4nkbart skrivbord, elektriskt, 60 x 110 x (72-120) cm"},"content":{"rendered":"<p>SONGMICS Elektriskt h\u00f6j- och s\u00e4nkbart skrivbord, 60 x 120 x (72-120) cm, justerbart bord, minnesfunktion f\u00f6r 4 h\u00f6jder, f\u00f6r hemmakontor, arbetsrum, molnvit LSD132W01<br \/>\nF\u00e4rg: Bl\u00e4ksvart<br \/>\nMaterial: sp\u00e5nskiva, st\u00e5l, oxfordtyg<br \/>\nStorlek: 60 x 110 x (72-120) cm (D x B x H)<br \/>\nVikt: 20,7 kg<br \/>\nMax. statisk belastningskapacitet: 70 kg<\/p>\n","protected":false},"excerpt":{"rendered":"<p>SONGMICS Elektriskt h\u00f6j- och s\u00e4nkbart skrivbord, 60 x 120 x (72-120) cm, justerbart bord, minnesfunktion f\u00f6r 4 h\u00f6jder, f\u00f6r hemmakontor, arbetsrum, molnvit LSD132W01<\/p>\n","protected":false},"featured_media":43486,"comment_status":"open","ping_status":"closed","template":"","meta":[],"product_brand":[],"product_cat":[33],"product_tag":[],"class_list":{"0":"post-15729","1":"product","2":"type-product","3":"status-publish","4":"has-post-thumbnail","6":"product_cat-okategoriserad","8":"first","9":"instock","10":"shipping-taxable","11":"purchasable","12":"product-type-simple"},"_links":{"self":[{"href":"https:\/\/nordicmart.andreevmaster.com\/sv\/wp-json\/wp\/v2\/product\/15729","targetHints":{"allow":["GET"]}}],"collection":[{"href":"https:\/\/nordicmart.andreevmaster.com\/sv\/wp-json\/wp\/v2\/product"}],"about":[{"href":"https:\/\/nordicmart.andreevmaster.com\/sv\/wp-json\/wp\/v2\/types\/product"}],"replies":[{"embeddable":true,"href":"https:\/\/nordicmart.andreevmaster.com\/sv\/wp-json\/wp\/v2\/comments?post=15729"}],"wp:featuredmedia":[{"embeddable":true,"href":"https:\/\/nordicmart.andreevmaster.com\/sv\/wp-json\/wp\/v2\/media\/43486"}],"wp:attachment":[{"href":"https:\/\/nordicmart.andreevmaster.com\/sv\/wp-json\/wp\/v2\/media?parent=15729"}],"wp:term":[{"taxonomy":"product_brand","embeddable":true,"href":"https:\/\/nordicmart.andreevmaster.com\/sv\/wp-json\/wp\/v2\/product_brand?post=15729"},{"taxonomy":"product_cat","embeddable":true,"href":"https:\/\/nordicmart.andreevmaster.com\/sv\/wp-json\/wp\/v2\/product_cat?post=15729"},{"taxonomy":"product_tag","embeddable":true,"href":"https:\/\/nordicmart.andreevmaster.com\/sv\/wp-json\/wp\/v2\/product_tag?post=15729"}],"curies":[{"name":"wp","href":"https:\/\/api.w.org\/{rel}","templated":true}]}}