{"id":15727,"date":"2026-02-27T00:27:31","date_gmt":"2026-02-27T00:27:31","guid":{"rendered":"https:\/\/nordicmart.andreevmaster.com\/product\/vasagle-elektriskt-hoj-och-sankbart-skrivbord-60-x-140-x-72-120-cm\/"},"modified":"2026-02-27T08:18:35","modified_gmt":"2026-02-27T08:18:35","slug":"vasagle-elektriskt-hoj-och-sankbart-skrivbord-60-x-140-x-72-120-cm","status":"publish","type":"product","link":"https:\/\/nordicmart.andreevmaster.com\/sv\/produkt\/vasagle-elektriskt-hoj-och-sankbart-skrivbord-60-x-140-x-72-120-cm\/","title":{"rendered":"VASAGLE Elektriskt h\u00f6j- och s\u00e4nkbart skrivbord 60 x 140 x (72-120) cm"},"content":{"rendered":"<p>VASAGLE Elektriskt h\u00f6j- och s\u00e4nkbart skrivbord, 72\u2013120 cm, bordsskiva 60 x 120 cm, minnesfunktion med 3 h\u00f6jder, med f\u00f6rvaringsfack och krokar<br \/>\n&#8211; F\u00e4rg: Mattvit-duvgr\u00e5<br \/>\n&#8211; Material: sp\u00e5nskiva, st\u00e5l, non-woven tyg<br \/>\n&#8211; Storlek: 60 x 140 x (72-120) cm (D x B x H)<br \/>\n&#8211; Vikt: 27,9 kg<br \/>\n&#8211; Maximal statisk belastningskapacitet totalt: 80 kg<\/p>\n","protected":false},"excerpt":{"rendered":"<p>VASAGLE Elektriskt h\u00f6j- och s\u00e4nkbart skrivbord, 72\u2013120 cm, bordsskiva 60 x 120 cm, minnesfunktion med 3 h\u00f6jder, med f\u00f6rvaringsfack och krokar<\/p>\n","protected":false},"featured_media":43485,"comment_status":"open","ping_status":"closed","template":"","meta":[],"product_brand":[],"product_cat":[33],"product_tag":[],"class_list":{"0":"post-15727","1":"product","2":"type-product","3":"status-publish","4":"has-post-thumbnail","6":"product_cat-okategoriserad","8":"first","9":"instock","10":"shipping-taxable","11":"purchasable","12":"product-type-simple"},"_links":{"self":[{"href":"https:\/\/nordicmart.andreevmaster.com\/sv\/wp-json\/wp\/v2\/product\/15727","targetHints":{"allow":["GET"]}}],"collection":[{"href":"https:\/\/nordicmart.andreevmaster.com\/sv\/wp-json\/wp\/v2\/product"}],"about":[{"href":"https:\/\/nordicmart.andreevmaster.com\/sv\/wp-json\/wp\/v2\/types\/product"}],"replies":[{"embeddable":true,"href":"https:\/\/nordicmart.andreevmaster.com\/sv\/wp-json\/wp\/v2\/comments?post=15727"}],"wp:featuredmedia":[{"embeddable":true,"href":"https:\/\/nordicmart.andreevmaster.com\/sv\/wp-json\/wp\/v2\/media\/43485"}],"wp:attachment":[{"href":"https:\/\/nordicmart.andreevmaster.com\/sv\/wp-json\/wp\/v2\/media?parent=15727"}],"wp:term":[{"taxonomy":"product_brand","embeddable":true,"href":"https:\/\/nordicmart.andreevmaster.com\/sv\/wp-json\/wp\/v2\/product_brand?post=15727"},{"taxonomy":"product_cat","embeddable":true,"href":"https:\/\/nordicmart.andreevmaster.com\/sv\/wp-json\/wp\/v2\/product_cat?post=15727"},{"taxonomy":"product_tag","embeddable":true,"href":"https:\/\/nordicmart.andreevmaster.com\/sv\/wp-json\/wp\/v2\/product_tag?post=15727"}],"curies":[{"name":"wp","href":"https:\/\/api.w.org\/{rel}","templated":true}]}}