{"id":15725,"date":"2026-02-27T00:27:31","date_gmt":"2026-02-27T00:27:31","guid":{"rendered":"https:\/\/nordicmart.andreevmaster.com\/product\/vasagle-hoj-och-sankbart-skrivbord-elektriskt\/"},"modified":"2026-02-27T08:18:35","modified_gmt":"2026-02-27T08:18:35","slug":"vasagle-hoj-och-sankbart-skrivbord-elektriskt","status":"publish","type":"product","link":"https:\/\/nordicmart.andreevmaster.com\/sv\/produkt\/vasagle-hoj-och-sankbart-skrivbord-elektriskt\/","title":{"rendered":"VASAGLE H\u00f6j- och s\u00e4nkbart skrivbord, elektriskt"},"content":{"rendered":"<p>VASAGLE Elektriskt h\u00f6j- och s\u00e4nkbart skrivbord, 72\u2013120 cm, bordsskiva 60 x 120 cm, minnesfunktion med 3 h\u00f6jder, med f\u00f6rvaringsfack och krokar<br \/>\n&#8211; F\u00e4rg: Mattvit-duvgr\u00e5<br \/>\n&#8211; Material: sp\u00e5nskiva, st\u00e5l, non-woven<br \/>\n&#8211; Storlek: 60 x 120 x (72-120) cm (D x B x H)<br \/>\n&#8211; Vikt: 25,7 kg<br \/>\n&#8211; Max. statisk totalbelastning: 80 kg<\/p>\n","protected":false},"excerpt":{"rendered":"<p>VASAGLE Elektriskt h\u00f6j- och s\u00e4nkbart skrivbord, 72\u2013120 cm, bordsskiva 60 x 120 cm, minnesfunktion med 3 h\u00f6jder, med f\u00f6rvaringsfack och krokar<\/p>\n","protected":false},"featured_media":43483,"comment_status":"open","ping_status":"closed","template":"","meta":[],"product_brand":[],"product_cat":[33],"product_tag":[],"class_list":{"0":"post-15725","1":"product","2":"type-product","3":"status-publish","4":"has-post-thumbnail","6":"product_cat-okategoriserad","8":"first","9":"instock","10":"shipping-taxable","11":"purchasable","12":"product-type-simple"},"_links":{"self":[{"href":"https:\/\/nordicmart.andreevmaster.com\/sv\/wp-json\/wp\/v2\/product\/15725","targetHints":{"allow":["GET"]}}],"collection":[{"href":"https:\/\/nordicmart.andreevmaster.com\/sv\/wp-json\/wp\/v2\/product"}],"about":[{"href":"https:\/\/nordicmart.andreevmaster.com\/sv\/wp-json\/wp\/v2\/types\/product"}],"replies":[{"embeddable":true,"href":"https:\/\/nordicmart.andreevmaster.com\/sv\/wp-json\/wp\/v2\/comments?post=15725"}],"wp:featuredmedia":[{"embeddable":true,"href":"https:\/\/nordicmart.andreevmaster.com\/sv\/wp-json\/wp\/v2\/media\/43483"}],"wp:attachment":[{"href":"https:\/\/nordicmart.andreevmaster.com\/sv\/wp-json\/wp\/v2\/media?parent=15725"}],"wp:term":[{"taxonomy":"product_brand","embeddable":true,"href":"https:\/\/nordicmart.andreevmaster.com\/sv\/wp-json\/wp\/v2\/product_brand?post=15725"},{"taxonomy":"product_cat","embeddable":true,"href":"https:\/\/nordicmart.andreevmaster.com\/sv\/wp-json\/wp\/v2\/product_cat?post=15725"},{"taxonomy":"product_tag","embeddable":true,"href":"https:\/\/nordicmart.andreevmaster.com\/sv\/wp-json\/wp\/v2\/product_tag?post=15725"}],"curies":[{"name":"wp","href":"https:\/\/api.w.org\/{rel}","templated":true}]}}