{"id":15724,"date":"2026-02-27T00:27:31","date_gmt":"2026-02-27T00:27:31","guid":{"rendered":"https:\/\/nordicmart.andreevmaster.com\/product\/songmics-hoj-och-sankbart-skrivbord-utan-skiva-med-motor\/"},"modified":"2026-02-27T08:18:35","modified_gmt":"2026-02-27T08:18:35","slug":"songmics-hoj-och-sankbart-skrivbord-utan-skiva-med-motor","status":"publish","type":"product","link":"https:\/\/nordicmart.andreevmaster.com\/sv\/produkt\/songmics-hoj-och-sankbart-skrivbord-utan-skiva-med-motor\/","title":{"rendered":"SONGMICS H\u00f6j- och s\u00e4nkbart skrivbord utan skiva med motor"},"content":{"rendered":"<p>Produktdetaljer: F\u00e4rg: Svart Material: St\u00e5l Ljudniv\u00e5: &lt;50db Justeringshastighet: 25 mm\/s Maximal statisk belastningskapacitet: 100 kg H\u00f6jdjustering: 73-118 cm Passar f\u00f6r bordsskivor: 120-180 cm l\u00e5nga, 60-80 cm breda Vikt: 27,5 kgLeveransomfattning:1 x elektrisk skrivbordsstativ (inklusive motor och drivst\u00e5ng)1 x adapter1 x fj\u00e4rrkontroll1 x tillbeh\u00f6rspaket1 x bruksanvisning (DE, EN, IT, ES, FR)SONGMICS Anm\u00e4rkningar:Se till att skrivbordsstativet inte hindras under lyft- och s\u00e4nkningsprocessen. Placera inte bordet direkt mot en v\u00e4gg. Denna produkt \u00e4r endast avsedd f\u00f6r inomhusbruk. H\u00e5ll alla elektriska komponenter borta fr\u00e5n v\u00e4tskor. Anv\u00e4nd produkten i h\u00f6gst 2 minuter \u00e5t g\u00e5ngen. Efter denna tid b\u00f6r bordsramen inte flyttas p\u00e5 18 minuter f\u00f6r att undvika skador p\u00e5 motorn. Demontera inte produktens delar utan professionell r\u00e5dgivning. Placera inga tunga f\u00f6rem\u00e5l som \u00f6verstiger den maximala belastningskapaciteten p\u00e5 100 kg p\u00e5 produkten. Anv\u00e4nd inte uttag eller adaptrar med f\u00f6r h\u00f6g sp\u00e4nning.<\/p>\n","protected":false},"excerpt":{"rendered":"<p>SONGMICS bordsstativ, skrivbordsstativ, elektriskt skrivbord, bordsstativ med motor, stegl\u00f6s h\u00f6jdjustering, med minnesfunktion, justerbar l\u00e4ngd, st\u00e5l, svart, LSD11BK<\/p>\n","protected":false},"featured_media":43482,"comment_status":"open","ping_status":"closed","template":"","meta":[],"product_brand":[],"product_cat":[33],"product_tag":[],"class_list":{"0":"post-15724","1":"product","2":"type-product","3":"status-publish","4":"has-post-thumbnail","6":"product_cat-okategoriserad","8":"first","9":"instock","10":"shipping-taxable","11":"purchasable","12":"product-type-simple"},"_links":{"self":[{"href":"https:\/\/nordicmart.andreevmaster.com\/sv\/wp-json\/wp\/v2\/product\/15724","targetHints":{"allow":["GET"]}}],"collection":[{"href":"https:\/\/nordicmart.andreevmaster.com\/sv\/wp-json\/wp\/v2\/product"}],"about":[{"href":"https:\/\/nordicmart.andreevmaster.com\/sv\/wp-json\/wp\/v2\/types\/product"}],"replies":[{"embeddable":true,"href":"https:\/\/nordicmart.andreevmaster.com\/sv\/wp-json\/wp\/v2\/comments?post=15724"}],"wp:featuredmedia":[{"embeddable":true,"href":"https:\/\/nordicmart.andreevmaster.com\/sv\/wp-json\/wp\/v2\/media\/43482"}],"wp:attachment":[{"href":"https:\/\/nordicmart.andreevmaster.com\/sv\/wp-json\/wp\/v2\/media?parent=15724"}],"wp:term":[{"taxonomy":"product_brand","embeddable":true,"href":"https:\/\/nordicmart.andreevmaster.com\/sv\/wp-json\/wp\/v2\/product_brand?post=15724"},{"taxonomy":"product_cat","embeddable":true,"href":"https:\/\/nordicmart.andreevmaster.com\/sv\/wp-json\/wp\/v2\/product_cat?post=15724"},{"taxonomy":"product_tag","embeddable":true,"href":"https:\/\/nordicmart.andreevmaster.com\/sv\/wp-json\/wp\/v2\/product_tag?post=15724"}],"curies":[{"name":"wp","href":"https:\/\/api.w.org\/{rel}","templated":true}]}}