{"id":15723,"date":"2026-02-27T00:27:30","date_gmt":"2026-02-27T00:27:30","guid":{"rendered":"https:\/\/nordicmart.andreevmaster.com\/product\/vasagle-hoj-och-sankbart-skrivbord-med-elektrisk-minnesfunktion\/"},"modified":"2026-02-27T08:18:34","modified_gmt":"2026-02-27T08:18:34","slug":"vasagle-hoj-och-sankbart-skrivbord-med-elektrisk-minnesfunktion","status":"publish","type":"product","link":"https:\/\/nordicmart.andreevmaster.com\/sv\/produkt\/vasagle-hoj-och-sankbart-skrivbord-med-elektrisk-minnesfunktion\/","title":{"rendered":"VASAGLE h\u00f6j- och s\u00e4nkbart skrivbord med elektrisk minnesfunktion"},"content":{"rendered":"<p>VASAGLE Elektriskt h\u00f6j- och s\u00e4nkbart skrivbord, med eluttag och l\u00e5da, 60 x 140 cm bordsskiva, stegl\u00f6st justerbar, minnesfunktion med 4 h\u00f6jder, vit LSD114W01<br \/>\nF\u00e4rg: Vintagebrun-bl\u00e4ksvart<br \/>\nMaterial: Sp\u00e5nskiva, st\u00e5l<br \/>\nStorlek: 70 x 160 x (72-120) cm (D x B x H)<br \/>\nTjocklek p\u00e5 bordsskivan: 1,5 cm<br \/>\nLjudniv\u00e5: <50 dB\nJusteringshastighet: 25 mm\/s\nVikt: 34,1 kg\nMax. statisk belastningskapacitet: 80 kg\n\n<\/p>\n","protected":false},"excerpt":{"rendered":"<p>VASAGLE Elektriskt h\u00f6j- och s\u00e4nkbart skrivbord, med eluttag och l\u00e5da, 60 x 140 cm bordsskiva, stegl\u00f6st justerbar, minnesfunktion med 4 h\u00f6jder, vit LSD114W01<\/p>\n","protected":false},"featured_media":0,"comment_status":"open","ping_status":"closed","template":"","meta":[],"product_brand":[],"product_cat":[33],"product_tag":[],"class_list":{"0":"post-15723","1":"product","2":"type-product","3":"status-publish","5":"product_cat-okategoriserad","7":"first","8":"instock","9":"shipping-taxable","10":"purchasable","11":"product-type-simple"},"_links":{"self":[{"href":"https:\/\/nordicmart.andreevmaster.com\/sv\/wp-json\/wp\/v2\/product\/15723","targetHints":{"allow":["GET"]}}],"collection":[{"href":"https:\/\/nordicmart.andreevmaster.com\/sv\/wp-json\/wp\/v2\/product"}],"about":[{"href":"https:\/\/nordicmart.andreevmaster.com\/sv\/wp-json\/wp\/v2\/types\/product"}],"replies":[{"embeddable":true,"href":"https:\/\/nordicmart.andreevmaster.com\/sv\/wp-json\/wp\/v2\/comments?post=15723"}],"wp:attachment":[{"href":"https:\/\/nordicmart.andreevmaster.com\/sv\/wp-json\/wp\/v2\/media?parent=15723"}],"wp:term":[{"taxonomy":"product_brand","embeddable":true,"href":"https:\/\/nordicmart.andreevmaster.com\/sv\/wp-json\/wp\/v2\/product_brand?post=15723"},{"taxonomy":"product_cat","embeddable":true,"href":"https:\/\/nordicmart.andreevmaster.com\/sv\/wp-json\/wp\/v2\/product_cat?post=15723"},{"taxonomy":"product_tag","embeddable":true,"href":"https:\/\/nordicmart.andreevmaster.com\/sv\/wp-json\/wp\/v2\/product_tag?post=15723"}],"curies":[{"name":"wp","href":"https:\/\/api.w.org\/{rel}","templated":true}]}}