{"id":15706,"date":"2026-02-27T00:27:26","date_gmt":"2026-02-27T00:27:26","guid":{"rendered":"https:\/\/nordicmart.andreevmaster.com\/product\/songmics-sitt-sta-skrivbord-med-justerbar-hojd\/"},"modified":"2026-02-27T08:18:31","modified_gmt":"2026-02-27T08:18:31","slug":"songmics-sitt-sta-skrivbord-med-justerbar-hojd","status":"publish","type":"product","link":"https:\/\/nordicmart.andreevmaster.com\/sv\/produkt\/songmics-sitt-sta-skrivbord-med-justerbar-hojd\/","title":{"rendered":"SONGMICS sitt-st\u00e5-skrivbord med justerbar h\u00f6jd"},"content":{"rendered":"<p>Du beh\u00f6ver ett sitt-st\u00e5-skrivbord som kan anpassas efter din individuella kroppsl\u00e4ngd och dina behov, s\u00e5 att du fritt kan arbeta sittande eller st\u00e5ende efter behov f\u00f6r att skapa en optimal och ergonomisk arbetsmilj\u00f6. Om du har ont i rygg, axlar eller nacke efter att ha suttit l\u00e4nge beh\u00f6ver du SONGMICS st\u00e5bord: ett justerbart st\u00e5bord som ger dig mer komfort och frihet hemma och p\u00e5 arbetsplatsen. Lindring av nack-, axel- och ryggsm\u00e4rtor Denna skrivbordstillsats hj\u00e4lper dig att undvika att vrida eller komprimera ryggraden i timmar n\u00e4r du sitter. S\u00e5 kan du koncentrera dig b\u00e4ttre n\u00e4r du spelar dataspel eller jobbar.  Perfekt arbets- och spelutrymme V\u00e5ra stora och breda st\u00e5bord har ett h\u00f6gkvalitativt arbetsutrymme som rymmer din dator och kringutrustning, samt snabbjusteringshandtag s\u00e5 att du kan hitta r\u00e4tt h\u00f6jd f\u00f6r r\u00e4tt positionering av h\u00e4nder och handleder.   Produktdetaljer: &#8211; F\u00e4rg: svart &#8211; Material: j\u00e4rn, MDF-skiva &#8211; B\u00e4rkraft bordsskiva: upp till 15 kg &#8211; B\u00e4rkraft tangentbordsh\u00e5llare: upp till 2 kg &#8211; M\u00e5tt bordsskiva: 90 x 59 cm &#8211; Vikt: 2,264 kg &#8211; H\u00f6jdjustering: 15-50 cm Leveransomfattning: &#8211; 1 x sitt-st\u00e5-bord &#8211; 1 x tangentbordsh\u00e5llare &#8211; 1 x beslagsp\u00e5se &#8211; 1 x bruksanvisning (DE, EN, FR, ES, IT) SONGMICS Anm\u00e4rkningar: &#8211; \u00d6verbelasta inte produkten. &#8211; Produkten f\u00e5r inte komma i kontakt med vassa f\u00f6rem\u00e5l f\u00f6r att undvika skador p\u00e5 produkten.<\/p>\n","protected":false},"excerpt":{"rendered":"<p>SONGMICS sitt-st\u00e5-skrivbord h\u00f6j- och s\u00e4nkbart tillbeh\u00f6r st\u00e5arbetsplats monitorstativ med avtagbar tangentbordsh\u00e5llare, rymlig bordsskiva (90 x 59 cm) svart LSD07B<\/p>\n","protected":false},"featured_media":43468,"comment_status":"open","ping_status":"closed","template":"","meta":[],"product_brand":[],"product_cat":[33],"product_tag":[],"class_list":{"0":"post-15706","1":"product","2":"type-product","3":"status-publish","4":"has-post-thumbnail","6":"product_cat-okategoriserad","8":"first","9":"instock","10":"shipping-taxable","11":"purchasable","12":"product-type-simple"},"_links":{"self":[{"href":"https:\/\/nordicmart.andreevmaster.com\/sv\/wp-json\/wp\/v2\/product\/15706","targetHints":{"allow":["GET"]}}],"collection":[{"href":"https:\/\/nordicmart.andreevmaster.com\/sv\/wp-json\/wp\/v2\/product"}],"about":[{"href":"https:\/\/nordicmart.andreevmaster.com\/sv\/wp-json\/wp\/v2\/types\/product"}],"replies":[{"embeddable":true,"href":"https:\/\/nordicmart.andreevmaster.com\/sv\/wp-json\/wp\/v2\/comments?post=15706"}],"wp:featuredmedia":[{"embeddable":true,"href":"https:\/\/nordicmart.andreevmaster.com\/sv\/wp-json\/wp\/v2\/media\/43468"}],"wp:attachment":[{"href":"https:\/\/nordicmart.andreevmaster.com\/sv\/wp-json\/wp\/v2\/media?parent=15706"}],"wp:term":[{"taxonomy":"product_brand","embeddable":true,"href":"https:\/\/nordicmart.andreevmaster.com\/sv\/wp-json\/wp\/v2\/product_brand?post=15706"},{"taxonomy":"product_cat","embeddable":true,"href":"https:\/\/nordicmart.andreevmaster.com\/sv\/wp-json\/wp\/v2\/product_cat?post=15706"},{"taxonomy":"product_tag","embeddable":true,"href":"https:\/\/nordicmart.andreevmaster.com\/sv\/wp-json\/wp\/v2\/product_tag?post=15706"}],"curies":[{"name":"wp","href":"https:\/\/api.w.org\/{rel}","templated":true}]}}