{"id":15705,"date":"2026-02-27T00:27:26","date_gmt":"2026-02-27T00:27:26","guid":{"rendered":"https:\/\/nordicmart.andreevmaster.com\/product\/songmics-hoj-och-sankbart-sitt-och-stabord\/"},"modified":"2026-02-27T08:18:31","modified_gmt":"2026-02-27T08:18:31","slug":"songmics-hoj-och-sankbart-sitt-och-stabord","status":"publish","type":"product","link":"https:\/\/nordicmart.andreevmaster.com\/sv\/produkt\/songmics-hoj-och-sankbart-sitt-och-stabord\/","title":{"rendered":"SONGMICS H\u00f6j- och s\u00e4nkbart sitt- och st\u00e5bord"},"content":{"rendered":"<p>Produktdetaljer: &#8211; F\u00e4rg:  svart &#8211; Material:  MDF-skiva,  metallram &#8211; Storlek p\u00e5 bordsskivan:  95 x 40, 6 cm;    Tangentbordsplatta:  94 x 30, 5 cm &#8211; Max.  h\u00f6jd:  39, 5 cm &#8211; Vikt:  16, 4 kg &#8211; Belastbarhet:  Bordsskiva-15 kg;  Tangentbordsplatta \u2013 2 kg Leveransomfattning: &#8211; 1 x skrivbordstopp &#8211; 1 x tangentbordsplatta &#8211; 1 x tillbeh\u00f6rsp\u00e5se &#8211; 1 x bruksanvisning (DE,  EN,  FR,  ES,  IT) SONGMICS Anm\u00e4rkningar: &#8211; \u00d6verbelasta inte produkten.<\/p>\n","protected":false},"excerpt":{"rendered":"<p>SONGMICS H\u00f6j- och s\u00e4nkbart sitt- och st\u00e5bord, ergonomisk skrivbordsomvandlare f\u00f6r dator, b\u00e4rbar dator, med avtagbar tangentbordsplatta, stort skrivbordstillsats 95 x 40 cm, svart LSD06BK<\/p>\n","protected":false},"featured_media":43467,"comment_status":"open","ping_status":"closed","template":"","meta":[],"product_brand":[],"product_cat":[33],"product_tag":[],"class_list":{"0":"post-15705","1":"product","2":"type-product","3":"status-publish","4":"has-post-thumbnail","6":"product_cat-okategoriserad","8":"first","9":"instock","10":"shipping-taxable","11":"purchasable","12":"product-type-simple"},"_links":{"self":[{"href":"https:\/\/nordicmart.andreevmaster.com\/sv\/wp-json\/wp\/v2\/product\/15705","targetHints":{"allow":["GET"]}}],"collection":[{"href":"https:\/\/nordicmart.andreevmaster.com\/sv\/wp-json\/wp\/v2\/product"}],"about":[{"href":"https:\/\/nordicmart.andreevmaster.com\/sv\/wp-json\/wp\/v2\/types\/product"}],"replies":[{"embeddable":true,"href":"https:\/\/nordicmart.andreevmaster.com\/sv\/wp-json\/wp\/v2\/comments?post=15705"}],"wp:featuredmedia":[{"embeddable":true,"href":"https:\/\/nordicmart.andreevmaster.com\/sv\/wp-json\/wp\/v2\/media\/43467"}],"wp:attachment":[{"href":"https:\/\/nordicmart.andreevmaster.com\/sv\/wp-json\/wp\/v2\/media?parent=15705"}],"wp:term":[{"taxonomy":"product_brand","embeddable":true,"href":"https:\/\/nordicmart.andreevmaster.com\/sv\/wp-json\/wp\/v2\/product_brand?post=15705"},{"taxonomy":"product_cat","embeddable":true,"href":"https:\/\/nordicmart.andreevmaster.com\/sv\/wp-json\/wp\/v2\/product_cat?post=15705"},{"taxonomy":"product_tag","embeddable":true,"href":"https:\/\/nordicmart.andreevmaster.com\/sv\/wp-json\/wp\/v2\/product_tag?post=15705"}],"curies":[{"name":"wp","href":"https:\/\/api.w.org\/{rel}","templated":true}]}}