{"id":15704,"date":"2026-02-27T00:27:26","date_gmt":"2026-02-27T00:27:26","guid":{"rendered":"https:\/\/nordicmart.andreevmaster.com\/product\/songmics-sitt-och-stabord-hoj-och-sankbart\/"},"modified":"2026-02-27T08:18:31","modified_gmt":"2026-02-27T08:18:31","slug":"songmics-sitt-och-stabord-hoj-och-sankbart","status":"publish","type":"product","link":"https:\/\/nordicmart.andreevmaster.com\/sv\/produkt\/songmics-sitt-och-stabord-hoj-och-sankbart\/","title":{"rendered":"SONGMICS sitt- och st\u00e5bord, h\u00f6j- och s\u00e4nkbart"},"content":{"rendered":"<p>Skapa den perfekta ergonomiska arbetsplatsen med ett justerbart st\u00e5bord som kan anpassas efter dina specifika h\u00f6jd- och arbetsbehov. Om du \u00e4r tr\u00f6tt p\u00e5 att sitta vid skrivbordet i timmar med ont i ryggen, stela axlar och \u00f6m nacke, beh\u00f6ver du SONGMICS st\u00e5bord, ett justerbart st\u00e5bord som ger dig mer komfort och frihet b\u00e5de hemma och p\u00e5 arbetsplatsen. Lindring av nack-, axel- och ryggsm\u00e4rtor St\u00e5bord f\u00e5r dig \u00e4ntligen p\u00e5 f\u00f6tter och bort fr\u00e5n din bak! Genom att inte pressa ihop ryggraden i timmar kan st\u00e5bordet hj\u00e4lpa dig att koncentrera dig medan du spelar, arbetar eller bara handlar online. Idealisk arbets- och spelplats V\u00e5ra stora och breda st\u00e5bord har var och en en h\u00f6gkvalitativ arbetsyta som rymmer din dator och kringutrustning, och till och med ett snabbjusteringshandtag s\u00e5 att du kan hitta r\u00e4tt h\u00f6jd f\u00f6r r\u00e4tt positionering av hand och handled. Produktdetaljer: &#8211; F\u00e4rg: Svart &#8211; Material: Sp\u00e5nskiva, metallram &#8211; Storlek p\u00e5 bordsskivan: 79,5 x 54 cm &#8211; Max. h\u00f6jd: 40 cm &#8211; Vikt: 10,8 kg &#8211; Max. belastningskapacitet: 10 kg Leveransomfattning: &#8211; 1 x skrivbordstillsats SONGMICS Anm\u00e4rkningar: &#8211; \u00d6verbelasta inte produkten.<\/p>\n","protected":false},"excerpt":{"rendered":"<p>SONGMICS sitt-st\u00e5-skrivbord H\u00f6j- och s\u00e4nkbart skrivbordstill\u00e4gg, ergonomisk skrivbordsomvandlare f\u00f6r dator, b\u00e4rbar dator och kontorsmaterial, kompatibel med monitorh\u00e5llare, svart LSD02BK<\/p>\n","protected":false},"featured_media":43466,"comment_status":"open","ping_status":"closed","template":"","meta":[],"product_brand":[],"product_cat":[33],"product_tag":[],"class_list":{"0":"post-15704","1":"product","2":"type-product","3":"status-publish","4":"has-post-thumbnail","6":"product_cat-okategoriserad","8":"first","9":"instock","10":"shipping-taxable","11":"purchasable","12":"product-type-simple"},"_links":{"self":[{"href":"https:\/\/nordicmart.andreevmaster.com\/sv\/wp-json\/wp\/v2\/product\/15704","targetHints":{"allow":["GET"]}}],"collection":[{"href":"https:\/\/nordicmart.andreevmaster.com\/sv\/wp-json\/wp\/v2\/product"}],"about":[{"href":"https:\/\/nordicmart.andreevmaster.com\/sv\/wp-json\/wp\/v2\/types\/product"}],"replies":[{"embeddable":true,"href":"https:\/\/nordicmart.andreevmaster.com\/sv\/wp-json\/wp\/v2\/comments?post=15704"}],"wp:featuredmedia":[{"embeddable":true,"href":"https:\/\/nordicmart.andreevmaster.com\/sv\/wp-json\/wp\/v2\/media\/43466"}],"wp:attachment":[{"href":"https:\/\/nordicmart.andreevmaster.com\/sv\/wp-json\/wp\/v2\/media?parent=15704"}],"wp:term":[{"taxonomy":"product_brand","embeddable":true,"href":"https:\/\/nordicmart.andreevmaster.com\/sv\/wp-json\/wp\/v2\/product_brand?post=15704"},{"taxonomy":"product_cat","embeddable":true,"href":"https:\/\/nordicmart.andreevmaster.com\/sv\/wp-json\/wp\/v2\/product_cat?post=15704"},{"taxonomy":"product_tag","embeddable":true,"href":"https:\/\/nordicmart.andreevmaster.com\/sv\/wp-json\/wp\/v2\/product_tag?post=15704"}],"curies":[{"name":"wp","href":"https:\/\/api.w.org\/{rel}","templated":true}]}}