{"id":15697,"date":"2026-02-27T00:27:24","date_gmt":"2026-02-27T00:27:24","guid":{"rendered":"https:\/\/nordicmart.andreevmaster.com\/product\/vasagle-elektriskt-hoj-och-sankbart-skrivbord-med-minnesfunktion-svart\/"},"modified":"2026-02-27T08:18:29","modified_gmt":"2026-02-27T08:18:29","slug":"vasagle-elektriskt-hoj-och-sankbart-skrivbord-med-minnesfunktion-svart","status":"publish","type":"product","link":"https:\/\/nordicmart.andreevmaster.com\/sv\/produkt\/vasagle-elektriskt-hoj-och-sankbart-skrivbord-med-minnesfunktion-svart\/","title":{"rendered":"VASAGLE Elektriskt h\u00f6j- och s\u00e4nkbart skrivbord med minnesfunktion, svart"},"content":{"rendered":"<p>VASAGLE Elektriskt h\u00f6j- och s\u00e4nkbart skrivbord, bordsstativ, dubbla motorer, 3-faldiga teleskopben, minnesfunktion med 4 h\u00f6jder, vitt LSD020W01<br \/>\nF\u00e4rg: Svart<br \/>\nMaterial: St\u00e5l<br \/>\nStorlek: 68 x (110\u2013180) x (60\u2013125) cm (D x B x H)<br \/>\nH\u00f6jdjustering (utan bordsskiva): 60\u2013125 cm<br \/>\nLjudniv\u00e5: < 45 dB\nJusteringshastighet: 35 mm\/s\nVikt: 28,3 kg\nMax. statisk belastningskapacitet: 100 kg\n<\/p>\n","protected":false},"excerpt":{"rendered":"<p>VASAGLE Elektriskt h\u00f6j- och s\u00e4nkbart skrivbord, bordsstativ, dubbla motorer, 3-faldiga teleskopben, minnesfunktion med 4 h\u00f6jder, vitt LSD020W01<\/p>\n","protected":false},"featured_media":43462,"comment_status":"open","ping_status":"closed","template":"","meta":[],"product_brand":[],"product_cat":[33],"product_tag":[],"class_list":{"0":"post-15697","1":"product","2":"type-product","3":"status-publish","4":"has-post-thumbnail","6":"product_cat-okategoriserad","8":"first","9":"instock","10":"shipping-taxable","11":"purchasable","12":"product-type-simple"},"_links":{"self":[{"href":"https:\/\/nordicmart.andreevmaster.com\/sv\/wp-json\/wp\/v2\/product\/15697","targetHints":{"allow":["GET"]}}],"collection":[{"href":"https:\/\/nordicmart.andreevmaster.com\/sv\/wp-json\/wp\/v2\/product"}],"about":[{"href":"https:\/\/nordicmart.andreevmaster.com\/sv\/wp-json\/wp\/v2\/types\/product"}],"replies":[{"embeddable":true,"href":"https:\/\/nordicmart.andreevmaster.com\/sv\/wp-json\/wp\/v2\/comments?post=15697"}],"wp:featuredmedia":[{"embeddable":true,"href":"https:\/\/nordicmart.andreevmaster.com\/sv\/wp-json\/wp\/v2\/media\/43462"}],"wp:attachment":[{"href":"https:\/\/nordicmart.andreevmaster.com\/sv\/wp-json\/wp\/v2\/media?parent=15697"}],"wp:term":[{"taxonomy":"product_brand","embeddable":true,"href":"https:\/\/nordicmart.andreevmaster.com\/sv\/wp-json\/wp\/v2\/product_brand?post=15697"},{"taxonomy":"product_cat","embeddable":true,"href":"https:\/\/nordicmart.andreevmaster.com\/sv\/wp-json\/wp\/v2\/product_cat?post=15697"},{"taxonomy":"product_tag","embeddable":true,"href":"https:\/\/nordicmart.andreevmaster.com\/sv\/wp-json\/wp\/v2\/product_tag?post=15697"}],"curies":[{"name":"wp","href":"https:\/\/api.w.org\/{rel}","templated":true}]}}