{"id":15693,"date":"2026-02-27T00:27:23","date_gmt":"2026-02-27T00:27:23","guid":{"rendered":"https:\/\/nordicmart.andreevmaster.com\/product\/songmics-elektriskt-hoj-och-sankbart-skrivbord\/"},"modified":"2026-02-27T08:18:29","modified_gmt":"2026-02-27T08:18:29","slug":"songmics-elektriskt-hoj-och-sankbart-skrivbord","status":"publish","type":"product","link":"https:\/\/nordicmart.andreevmaster.com\/sv\/produkt\/songmics-elektriskt-hoj-och-sankbart-skrivbord\/","title":{"rendered":"SONGMICS Elektriskt h\u00f6j- och s\u00e4nkbart skrivbord"},"content":{"rendered":"<p>Detta elektriska bord \u00e4r h\u00f6j- och s\u00e4nkbart, vilket g\u00f6r det l\u00e4mpligt f\u00f6r alla familjemedlemmar och kan anv\u00e4ndas av b\u00e5de barn och vuxna. Om du inte vill sitta hela tiden kan du \u00e4ven arbeta st\u00e5ende vid detta bord, vilket avlastar ryggraden och f\u00f6rbr\u00e4nner fler kalorier. Perfekt f\u00f6r alla som m\u00e5ste sitta l\u00e4nge vid skrivbordet p\u00e5 kontoret eller i arbetsrummet. Ytterligare f\u00f6rdelar med detta elektriska skrivbordsstativ: H\u00f6jdjusterbart fr\u00e5n 73 till 118 cm f\u00f6r varierande kroppsst\u00e4llningar Snabb justeringshastighet 25 mm\/s med l\u00e5g ljudniv\u00e5 < 50 dB Kvalitetsmotor f\u00f6r j\u00e4mn justering Produktdetaljer:F\u00e4rg: Svart Material: St\u00e5l Storlek: 60 x (86-135) x (73-118) cm (D x B x H) H\u00f6jdjustering: 73-118 cm Ljudniv\u00e5: < 50 dB Justeringshastighet: 25 mm\/s Max. statisk belastningskapacitet: 80 kg Vikt: 22,3 kg Leveransomfattning: 1 x elektrisk skrivbordsstativ 1 x adapter 1 x styrenhet 2 x krokar 4 x hjul 1 x tillbeh\u00f6rspaket 1 x bruksanvisning SONGMICS Anm\u00e4rkningar:Se till att bordets stativ inte hindras under lyft- och s\u00e4nkningsprocessen. Placera inte bordet direkt mot en v\u00e4gg. Denna produkt \u00e4r endast avsedd f\u00f6r inomhusbruk. H\u00e5ll alla elektriska komponenter borta fr\u00e5n v\u00e4tskor. Anv\u00e4nd produkten i h\u00f6gst 2 minuter \u00e5t g\u00e5ngen. Efter denna tid b\u00f6r bordsramen inte r\u00f6ras p\u00e5 18 minuter f\u00f6r att undvika skador p\u00e5 motorn. Placera inga f\u00f6rem\u00e5l som \u00e4r h\u00f6gre \u00e4n 50 cm under bordet f\u00f6r att undvika skador under s\u00e4nkningsprocessen.\n<\/p>\n","protected":false},"excerpt":{"rendered":"<p>SONGMICS Elektriskt h\u00f6j- och s\u00e4nkbart skrivbord, bordsstativ, skrivbordsstativ, utan bordsskiva, med krokar, stegl\u00f6st justerbart, minnesfunktion, st\u00e5l, svart LSD018B01<\/p>\n","protected":false},"featured_media":43459,"comment_status":"open","ping_status":"closed","template":"","meta":[],"product_brand":[],"product_cat":[33],"product_tag":[],"class_list":{"0":"post-15693","1":"product","2":"type-product","3":"status-publish","4":"has-post-thumbnail","6":"product_cat-okategoriserad","8":"first","9":"instock","10":"shipping-taxable","11":"purchasable","12":"product-type-simple"},"_links":{"self":[{"href":"https:\/\/nordicmart.andreevmaster.com\/sv\/wp-json\/wp\/v2\/product\/15693","targetHints":{"allow":["GET"]}}],"collection":[{"href":"https:\/\/nordicmart.andreevmaster.com\/sv\/wp-json\/wp\/v2\/product"}],"about":[{"href":"https:\/\/nordicmart.andreevmaster.com\/sv\/wp-json\/wp\/v2\/types\/product"}],"replies":[{"embeddable":true,"href":"https:\/\/nordicmart.andreevmaster.com\/sv\/wp-json\/wp\/v2\/comments?post=15693"}],"wp:featuredmedia":[{"embeddable":true,"href":"https:\/\/nordicmart.andreevmaster.com\/sv\/wp-json\/wp\/v2\/media\/43459"}],"wp:attachment":[{"href":"https:\/\/nordicmart.andreevmaster.com\/sv\/wp-json\/wp\/v2\/media?parent=15693"}],"wp:term":[{"taxonomy":"product_brand","embeddable":true,"href":"https:\/\/nordicmart.andreevmaster.com\/sv\/wp-json\/wp\/v2\/product_brand?post=15693"},{"taxonomy":"product_cat","embeddable":true,"href":"https:\/\/nordicmart.andreevmaster.com\/sv\/wp-json\/wp\/v2\/product_cat?post=15693"},{"taxonomy":"product_tag","embeddable":true,"href":"https:\/\/nordicmart.andreevmaster.com\/sv\/wp-json\/wp\/v2\/product_tag?post=15693"}],"curies":[{"name":"wp","href":"https:\/\/api.w.org\/{rel}","templated":true}]}}