{"id":15685,"date":"2026-02-27T00:27:21","date_gmt":"2026-02-27T00:27:21","guid":{"rendered":"https:\/\/nordicmart.andreevmaster.com\/product\/songmics-elektriskt-hoj-och-sankbart-skrivbord-basvit-duvgra\/"},"modified":"2026-02-27T08:18:27","modified_gmt":"2026-02-27T08:18:27","slug":"songmics-elektriskt-hoj-och-sankbart-skrivbord-basvit-duvgra","status":"publish","type":"product","link":"https:\/\/nordicmart.andreevmaster.com\/sv\/produkt\/songmics-elektriskt-hoj-och-sankbart-skrivbord-basvit-duvgra\/","title":{"rendered":"SONGMICS Elektriskt h\u00f6j- och s\u00e4nkbart skrivbord, basvit-duvgr\u00e5"},"content":{"rendered":"<p>SONGMICS H\u00f6j- och s\u00e4nkbar skrivbord, elektrisk, stegl\u00f6st justerbar, lamellskiva, 4 h\u00f6jder sparade, tygp\u00e5se, 120 x 60 x (72-120) cm, av st\u00e5l, vintagebrun-svart LSD015X01<br \/>\nF\u00e4rg: basvit-duvgr\u00e5<br \/>\nMaterial: sp\u00e5nskiva, st\u00e5l, non-woven<br \/>\nStorlek: 60 x 120 x (72-120) cm (D x B x H)<br \/>\nBordsskivans tjocklek: 1,5 cm<br \/>\nVikt: 25,5 kg<br \/>\nMax. statisk belastningskapacitet: 70 kg<\/p>\n","protected":false},"excerpt":{"rendered":"<p>SONGMICS H\u00f6j- och s\u00e4nkbar skrivbord, elektrisk, stegl\u00f6st justerbar, lamellskiva, 4 h\u00f6jder sparade, tygp\u00e5se, 120 x 60 x (72-120) cm, av st\u00e5l, vintagebrun-svart LSD015X01<\/p>\n","protected":false},"featured_media":0,"comment_status":"open","ping_status":"closed","template":"","meta":[],"product_brand":[],"product_cat":[33],"product_tag":[],"class_list":{"0":"post-15685","1":"product","2":"type-product","3":"status-publish","5":"product_cat-okategoriserad","7":"first","8":"instock","9":"shipping-taxable","10":"purchasable","11":"product-type-simple"},"_links":{"self":[{"href":"https:\/\/nordicmart.andreevmaster.com\/sv\/wp-json\/wp\/v2\/product\/15685","targetHints":{"allow":["GET"]}}],"collection":[{"href":"https:\/\/nordicmart.andreevmaster.com\/sv\/wp-json\/wp\/v2\/product"}],"about":[{"href":"https:\/\/nordicmart.andreevmaster.com\/sv\/wp-json\/wp\/v2\/types\/product"}],"replies":[{"embeddable":true,"href":"https:\/\/nordicmart.andreevmaster.com\/sv\/wp-json\/wp\/v2\/comments?post=15685"}],"wp:attachment":[{"href":"https:\/\/nordicmart.andreevmaster.com\/sv\/wp-json\/wp\/v2\/media?parent=15685"}],"wp:term":[{"taxonomy":"product_brand","embeddable":true,"href":"https:\/\/nordicmart.andreevmaster.com\/sv\/wp-json\/wp\/v2\/product_brand?post=15685"},{"taxonomy":"product_cat","embeddable":true,"href":"https:\/\/nordicmart.andreevmaster.com\/sv\/wp-json\/wp\/v2\/product_cat?post=15685"},{"taxonomy":"product_tag","embeddable":true,"href":"https:\/\/nordicmart.andreevmaster.com\/sv\/wp-json\/wp\/v2\/product_tag?post=15685"}],"curies":[{"name":"wp","href":"https:\/\/api.w.org\/{rel}","templated":true}]}}