{"id":15684,"date":"2026-02-27T00:27:21","date_gmt":"2026-02-27T00:27:21","guid":{"rendered":"https:\/\/nordicmart.andreevmaster.com\/product\/songmics-hoj-och-sankbart-skrivbord-med-60-x-120-cm-skiva\/"},"modified":"2026-02-27T08:18:27","modified_gmt":"2026-02-27T08:18:27","slug":"songmics-hoj-och-sankbart-skrivbord-med-60-x-120-cm-skiva","status":"publish","type":"product","link":"https:\/\/nordicmart.andreevmaster.com\/sv\/produkt\/songmics-hoj-och-sankbart-skrivbord-med-60-x-120-cm-skiva\/","title":{"rendered":"SONGMICS H\u00f6j- och s\u00e4nkbart skrivbord med 60 x 120 cm skiva"},"content":{"rendered":"<p>Produktdetaljer: F\u00e4rg: Vit Material: Sp\u00e5nskiva, st\u00e5l, non-woven tyg Storlek: 60 x 120 x (72-120) cm (D x B x H) Skivans tjocklek: 1,5 cm Vikt: 25,5 kg Max. statisk belastningskapacitet: 70 kgLeveransomfattning:1 x elektriskt skrivbord1 x adapter1 x styrenhet1 x f\u00f6rvaringsv\u00e4ska2 x krokar1 x tillbeh\u00f6rspaket1 x bruksanvisningSONGMICS Anm\u00e4rkningar:Placera inte bordet direkt mot en v\u00e4gg under lyft- och s\u00e4nkningsprocessen f\u00f6r att undvika repor.Produkten \u00e4r endast avsedd f\u00f6r inomhusbruk. H\u00e5ll alla elektriska komponenter borta fr\u00e5n v\u00e4tskor. Om bordet h\u00f6js eller s\u00e4nks i 2 minuter aktiveras \u00f6verhettningsskyddet automatiskt och du m\u00e5ste v\u00e4nta 18 minuter innan du kan anv\u00e4nda h\u00f6jdjusteringen igen.F\u00f6r att skydda arbetsplattan mot st\u00f6tar och repor, st\u00e4ll in den inbyggda sensorn p\u00e5 ett h\u00f6gre v\u00e4rde f\u00f6r att uppt\u00e4cka fasta f\u00f6rem\u00e5l vid h\u00f6jdjusteringen. Demontera inte produkten utan professionell r\u00e5dgivning. Placera inte tunga f\u00f6rem\u00e5l som \u00f6verstiger den maximala belastningen p\u00e5 80 kg p\u00e5 produkten. Anv\u00e4nd inte uttag eller adaptrar med f\u00f6r h\u00f6g sp\u00e4nning.<\/p>\n","protected":false},"excerpt":{"rendered":"<p>SONGMICS H\u00f6j- och s\u00e4nkbar skrivbord, elektrisk, stegl\u00f6st justerbar, lamellskiva, 4 h\u00f6jder sparade, tygp\u00e5se, 120 x 60 x (72-120) cm, av st\u00e5l, vintagebrun-svart LSD015X01<\/p>\n","protected":false},"featured_media":0,"comment_status":"open","ping_status":"closed","template":"","meta":[],"product_brand":[],"product_cat":[33],"product_tag":[],"class_list":{"0":"post-15684","1":"product","2":"type-product","3":"status-publish","5":"product_cat-okategoriserad","7":"first","8":"instock","9":"shipping-taxable","10":"purchasable","11":"product-type-simple"},"_links":{"self":[{"href":"https:\/\/nordicmart.andreevmaster.com\/sv\/wp-json\/wp\/v2\/product\/15684","targetHints":{"allow":["GET"]}}],"collection":[{"href":"https:\/\/nordicmart.andreevmaster.com\/sv\/wp-json\/wp\/v2\/product"}],"about":[{"href":"https:\/\/nordicmart.andreevmaster.com\/sv\/wp-json\/wp\/v2\/types\/product"}],"replies":[{"embeddable":true,"href":"https:\/\/nordicmart.andreevmaster.com\/sv\/wp-json\/wp\/v2\/comments?post=15684"}],"wp:attachment":[{"href":"https:\/\/nordicmart.andreevmaster.com\/sv\/wp-json\/wp\/v2\/media?parent=15684"}],"wp:term":[{"taxonomy":"product_brand","embeddable":true,"href":"https:\/\/nordicmart.andreevmaster.com\/sv\/wp-json\/wp\/v2\/product_brand?post=15684"},{"taxonomy":"product_cat","embeddable":true,"href":"https:\/\/nordicmart.andreevmaster.com\/sv\/wp-json\/wp\/v2\/product_cat?post=15684"},{"taxonomy":"product_tag","embeddable":true,"href":"https:\/\/nordicmart.andreevmaster.com\/sv\/wp-json\/wp\/v2\/product_tag?post=15684"}],"curies":[{"name":"wp","href":"https:\/\/api.w.org\/{rel}","templated":true}]}}