{"id":15678,"date":"2026-02-27T00:27:19","date_gmt":"2026-02-27T00:27:19","guid":{"rendered":"https:\/\/nordicmart.andreevmaster.com\/product\/songmics-elektriskt-skrivbord-svart\/"},"modified":"2026-02-27T08:18:26","modified_gmt":"2026-02-27T08:18:26","slug":"songmics-elektriskt-skrivbord-svart","status":"publish","type":"product","link":"https:\/\/nordicmart.andreevmaster.com\/sv\/produkt\/songmics-elektriskt-skrivbord-svart\/","title":{"rendered":"SONGMICS Elektriskt skrivbord Svart"},"content":{"rendered":"<p>Om du \u00e4lskar ditt kontorsjobb men din kropp lider, varf\u00f6r inte prova ett h\u00f6j- och s\u00e4nkbart elektriskt skrivbordsunderrede? D\u00e5 kommer du inte bara att vara glad n\u00e4r du b\u00f6rjar jobba, utan ocks\u00e5 glad, n\u00f6jd och sm\u00e4rtfri n\u00e4r du slutar.Ytterligare f\u00f6rdelar med detta elektriska skrivbordsstativ: Justera h\u00f6jden p\u00e5 detta skrivbord med fj\u00e4rrkontroll M\u00e4rkesmotor; stegl\u00f6s h\u00f6jdjustering och tystg\u00e5ende Produktdetaljer: F\u00e4rg: Svart Material: MDF (medeldensitetsfiberplatta), st\u00e5l Storlek: 120 x 60 x (73-114) cm (L x B x H) H\u00f6jdjustering: 73-114 cm Ljudniv\u00e5: < 50 dB Justeringshastighet: 25 mm\/s Max. statisk belastningskapacitet: 100 kg Vikt: 31,5 kg Leveransomfattning: 1 x elektrisk skrivbordsstativ 1 x bordsskiva 1 x adapter 1 x fj\u00e4rrkontroll 1 x tillbeh\u00f6rspaket 1 x bruksanvisning SONGMICS Anm\u00e4rkningar:\u00c5terst\u00e4ll systemet enligt bruksanvisningen vid f\u00f6rsta anv\u00e4ndningen eller vid str\u00f6mavbrott under h\u00f6jdjusteringen. Se till att bordsramen inte hindras under lyft- och s\u00e4nkningsprocessen. Placera inte bordet direkt mot en v\u00e4gg. Denna produkt \u00e4r endast avsedd f\u00f6r inomhusbruk. H\u00e5ll alla elektriska komponenter borta fr\u00e5n v\u00e4tskor.Anv\u00e4nd produkten h\u00f6gst 2 minuter i str\u00e4ck. Efter denna tid b\u00f6r bordsramen inte r\u00f6ras p\u00e5 18 minuter f\u00f6r att undvika skador p\u00e5 motorn. Placera inga f\u00f6rem\u00e5l som \u00e4r h\u00f6gre \u00e4n 50 cm under bordet f\u00f6r att undvika skador under s\u00e4nkningsprocessen. Demontera inte produktens delar utan professionell r\u00e5dgivning.\n<\/p>\n","protected":false},"excerpt":{"rendered":"<p>SONGMICS Elektriskt skrivbord, skrivbordsstativ, bordsstativ med motor, stegl\u00f6s h\u00f6jdjustering, 140 x 70 x (73-114) cm, st\u00e5l, vintagebrun-svart LSD012B01<\/p>\n","protected":false},"featured_media":43451,"comment_status":"open","ping_status":"closed","template":"","meta":[],"product_brand":[],"product_cat":[33],"product_tag":[],"class_list":{"0":"post-15678","1":"product","2":"type-product","3":"status-publish","4":"has-post-thumbnail","6":"product_cat-okategoriserad","8":"first","9":"instock","10":"shipping-taxable","11":"purchasable","12":"product-type-simple"},"_links":{"self":[{"href":"https:\/\/nordicmart.andreevmaster.com\/sv\/wp-json\/wp\/v2\/product\/15678","targetHints":{"allow":["GET"]}}],"collection":[{"href":"https:\/\/nordicmart.andreevmaster.com\/sv\/wp-json\/wp\/v2\/product"}],"about":[{"href":"https:\/\/nordicmart.andreevmaster.com\/sv\/wp-json\/wp\/v2\/types\/product"}],"replies":[{"embeddable":true,"href":"https:\/\/nordicmart.andreevmaster.com\/sv\/wp-json\/wp\/v2\/comments?post=15678"}],"wp:featuredmedia":[{"embeddable":true,"href":"https:\/\/nordicmart.andreevmaster.com\/sv\/wp-json\/wp\/v2\/media\/43451"}],"wp:attachment":[{"href":"https:\/\/nordicmart.andreevmaster.com\/sv\/wp-json\/wp\/v2\/media?parent=15678"}],"wp:term":[{"taxonomy":"product_brand","embeddable":true,"href":"https:\/\/nordicmart.andreevmaster.com\/sv\/wp-json\/wp\/v2\/product_brand?post=15678"},{"taxonomy":"product_cat","embeddable":true,"href":"https:\/\/nordicmart.andreevmaster.com\/sv\/wp-json\/wp\/v2\/product_cat?post=15678"},{"taxonomy":"product_tag","embeddable":true,"href":"https:\/\/nordicmart.andreevmaster.com\/sv\/wp-json\/wp\/v2\/product_tag?post=15678"}],"curies":[{"name":"wp","href":"https:\/\/api.w.org\/{rel}","templated":true}]}}