{"id":15675,"date":"2026-02-27T00:27:18","date_gmt":"2026-02-27T00:27:18","guid":{"rendered":"https:\/\/nordicmart.andreevmaster.com\/product\/songmics-elektriskt-hoj-och-sankbart-bordsunderrede\/"},"modified":"2026-02-27T08:18:25","modified_gmt":"2026-02-27T08:18:25","slug":"songmics-elektriskt-hoj-och-sankbart-bordsunderrede","status":"publish","type":"product","link":"https:\/\/nordicmart.andreevmaster.com\/sv\/produkt\/songmics-elektriskt-hoj-och-sankbart-bordsunderrede\/","title":{"rendered":"SONGMICS Elektriskt h\u00f6j- och s\u00e4nkbart bordsunderrede"},"content":{"rendered":"<p>Om du \u00e4lskar ditt kontorsjobb men din kropp lider, varf\u00f6r inte prova ett h\u00f6j- och s\u00e4nkbart elektriskt bordsunderrede? D\u00e5 kommer du inte bara att vara glad n\u00e4r du b\u00f6rjar jobba, utan ocks\u00e5 glad, n\u00f6jd och sm\u00e4rtfri n\u00e4r du slutar. Ytterligare f\u00f6rdelar med detta elektriska bordsstativ: Justera h\u00f6jden p\u00e5 detta skrivbord med fj\u00e4rrkontroll; M\u00e4rkesmotor; stegl\u00f6s h\u00f6jdjustering och tystg\u00e5ende; Justerbar l\u00e4ngd; l\u00e4mplig f\u00f6r bordsskivor i olika storlekar.Produktdetaljer: F\u00e4rg: Svart Material: St\u00e5l Storlek: (115-147) x 60 x (71-112) cm (L x B x H) Ljudniv\u00e5: &lt;50db Justeringshastighet: 25 mm\/s Max. statisk belastningskapacitet: 100 kg H\u00f6jdjustering: 71\u2013112 cm Passar f\u00f6r bordsskivor: 120\u2013180 cm l\u00e5nga, 60\u201380 cm breda Vikt: 22 kg Leveransomfattning: 1 x elektrisk skrivbordsstativ 1 x adapter 1 x fj\u00e4rrkontroll 1 x tillbeh\u00f6rspaket 1 x bruksanvisning (DE, EN, IT, ES, FR) SONGMICS Anm\u00e4rkningar:\u00c5terst\u00e4ll systemet enligt bruksanvisningen vid f\u00f6rsta anv\u00e4ndningen eller vid str\u00f6mavbrott under h\u00f6jdjusteringen. Se till att bordets stativ inte hindras under lyft- och s\u00e4nkningsprocessen. Placera inte bordet direkt mot en v\u00e4gg. Denna produkt \u00e4r endast avsedd f\u00f6r inomhusbruk. H\u00e5ll alla elektriska komponenter borta fr\u00e5n v\u00e4tskor. Anv\u00e4nd produkten i h\u00f6gst 2 minuter \u00e5t g\u00e5ngen. Efter denna tid b\u00f6r bordsramen inte r\u00f6ras p\u00e5 18 minuter f\u00f6r att undvika skador p\u00e5 motorn.<\/p>\n","protected":false},"excerpt":{"rendered":"<p>SONGMICS bordsstativ, skrivbordsstativ, elektriskt skrivbord, bordsstativ med motor, stegl\u00f6s h\u00f6jdjustering, justerbar l\u00e4ngd, st\u00e5l, svart LSD010B01<\/p>\n","protected":false},"featured_media":43448,"comment_status":"open","ping_status":"closed","template":"","meta":[],"product_brand":[],"product_cat":[33],"product_tag":[],"class_list":{"0":"post-15675","1":"product","2":"type-product","3":"status-publish","4":"has-post-thumbnail","6":"product_cat-okategoriserad","8":"first","9":"instock","10":"shipping-taxable","11":"purchasable","12":"product-type-simple"},"_links":{"self":[{"href":"https:\/\/nordicmart.andreevmaster.com\/sv\/wp-json\/wp\/v2\/product\/15675","targetHints":{"allow":["GET"]}}],"collection":[{"href":"https:\/\/nordicmart.andreevmaster.com\/sv\/wp-json\/wp\/v2\/product"}],"about":[{"href":"https:\/\/nordicmart.andreevmaster.com\/sv\/wp-json\/wp\/v2\/types\/product"}],"replies":[{"embeddable":true,"href":"https:\/\/nordicmart.andreevmaster.com\/sv\/wp-json\/wp\/v2\/comments?post=15675"}],"wp:featuredmedia":[{"embeddable":true,"href":"https:\/\/nordicmart.andreevmaster.com\/sv\/wp-json\/wp\/v2\/media\/43448"}],"wp:attachment":[{"href":"https:\/\/nordicmart.andreevmaster.com\/sv\/wp-json\/wp\/v2\/media?parent=15675"}],"wp:term":[{"taxonomy":"product_brand","embeddable":true,"href":"https:\/\/nordicmart.andreevmaster.com\/sv\/wp-json\/wp\/v2\/product_brand?post=15675"},{"taxonomy":"product_cat","embeddable":true,"href":"https:\/\/nordicmart.andreevmaster.com\/sv\/wp-json\/wp\/v2\/product_cat?post=15675"},{"taxonomy":"product_tag","embeddable":true,"href":"https:\/\/nordicmart.andreevmaster.com\/sv\/wp-json\/wp\/v2\/product_tag?post=15675"}],"curies":[{"name":"wp","href":"https:\/\/api.w.org\/{rel}","templated":true}]}}