{"id":15674,"date":"2026-02-27T00:27:18","date_gmt":"2026-02-27T00:27:18","guid":{"rendered":"https:\/\/nordicmart.andreevmaster.com\/product\/elektrisk-stabordsstel-med-motoriseret-hojdejustering-justerbar-laengde-stal-sort-lsd010b01v1-2\/"},"modified":"2026-02-27T08:18:25","modified_gmt":"2026-02-27T08:18:25","slug":"elektrisk-stabordsstel-med-motoriseret-hojdejustering-justerbar-laengde-stal-sort-lsd010b01v1-2","status":"publish","type":"product","link":"https:\/\/nordicmart.andreevmaster.com\/sv\/produkt\/elektrisk-stabordsstel-med-motoriseret-hojdejustering-justerbar-laengde-stal-sort-lsd010b01v1-2\/","title":{"rendered":"Elektrisk st\u00e5bordsstel med motoriseret h\u00f8jdejustering, justerbar l\u00e6ngde, st\u00e5l, sort LSD010B01V1"},"content":{"rendered":"<p>Forts\u00e4tt vara produktiv: Sitta p\u00e5 en stol eller st\u00e5 och str\u00e4cka p\u00e5 benen? Tack vare motorn ger detta skrivbordsstativ dig m\u00f6jlighet att arbeta dynamiskt f\u00f6r att minska muskelsp\u00e4nningar och f\u00f6rb\u00e4ttra koncentrationen.<\/p>\n<p>Justera efter behov: Anv\u00e4nd fj\u00e4rrkontrollen f\u00f6r att justera h\u00f6jden stegl\u00f6st mellan 71 och 112 cm! \u00c4ndra din position s\u00e5 att du k\u00e4nner dig mest bekv\u00e4m och f\u00f6rblir energisk<\/p>\n<p>Ett perfekt par: St\u00e5lramens l\u00e4ngd kan justeras mellan 115 och 147 cm, och den kan b\u00e4ra upp till 100 kg. Det \u00e4r den perfekta matchningen till SONGMICS-bordsskivor p\u00e5 120 x 60 cm eller 140 x 70 cm.Detaljer att t\u00e4nka p\u00e5: Den h\u00f6gkvalitativa motorn s\u00e4kerst\u00e4ller en j\u00e4mn och tyst drift, s\u00e5 att den inte rycker eller avger ett gnisslande ljud n\u00e4r den h\u00f6js eller s\u00e4nks. De medf\u00f6ljande organisat\u00f6rerna h\u00e5ller ordning p\u00e5 kablarna s\u00e5 att du slipper r\u00f6ra.Vad du f\u00e5r: Ett elektriskt skrivbordsstativ med justerbar h\u00f6jd, en adapter, en styrenhet och tydliga instruktioner som hj\u00e4lper dig att snabbt bli klar med monteringen. Om du \u00e4lskar ditt kontorsjobb, men din kropp lider av det, varf\u00f6r inte prova ett elektriskt skrivbordsstativ med justerbar h\u00f6jd? Du kommer inte bara att b\u00f6rja arbeta glad, utan ocks\u00e5 sluta glad, n\u00f6jd och sm\u00e4rtfri. Andra f\u00f6rdelar med detta elektriska skrivbordsstativ: Justera h\u00f6jden p\u00e5 detta skrivbord med fj\u00e4rrkontroll; M\u00e4rkesmotor; stegl\u00f6s h\u00f6jdjustering och ljudl\u00f6s;Justerbar l\u00e4ngd; l\u00e4mplig f\u00f6r skrivbord i olika storlekar. Produktdetaljer: F\u00e4rg: Svart Material: St\u00e5l Storlek: (115-147) x 60 x (71-112) cm (L x B x H) Ljudniv\u00e5: &lt;50db Justeringshastighet: 25 mm\/s Max. Statisk belastningskapacitet: 100 kg H\u00f6jdjustering: 71-112 cm Passar till vilka bordsskivor: 120-180 cm l\u00e5ng, 60-80 cm bredVikt: 22 kgLeveransomf\u00e5ng:1 x Elektriskt bordsstativ1 x Adapter1 x Fj\u00e4rrkontroll1 x Tillbeh\u00f6rspaket1 x Instruktioner (DE, EN, IT, ES, FR)SONGMICS Anm\u00e4rkningar:Nollst\u00e4ll systemet enligt anvisningarna n\u00e4r du anv\u00e4nder det f\u00f6r f\u00f6rsta g\u00e5ngen eller vid str\u00f6mavbrott under h\u00f6jdjustering.Se till att bordsramen inte blockeras under h\u00f6j- och s\u00e4nkningsprocessen. Placera inte bordet direkt mot en v\u00e4gg, och denna produkt \u00e4r endast avsedd f\u00f6r inomhusbruk. H\u00e5ll alla elektriska komponenter borta fr\u00e5n v\u00e4tskor och anv\u00e4nd endast produkten i h\u00f6gst 2 minuter \u00e5t g\u00e5ngen. Efter denna period b\u00f6r bordsramen inte flyttas p\u00e5 18 minuter f\u00f6r att undvika att skada motorn.<\/p>\n","protected":false},"excerpt":{"rendered":"<p>Forts\u00e4tt vara produktiv: Sitta p\u00e5 en stol eller st\u00e5 och str\u00e4cka p\u00e5 benen? Tack vare motorn ger detta skrivbordsstativ dig m\u00f6jlighet att arbeta dynamiskt f\u00f6r att minska muskelsp\u00e4nningar och f\u00f6rb\u00e4ttra koncentrationen. Justera efter behov: Anv\u00e4nd fj\u00e4rrkontrollen f\u00f6r att justera h\u00f6jden stegl\u00f6st mellan 71 och 112 cm! \u00c4ndra din position s\u00e5 att du k\u00e4nner dig mest [&hellip;]<\/p>\n","protected":false},"featured_media":0,"comment_status":"open","ping_status":"closed","template":"","meta":[],"product_brand":[],"product_cat":[33],"product_tag":[],"class_list":{"0":"post-15674","1":"product","2":"type-product","3":"status-publish","5":"product_cat-okategoriserad","7":"first","8":"instock","9":"shipping-taxable","10":"product-type-simple"},"_links":{"self":[{"href":"https:\/\/nordicmart.andreevmaster.com\/sv\/wp-json\/wp\/v2\/product\/15674","targetHints":{"allow":["GET"]}}],"collection":[{"href":"https:\/\/nordicmart.andreevmaster.com\/sv\/wp-json\/wp\/v2\/product"}],"about":[{"href":"https:\/\/nordicmart.andreevmaster.com\/sv\/wp-json\/wp\/v2\/types\/product"}],"replies":[{"embeddable":true,"href":"https:\/\/nordicmart.andreevmaster.com\/sv\/wp-json\/wp\/v2\/comments?post=15674"}],"wp:attachment":[{"href":"https:\/\/nordicmart.andreevmaster.com\/sv\/wp-json\/wp\/v2\/media?parent=15674"}],"wp:term":[{"taxonomy":"product_brand","embeddable":true,"href":"https:\/\/nordicmart.andreevmaster.com\/sv\/wp-json\/wp\/v2\/product_brand?post=15674"},{"taxonomy":"product_cat","embeddable":true,"href":"https:\/\/nordicmart.andreevmaster.com\/sv\/wp-json\/wp\/v2\/product_cat?post=15674"},{"taxonomy":"product_tag","embeddable":true,"href":"https:\/\/nordicmart.andreevmaster.com\/sv\/wp-json\/wp\/v2\/product_tag?post=15674"}],"curies":[{"name":"wp","href":"https:\/\/api.w.org\/{rel}","templated":true}]}}