{"id":15662,"date":"2026-02-27T00:27:15","date_gmt":"2026-02-27T00:27:15","guid":{"rendered":"https:\/\/nordicmart.andreevmaster.com\/product\/vasagle-multifunktionell-kista-i-industriell-stil\/"},"modified":"2026-02-27T08:18:22","modified_gmt":"2026-02-27T08:18:22","slug":"vasagle-multifunktionell-kista-i-industriell-stil","status":"publish","type":"product","link":"https:\/\/nordicmart.andreevmaster.com\/sv\/produkt\/vasagle-multifunktionell-kista-i-industriell-stil\/","title":{"rendered":"VASAGLE Multifunktionell kista i industriell stil"},"content":{"rendered":"<p>Materialen i b\u00e4nken (tygkl\u00e4dsel, skum) har klarat T\u00dcV Rheinland:s brandtest: &#8211; Tygkl\u00e4dsel: T\u00dcV Rheinland, rapportnummer 1160053083a001, testad enligt brittiska f\u00f6reskrifter fr\u00e5n 1988 om m\u00f6bler och inredning (brand) (s\u00e4kerhet). &#8211; Skum: T\u00dcV Rheinland, rapportnr 018010100351a001, testat enligt brittiska f\u00f6reskrifter fr\u00e5n 1988 om m\u00f6bler och inredning (brand) (s\u00e4kerhet). Egenskaper: &#8211; F\u00e4rg: Rustikbrun, svart &#8211; Material: Sp\u00e5nskiva, j\u00e4rn, PU, skum &#8211; M\u00e5tt: 80 x 40 x 50 cm (L x B x H) &#8211; Vikt: 16,9 kg &#8211; Maximal statisk belastningskapacitet f\u00f6r b\u00e4nken: 90 kg &#8211; Maximal statisk belastningskapacitet f\u00f6r f\u00f6rvaringsutrymmet: 20 kg Leverans:- 1 x f\u00f6rvaringsb\u00e4nk &#8211; 1 x monteringssats &#8211; 1 x bruksanvisning (FR, DE, EN, ES, IT) F\u00f6rsiktighets\u00e5tg\u00e4rder fr\u00e5n VASAGLE: &#8211; Av s\u00e4kerhetssk\u00e4l f\u00e5r barn inte kl\u00e4ttra p\u00e5 eller leka p\u00e5 produkten. &#8211; B\u00e4nkens maximala statiska belastningskapacitet \u00e4r 90 kg. \u00d6verskrid inte denna gr\u00e4ns.<\/p>\n","protected":false},"excerpt":{"rendered":"<p>VASAGLE b\u00e4nk med f\u00f6rvaringsutrymme, stoppad kista, s\u00e4ngkista, hall, sovrum, vardagsrum, metall, enkel montering, industriell design, svart konstl\u00e4der, vintage, m\u00f6rkbrun LSC80BX<\/p>\n","protected":false},"featured_media":43436,"comment_status":"open","ping_status":"closed","template":"","meta":[],"product_brand":[],"product_cat":[33],"product_tag":[],"class_list":{"0":"post-15662","1":"product","2":"type-product","3":"status-publish","4":"has-post-thumbnail","6":"product_cat-okategoriserad","8":"first","9":"instock","10":"shipping-taxable","11":"purchasable","12":"product-type-simple"},"_links":{"self":[{"href":"https:\/\/nordicmart.andreevmaster.com\/sv\/wp-json\/wp\/v2\/product\/15662","targetHints":{"allow":["GET"]}}],"collection":[{"href":"https:\/\/nordicmart.andreevmaster.com\/sv\/wp-json\/wp\/v2\/product"}],"about":[{"href":"https:\/\/nordicmart.andreevmaster.com\/sv\/wp-json\/wp\/v2\/types\/product"}],"replies":[{"embeddable":true,"href":"https:\/\/nordicmart.andreevmaster.com\/sv\/wp-json\/wp\/v2\/comments?post=15662"}],"wp:featuredmedia":[{"embeddable":true,"href":"https:\/\/nordicmart.andreevmaster.com\/sv\/wp-json\/wp\/v2\/media\/43436"}],"wp:attachment":[{"href":"https:\/\/nordicmart.andreevmaster.com\/sv\/wp-json\/wp\/v2\/media?parent=15662"}],"wp:term":[{"taxonomy":"product_brand","embeddable":true,"href":"https:\/\/nordicmart.andreevmaster.com\/sv\/wp-json\/wp\/v2\/product_brand?post=15662"},{"taxonomy":"product_cat","embeddable":true,"href":"https:\/\/nordicmart.andreevmaster.com\/sv\/wp-json\/wp\/v2\/product_cat?post=15662"},{"taxonomy":"product_tag","embeddable":true,"href":"https:\/\/nordicmart.andreevmaster.com\/sv\/wp-json\/wp\/v2\/product_tag?post=15662"}],"curies":[{"name":"wp","href":"https:\/\/api.w.org\/{rel}","templated":true}]}}