{"id":15660,"date":"2026-02-27T00:27:14","date_gmt":"2026-02-27T00:27:14","guid":{"rendered":"https:\/\/nordicmart.andreevmaster.com\/product\/vasagle-sideboard-i-industriell-stil-med-2-lamelldorrar\/"},"modified":"2026-02-27T08:18:22","modified_gmt":"2026-02-27T08:18:22","slug":"vasagle-sideboard-i-industriell-stil-med-2-lamelldorrar","status":"publish","type":"product","link":"https:\/\/nordicmart.andreevmaster.com\/sv\/produkt\/vasagle-sideboard-i-industriell-stil-med-2-lamelldorrar\/","title":{"rendered":"VASAGLE Sideboard i industriell stil med 2 lamelld\u00f6rrar"},"content":{"rendered":"<p>Produktdetaljer: &#8211; F\u00e4rg: Vintage\/m\u00f6rkbrun &#8211; Material: Sp\u00e5nskiva, j\u00e4rn &#8211; Storlek: 70 x 30 x 80 cm (L x B x H) &#8211; Vikt: 16,9 kg &#8211; Max. statisk belastningskapacitet:  Yta: 30 kg Hyllplan: 10 kg Antal hyllplan: 1 (justerbar i 3 olika h\u00f6jder) Leveransomfattning: &#8211; 1 x sidobord med lamelld\u00f6rrar &#8211; 1 x monteringsdetaljer &#8211; 1 x bruksanvisning (DE, EN, ES, FR, IT) VASAGLE Anm\u00e4rkningar: &#8211; Placera produkten s\u00e5 att den inte uts\u00e4tts f\u00f6r v\u00e4rmek\u00e4llor, direkt solljus eller fukt.<\/p>\n","protected":false},"excerpt":{"rendered":"<p>VASAGLE Sideboard, sidobord med lamelld\u00f6rrar, byr\u00e5, multifunktionell, vardagsrum, sovrum, hall, industriell design, vintagebrun-svart LSC78BX<\/p>\n","protected":false},"featured_media":43434,"comment_status":"open","ping_status":"closed","template":"","meta":[],"product_brand":[],"product_cat":[33],"product_tag":[],"class_list":{"0":"post-15660","1":"product","2":"type-product","3":"status-publish","4":"has-post-thumbnail","6":"product_cat-okategoriserad","8":"first","9":"instock","10":"shipping-taxable","11":"purchasable","12":"product-type-simple"},"_links":{"self":[{"href":"https:\/\/nordicmart.andreevmaster.com\/sv\/wp-json\/wp\/v2\/product\/15660","targetHints":{"allow":["GET"]}}],"collection":[{"href":"https:\/\/nordicmart.andreevmaster.com\/sv\/wp-json\/wp\/v2\/product"}],"about":[{"href":"https:\/\/nordicmart.andreevmaster.com\/sv\/wp-json\/wp\/v2\/types\/product"}],"replies":[{"embeddable":true,"href":"https:\/\/nordicmart.andreevmaster.com\/sv\/wp-json\/wp\/v2\/comments?post=15660"}],"wp:featuredmedia":[{"embeddable":true,"href":"https:\/\/nordicmart.andreevmaster.com\/sv\/wp-json\/wp\/v2\/media\/43434"}],"wp:attachment":[{"href":"https:\/\/nordicmart.andreevmaster.com\/sv\/wp-json\/wp\/v2\/media?parent=15660"}],"wp:term":[{"taxonomy":"product_brand","embeddable":true,"href":"https:\/\/nordicmart.andreevmaster.com\/sv\/wp-json\/wp\/v2\/product_brand?post=15660"},{"taxonomy":"product_cat","embeddable":true,"href":"https:\/\/nordicmart.andreevmaster.com\/sv\/wp-json\/wp\/v2\/product_cat?post=15660"},{"taxonomy":"product_tag","embeddable":true,"href":"https:\/\/nordicmart.andreevmaster.com\/sv\/wp-json\/wp\/v2\/product_tag?post=15660"}],"curies":[{"name":"wp","href":"https:\/\/api.w.org\/{rel}","templated":true}]}}