{"id":15658,"date":"2026-02-27T00:27:14","date_gmt":"2026-02-27T00:27:14","guid":{"rendered":"https:\/\/nordicmart.andreevmaster.com\/product\/vasagle-sideboard-med-lamelldorrar-i-industriell-stil\/"},"modified":"2026-02-27T08:18:22","modified_gmt":"2026-02-27T08:18:22","slug":"vasagle-sideboard-med-lamelldorrar-i-industriell-stil","status":"publish","type":"product","link":"https:\/\/nordicmart.andreevmaster.com\/sv\/produkt\/vasagle-sideboard-med-lamelldorrar-i-industriell-stil\/","title":{"rendered":"VASAGLE Sideboard med lamelld\u00f6rrar i industriell stil"},"content":{"rendered":"<p>Produktdetaljer: &#8211; F\u00e4rg: Vintage\/m\u00f6rkbrun &#8211; Material: Sp\u00e5nskiva, j\u00e4rn &#8211; Storlek: 70 x 30 x 80 cm (L x B x H) &#8211; Vikt: 16,2 kg &#8211; Max. statisk belastningskapacitet: Yta: 30 kg \u00d6ppet fack: 25 kg Hyllplan inuti: 10 kg Antal hyllplan: 1 (justerbar i 3 olika h\u00f6jder) Leveransomfattning: &#8211; 1 x sidobord med lamelld\u00f6rrar &#8211; 1 x monteringsdetaljer &#8211; 1 x instruktioner (DE, EN, ES, FR, IT) VASAGLE Anm\u00e4rkningar:- Placera produkten s\u00e5 att den inte uts\u00e4tts f\u00f6r v\u00e4rmek\u00e4llor, direkt solljus eller fukt.<\/p>\n","protected":false},"excerpt":{"rendered":"<p>VASAGLE Kommod, sideboard, k\u00f6kssk\u00e5p med hyllplan och lamelld\u00f6rrar, multifunktionellt, vardagsrum, sovrum, hall, industriell design, vintage, m\u00f6rkbrunt LSC76BX<\/p>\n","protected":false},"featured_media":43432,"comment_status":"open","ping_status":"closed","template":"","meta":[],"product_brand":[],"product_cat":[33],"product_tag":[],"class_list":{"0":"post-15658","1":"product","2":"type-product","3":"status-publish","4":"has-post-thumbnail","6":"product_cat-okategoriserad","8":"first","9":"instock","10":"shipping-taxable","11":"purchasable","12":"product-type-simple"},"_links":{"self":[{"href":"https:\/\/nordicmart.andreevmaster.com\/sv\/wp-json\/wp\/v2\/product\/15658","targetHints":{"allow":["GET"]}}],"collection":[{"href":"https:\/\/nordicmart.andreevmaster.com\/sv\/wp-json\/wp\/v2\/product"}],"about":[{"href":"https:\/\/nordicmart.andreevmaster.com\/sv\/wp-json\/wp\/v2\/types\/product"}],"replies":[{"embeddable":true,"href":"https:\/\/nordicmart.andreevmaster.com\/sv\/wp-json\/wp\/v2\/comments?post=15658"}],"wp:featuredmedia":[{"embeddable":true,"href":"https:\/\/nordicmart.andreevmaster.com\/sv\/wp-json\/wp\/v2\/media\/43432"}],"wp:attachment":[{"href":"https:\/\/nordicmart.andreevmaster.com\/sv\/wp-json\/wp\/v2\/media?parent=15658"}],"wp:term":[{"taxonomy":"product_brand","embeddable":true,"href":"https:\/\/nordicmart.andreevmaster.com\/sv\/wp-json\/wp\/v2\/product_brand?post=15658"},{"taxonomy":"product_cat","embeddable":true,"href":"https:\/\/nordicmart.andreevmaster.com\/sv\/wp-json\/wp\/v2\/product_cat?post=15658"},{"taxonomy":"product_tag","embeddable":true,"href":"https:\/\/nordicmart.andreevmaster.com\/sv\/wp-json\/wp\/v2\/product_tag?post=15658"}],"curies":[{"name":"wp","href":"https:\/\/api.w.org\/{rel}","templated":true}]}}