{"id":15657,"date":"2026-02-27T00:27:13","date_gmt":"2026-02-27T00:27:13","guid":{"rendered":"https:\/\/nordicmart.andreevmaster.com\/product\/vasagle-industriell-hyllanlaggning-med-lamelldorrar\/"},"modified":"2026-02-27T08:18:21","modified_gmt":"2026-02-27T08:18:21","slug":"vasagle-industriell-hyllanlaggning-med-lamelldorrar","status":"publish","type":"product","link":"https:\/\/nordicmart.andreevmaster.com\/sv\/produkt\/vasagle-industriell-hyllanlaggning-med-lamelldorrar\/","title":{"rendered":"VASAGLE Industriell hyllanl\u00e4ggning med lamelld\u00f6rrar"},"content":{"rendered":"<p>Lite vintage h\u00e4r, lite industriell design d\u00e4r Stilen p\u00e5 detta vardagsrumssk\u00e5p kan beskrivas som en komposition av ett st\u00e5lstativ med den trendiga industriella looken och precisionsbearbetade vintageplattor av tr\u00e4material. De ovanliga lamelld\u00f6rrarna ger dessutom en helt speciell touch som v\u00e4cker nyfikenheten p\u00e5 vad som d\u00f6ljer sig bakom dem. Resultatet \u00e4r en enhetlig helhet och ett m\u00f6bel som \u00e4r robust, snyggt och funktionellt p\u00e5 samma g\u00e5ng. Redo f\u00f6r stora uppgifter M\u00f6beln, som m\u00e4ter 70 x 30 x 121,5 cm (L x B x H) och vars hyllplan t\u00e5l en belastning p\u00e5 20 kg vardera, passar f\u00f6r f\u00f6ljande anv\u00e4ndningsomr\u00e5den: &#8211; Vardagsrum: H\u00e4r erbjuder denna eleganta bokhylla en snygg presentationsyta f\u00f6r b\u00f6cker eller sm\u00e5 dekorativa f\u00f6rem\u00e5l. St\u00e4ll dessutom en kruka med kl\u00e4tterv\u00e4xt och fotoramar p\u00e5 den sl\u00e4ta vintageytan. &#8211; K\u00f6k\/skafferi: Om ditt k\u00f6k inte best\u00e5r av de typiska inbyggda sk\u00e5pen har det s\u00e4kert tillr\u00e4ckligt med plats f\u00f6r denna stativhylla. St\u00e4ll kryddor, porslin, konserver eller receptb\u00f6cker p\u00e5 den. \u00c4ven i k\u00e4llaren eller i ditt skafferi erbjuder det multifunktionella f\u00f6rvaringsst\u00e4llet mycket utrymme f\u00f6r k\u00f6ksredskap. &#8211; Arbetsrum: Denna m\u00e5ngsidiga m\u00f6bel hj\u00e4lper dig ocks\u00e5 att ordna dokument i ditt arbetsrum eller kontor hemma. Produktdetaljer: &#8211; F\u00e4rg: Vintagebrun-svart &#8211; Material: Sp\u00e5nskiva, st\u00e5l &#8211; Storlek: 70 x 30 x 121,5 cm (L x B x H) &#8211; Vikt: 19 kg &#8211; Max. belastningskapacitet: \u00d6vre hylla: 20 kg \u00d6ppna hyllplan: 20 kg vardera Sk\u00e5p: 15 kg Leveransomfattning:- 1 x bokhylla &#8211; 1 x beh\u00e5llare med tillbeh\u00f6r (inklusive monteringsverktyg) &#8211; 1 x bruksanvisning (DE, EN, FR, ES, IT) VASAGLE Anm\u00e4rkningar: &#8211; Uts\u00e4tt inte produkten f\u00f6r direkt solljus. Den b\u00f6r inte heller placeras i fuktiga rum.<\/p>\n","protected":false},"excerpt":{"rendered":"<p>VASAGLE bokhylla, bokhylla med 3 hyllplan, 2 lamelld\u00f6rrar, vardagsrum, arbetsrum, sovrum, 70 x 30 x 121,5 cm, industriell design, vintagebrun-svart LSC75BX<\/p>\n","protected":false},"featured_media":43431,"comment_status":"open","ping_status":"closed","template":"","meta":[],"product_brand":[],"product_cat":[33],"product_tag":[],"class_list":{"0":"post-15657","1":"product","2":"type-product","3":"status-publish","4":"has-post-thumbnail","6":"product_cat-okategoriserad","8":"first","9":"instock","10":"shipping-taxable","11":"purchasable","12":"product-type-simple"},"_links":{"self":[{"href":"https:\/\/nordicmart.andreevmaster.com\/sv\/wp-json\/wp\/v2\/product\/15657","targetHints":{"allow":["GET"]}}],"collection":[{"href":"https:\/\/nordicmart.andreevmaster.com\/sv\/wp-json\/wp\/v2\/product"}],"about":[{"href":"https:\/\/nordicmart.andreevmaster.com\/sv\/wp-json\/wp\/v2\/types\/product"}],"replies":[{"embeddable":true,"href":"https:\/\/nordicmart.andreevmaster.com\/sv\/wp-json\/wp\/v2\/comments?post=15657"}],"wp:featuredmedia":[{"embeddable":true,"href":"https:\/\/nordicmart.andreevmaster.com\/sv\/wp-json\/wp\/v2\/media\/43431"}],"wp:attachment":[{"href":"https:\/\/nordicmart.andreevmaster.com\/sv\/wp-json\/wp\/v2\/media?parent=15657"}],"wp:term":[{"taxonomy":"product_brand","embeddable":true,"href":"https:\/\/nordicmart.andreevmaster.com\/sv\/wp-json\/wp\/v2\/product_brand?post=15657"},{"taxonomy":"product_cat","embeddable":true,"href":"https:\/\/nordicmart.andreevmaster.com\/sv\/wp-json\/wp\/v2\/product_cat?post=15657"},{"taxonomy":"product_tag","embeddable":true,"href":"https:\/\/nordicmart.andreevmaster.com\/sv\/wp-json\/wp\/v2\/product_tag?post=15657"}],"curies":[{"name":"wp","href":"https:\/\/api.w.org\/{rel}","templated":true}]}}