{"id":15655,"date":"2026-02-27T00:27:13","date_gmt":"2026-02-27T00:27:13","guid":{"rendered":"https:\/\/nordicmart.andreevmaster.com\/product\/vasagle-sideboard-i-industriell-stil-med-lamelldorr\/"},"modified":"2026-02-27T08:18:21","modified_gmt":"2026-02-27T08:18:21","slug":"vasagle-sideboard-i-industriell-stil-med-lamelldorr","status":"publish","type":"product","link":"https:\/\/nordicmart.andreevmaster.com\/sv\/produkt\/vasagle-sideboard-i-industriell-stil-med-lamelldorr\/","title":{"rendered":"VASAGLE Sideboard i industriell stil med lamelld\u00f6rr"},"content":{"rendered":"<p>Lite vintage h\u00e4r, lite industriell design d\u00e4r Stilen p\u00e5 detta vardagsrumssk\u00e5p kan beskrivas som en komposition av ett j\u00e4rnst\u00e4ll med den trendiga industriella looken och precisionsbearbetade vintageplattor av tr\u00e4material. Den ovanliga lamelld\u00f6rren ger dessutom en helt speciell touch som v\u00e4cker nyfikenheten p\u00e5 vad som d\u00f6ljer sig bakom den. Resultatet \u00e4r en enhetlig helhet och ett m\u00f6bel som \u00e4r robust, snyggt och funktionellt p\u00e5 samma g\u00e5ng. Redo f\u00f6r stora uppgifter M\u00f6beln, som m\u00e4ter 70 x 30 x 81 cm (L x B x H) och vars \u00f6ppna hyllplan t\u00e5l en belastning p\u00e5 20 kg, l\u00e4mpar sig f\u00f6r f\u00f6ljande anv\u00e4ndningsomr\u00e5den: &#8211; Vardagsrum: H\u00e4r erbjuder detta robusta sk\u00e5p lite extra f\u00f6rvaringsutrymme bredvid TV:n, till exempel f\u00f6r b\u00f6cker eller sm\u00e5 dekorationsf\u00f6rem\u00e5l. St\u00e4ll dessutom en vas med vildblommor och fotoramar p\u00e5 den sl\u00e4ta vintageytan. &#8211; K\u00f6ket: Detta stativ med integrerat sk\u00e5p passar perfekt bredvid din serveringsbord och ger extra f\u00f6rvaringsutrymme f\u00f6r kryddor, porslin eller receptb\u00f6cker. &#8211; Hall: Denna m\u00e5ngsidiga m\u00f6bel kan ocks\u00e5 anv\u00e4ndas i entr\u00e9n som nyckelhylla eller telefonbord.  Produktdetaljer: &#8211; F\u00e4rg: Vintagebrun-svart &#8211; Material: Sp\u00e5nskiva, st\u00e5l &#8211; Storlek: 70 x 30 x 81 cm (L x B x H) &#8211; Vikt: 17,9 kg &#8211; Max. belastning: Yta: 30 kg \u00d6ppna hyllplan: 20 kg vardera Hyllplan i sk\u00e5pet: 15 kg vardera Nedersta hyllplan: 15 kg &#8211; Antal hyllplan i sk\u00e5pet: 2 (justerbara i 3 h\u00f6jder) Leveransomfattning: &#8211; 1 x sk\u00e5p &#8211; 1 x beh\u00e5llare med tillbeh\u00f6r (inklusive monteringsverktyg) &#8211; 1 x bruksanvisning (DE, EN, FR, ES, IT) VASAGLE Anm\u00e4rkningar: &#8211; Uts\u00e4tt inte produkten f\u00f6r direkt solljus. Den b\u00f6r inte heller placeras i fuktiga rum.<\/p>\n","protected":false},"excerpt":{"rendered":"<p>VASAGLE Sideboard, k\u00f6kssk\u00e5p med 3 hyllplan, badrumssk\u00e5p, hallhylla, vardagsrum, sovrum, hall, k\u00f6k, 70 x 30 x 81 cm, industriell design, vintagebrun-svart LSC74BX<\/p>\n","protected":false},"featured_media":43429,"comment_status":"open","ping_status":"closed","template":"","meta":[],"product_brand":[],"product_cat":[33],"product_tag":[],"class_list":{"0":"post-15655","1":"product","2":"type-product","3":"status-publish","4":"has-post-thumbnail","6":"product_cat-okategoriserad","8":"first","9":"instock","10":"shipping-taxable","11":"purchasable","12":"product-type-simple"},"_links":{"self":[{"href":"https:\/\/nordicmart.andreevmaster.com\/sv\/wp-json\/wp\/v2\/product\/15655","targetHints":{"allow":["GET"]}}],"collection":[{"href":"https:\/\/nordicmart.andreevmaster.com\/sv\/wp-json\/wp\/v2\/product"}],"about":[{"href":"https:\/\/nordicmart.andreevmaster.com\/sv\/wp-json\/wp\/v2\/types\/product"}],"replies":[{"embeddable":true,"href":"https:\/\/nordicmart.andreevmaster.com\/sv\/wp-json\/wp\/v2\/comments?post=15655"}],"wp:featuredmedia":[{"embeddable":true,"href":"https:\/\/nordicmart.andreevmaster.com\/sv\/wp-json\/wp\/v2\/media\/43429"}],"wp:attachment":[{"href":"https:\/\/nordicmart.andreevmaster.com\/sv\/wp-json\/wp\/v2\/media?parent=15655"}],"wp:term":[{"taxonomy":"product_brand","embeddable":true,"href":"https:\/\/nordicmart.andreevmaster.com\/sv\/wp-json\/wp\/v2\/product_brand?post=15655"},{"taxonomy":"product_cat","embeddable":true,"href":"https:\/\/nordicmart.andreevmaster.com\/sv\/wp-json\/wp\/v2\/product_cat?post=15655"},{"taxonomy":"product_tag","embeddable":true,"href":"https:\/\/nordicmart.andreevmaster.com\/sv\/wp-json\/wp\/v2\/product_tag?post=15655"}],"curies":[{"name":"wp","href":"https:\/\/api.w.org\/{rel}","templated":true}]}}