{"id":15654,"date":"2026-02-27T00:27:12","date_gmt":"2026-02-27T00:27:12","guid":{"rendered":"https:\/\/nordicmart.andreevmaster.com\/product\/vasagle-forvaringsskap-med-3-oppna-hyllor\/"},"modified":"2026-02-27T08:18:21","modified_gmt":"2026-02-27T08:18:21","slug":"vasagle-forvaringsskap-med-3-oppna-hyllor","status":"publish","type":"product","link":"https:\/\/nordicmart.andreevmaster.com\/sv\/produkt\/vasagle-forvaringsskap-med-3-oppna-hyllor\/","title":{"rendered":"VASAGLE f\u00f6rvaringssk\u00e5p med  3 \u00f6ppna hyllor"},"content":{"rendered":"<p>VASAGLE Sideboard, k\u00f6kssk\u00e5p med 3 hyllplan, badrumssk\u00e5p, hallhylla, vardagsrum, sovrum, hall, k\u00f6k, 70 x 30 x 81 cm, industriell design, vintagebrun-svart LSC74BX<\/p>\n","protected":false},"excerpt":{"rendered":"<p>VASAGLE Sideboard, k\u00f6kssk\u00e5p med 3 hyllplan, badrumssk\u00e5p, hallhylla, vardagsrum, sovrum, hall, k\u00f6k, 70 x 30 x 81 cm, industriell design, vintagebrun-svart LSC74BX<\/p>\n","protected":false},"featured_media":43428,"comment_status":"open","ping_status":"closed","template":"","meta":[],"product_brand":[],"product_cat":[33],"product_tag":[],"class_list":{"0":"post-15654","1":"product","2":"type-product","3":"status-publish","4":"has-post-thumbnail","6":"product_cat-okategoriserad","8":"first","9":"instock","10":"shipping-taxable","11":"purchasable","12":"product-type-simple"},"_links":{"self":[{"href":"https:\/\/nordicmart.andreevmaster.com\/sv\/wp-json\/wp\/v2\/product\/15654","targetHints":{"allow":["GET"]}}],"collection":[{"href":"https:\/\/nordicmart.andreevmaster.com\/sv\/wp-json\/wp\/v2\/product"}],"about":[{"href":"https:\/\/nordicmart.andreevmaster.com\/sv\/wp-json\/wp\/v2\/types\/product"}],"replies":[{"embeddable":true,"href":"https:\/\/nordicmart.andreevmaster.com\/sv\/wp-json\/wp\/v2\/comments?post=15654"}],"wp:featuredmedia":[{"embeddable":true,"href":"https:\/\/nordicmart.andreevmaster.com\/sv\/wp-json\/wp\/v2\/media\/43428"}],"wp:attachment":[{"href":"https:\/\/nordicmart.andreevmaster.com\/sv\/wp-json\/wp\/v2\/media?parent=15654"}],"wp:term":[{"taxonomy":"product_brand","embeddable":true,"href":"https:\/\/nordicmart.andreevmaster.com\/sv\/wp-json\/wp\/v2\/product_brand?post=15654"},{"taxonomy":"product_cat","embeddable":true,"href":"https:\/\/nordicmart.andreevmaster.com\/sv\/wp-json\/wp\/v2\/product_cat?post=15654"},{"taxonomy":"product_tag","embeddable":true,"href":"https:\/\/nordicmart.andreevmaster.com\/sv\/wp-json\/wp\/v2\/product_tag?post=15654"}],"curies":[{"name":"wp","href":"https:\/\/api.w.org\/{rel}","templated":true}]}}