{"id":15647,"date":"2026-02-27T00:27:10","date_gmt":"2026-02-27T00:27:10","guid":{"rendered":"https:\/\/nordicmart.andreevmaster.com\/product\/vasagle-hog-skap-i-industriell-stil-med-lamelldorr\/"},"modified":"2026-02-27T08:18:19","modified_gmt":"2026-02-27T08:18:19","slug":"vasagle-hog-skap-i-industriell-stil-med-lamelldorr","status":"publish","type":"product","link":"https:\/\/nordicmart.andreevmaster.com\/sv\/produkt\/vasagle-hog-skap-i-industriell-stil-med-lamelldorr\/","title":{"rendered":"VASAGLE h\u00f6g sk\u00e5p i industriell stil med lamelld\u00f6rr"},"content":{"rendered":"<p>Lite vintage h\u00e4r, lite industriell design d\u00e4r Stilen p\u00e5 detta vardagsrumssk\u00e5p kan beskrivas som en komposition av ett j\u00e4rnst\u00e4ll med den trendiga industriella looken och precisionsbearbetade vintageplattor av tr\u00e4material. Den ovanliga lamelld\u00f6rren ger dessutom en helt speciell touch som v\u00e4cker nyfikenheten p\u00e5 vad som d\u00f6ljer sig bakom den. Resultatet \u00e4r en enhetlig helhet och ett m\u00f6bel som \u00e4r robust, snyggt och funktionellt p\u00e5 samma g\u00e5ng.Redo f\u00f6r stor anv\u00e4ndning M\u00f6beln, som m\u00e4ter 37 x 30 x 167 cm (L x B x H) och vars \u00f6ppna hyllplan kan belastas med 20 kg vardera, l\u00e4mpar sig f\u00f6r f\u00f6ljande anv\u00e4ndningsomr\u00e5den: &#8211; Vardagsrum: H\u00e4r erbjuder detta smala tornst\u00e4ll lite extra f\u00f6rvaringsutrymme i soffh\u00f6rnan, till exempel f\u00f6r b\u00f6cker eller sm\u00e5 dekorationsf\u00f6rem\u00e5l. St\u00e4ll dessutom en kruka med kl\u00e4tterv\u00e4xt och fotoramar p\u00e5 den sl\u00e4ta vintageytan. &#8211; K\u00f6ket: M\u00e5nga k\u00f6k har inte s\u00e4rskilt mycket utrymme. Detta stativpassar perfekt bredvid din serveringsbord och ger extra f\u00f6rvaringsutrymme f\u00f6r kryddor, porslin eller receptb\u00f6cker. &#8211; Hallen: Denna m\u00e5ngsidiga m\u00f6bel kan ocks\u00e5 anv\u00e4ndas som nyckelhylla i entr\u00e9n. Produktdetaljer: &#8211; F\u00e4rg: Vintage &#8211; Material: Sp\u00e5nskiva, j\u00e4rnstativ &#8211; Storlek: 37 x 30 x 167 cm (L x B x H) &#8211; Vikt: 18,3 kg &#8211; Max. belastningskapacitet: \u00d6vre hylla: 30 kg \u00d6ppna hyllplan: 20 kg vardera Hyllplan i sk\u00e5pet: 15 kg vardera Nedersta hyllplan: 15 kg Antal hyllplan i sk\u00e5pet: 2 (justerbara i 3 h\u00f6jder) Leveransomfattning:- 1 x stativhylla &#8211; 1 x beh\u00e5llare med tillbeh\u00f6r (inklusive monteringsverktyg) &#8211; 1 x bruksanvisning (DE, EN, FR, ES, IT) VASAGLE Anm\u00e4rkningar: &#8211; Uts\u00e4tt inte produkten f\u00f6r direkt solljus. Den b\u00f6r inte heller placeras i fuktiga rum.<\/p>\n","protected":false},"excerpt":{"rendered":"<p>VASAGLE h\u00f6g sk\u00e5p, smalt k\u00f6kshyllor med 3 hyllplan och sk\u00e5p, bokhylla, h\u00f6g sidobord, industriell design, vardagsrum, sovrum, hall, 37 x 30 x 167 cm, vintage LSC37BX<\/p>\n","protected":false},"featured_media":43421,"comment_status":"open","ping_status":"closed","template":"","meta":[],"product_brand":[],"product_cat":[33],"product_tag":[],"class_list":{"0":"post-15647","1":"product","2":"type-product","3":"status-publish","4":"has-post-thumbnail","6":"product_cat-okategoriserad","8":"first","9":"instock","10":"shipping-taxable","11":"purchasable","12":"product-type-simple"},"_links":{"self":[{"href":"https:\/\/nordicmart.andreevmaster.com\/sv\/wp-json\/wp\/v2\/product\/15647","targetHints":{"allow":["GET"]}}],"collection":[{"href":"https:\/\/nordicmart.andreevmaster.com\/sv\/wp-json\/wp\/v2\/product"}],"about":[{"href":"https:\/\/nordicmart.andreevmaster.com\/sv\/wp-json\/wp\/v2\/types\/product"}],"replies":[{"embeddable":true,"href":"https:\/\/nordicmart.andreevmaster.com\/sv\/wp-json\/wp\/v2\/comments?post=15647"}],"wp:featuredmedia":[{"embeddable":true,"href":"https:\/\/nordicmart.andreevmaster.com\/sv\/wp-json\/wp\/v2\/media\/43421"}],"wp:attachment":[{"href":"https:\/\/nordicmart.andreevmaster.com\/sv\/wp-json\/wp\/v2\/media?parent=15647"}],"wp:term":[{"taxonomy":"product_brand","embeddable":true,"href":"https:\/\/nordicmart.andreevmaster.com\/sv\/wp-json\/wp\/v2\/product_brand?post=15647"},{"taxonomy":"product_cat","embeddable":true,"href":"https:\/\/nordicmart.andreevmaster.com\/sv\/wp-json\/wp\/v2\/product_cat?post=15647"},{"taxonomy":"product_tag","embeddable":true,"href":"https:\/\/nordicmart.andreevmaster.com\/sv\/wp-json\/wp\/v2\/product_tag?post=15647"}],"curies":[{"name":"wp","href":"https:\/\/api.w.org\/{rel}","templated":true}]}}