{"id":15645,"date":"2026-02-27T00:27:10","date_gmt":"2026-02-27T00:27:10","guid":{"rendered":"https:\/\/nordicmart.andreevmaster.com\/product\/vasagle-koksskap-med-justerbara-hyllplan-modernt\/"},"modified":"2026-02-27T08:18:19","modified_gmt":"2026-02-27T08:18:19","slug":"vasagle-koksskap-med-justerbara-hyllplan-modernt","status":"publish","type":"product","link":"https:\/\/nordicmart.andreevmaster.com\/sv\/produkt\/vasagle-koksskap-med-justerbara-hyllplan-modernt\/","title":{"rendered":"VASAGLE k\u00f6kssk\u00e5p med justerbara hyllplan modernt"},"content":{"rendered":"<p>VASAGLE k\u00f6kssk\u00e5p, multifunktionssk\u00e5p, f\u00f6rr\u00e5dssk\u00e5p, med justerbara hyllplan, l\u00e4mpligt f\u00f6r mikrov\u00e5gsugn, l\u00e5da, glasd\u00f6rrar, kabelh\u00e5l, modern stil, vitt LSC361W21<br \/>\nF\u00e4rg: Vit<br \/>\nMaterial: MDF (medeldensitetsfiberplatta), sp\u00e5nskiva<br \/>\nStorlek: 41,5 x 73 x 179,8 cm (D x B x H)<br \/>\nVikt: 42,5 kg<br \/>\nMax. statisk belastningskapacitet f\u00f6r mikrov\u00e5gsugnshyllan: 60 kg<br \/>\nMax. statisk belastningskapacitet f\u00f6r varje justerbar hylla: 15 kg<\/p>\n","protected":false},"excerpt":{"rendered":"<p>VASAGLE k\u00f6kssk\u00e5p, multifunktionssk\u00e5p, f\u00f6rr\u00e5dssk\u00e5p, med justerbara hyllplan, l\u00e4mpligt f\u00f6r mikrov\u00e5gsugn, l\u00e5da, glasd\u00f6rrar, kabelh\u00e5l, modern stil, vitt LSC361W21<\/p>\n","protected":false},"featured_media":0,"comment_status":"open","ping_status":"closed","template":"","meta":[],"product_brand":[],"product_cat":[33],"product_tag":[],"class_list":{"0":"post-15645","1":"product","2":"type-product","3":"status-publish","5":"product_cat-okategoriserad","7":"first","8":"instock","9":"shipping-taxable","10":"purchasable","11":"product-type-simple"},"_links":{"self":[{"href":"https:\/\/nordicmart.andreevmaster.com\/sv\/wp-json\/wp\/v2\/product\/15645","targetHints":{"allow":["GET"]}}],"collection":[{"href":"https:\/\/nordicmart.andreevmaster.com\/sv\/wp-json\/wp\/v2\/product"}],"about":[{"href":"https:\/\/nordicmart.andreevmaster.com\/sv\/wp-json\/wp\/v2\/types\/product"}],"replies":[{"embeddable":true,"href":"https:\/\/nordicmart.andreevmaster.com\/sv\/wp-json\/wp\/v2\/comments?post=15645"}],"wp:attachment":[{"href":"https:\/\/nordicmart.andreevmaster.com\/sv\/wp-json\/wp\/v2\/media?parent=15645"}],"wp:term":[{"taxonomy":"product_brand","embeddable":true,"href":"https:\/\/nordicmart.andreevmaster.com\/sv\/wp-json\/wp\/v2\/product_brand?post=15645"},{"taxonomy":"product_cat","embeddable":true,"href":"https:\/\/nordicmart.andreevmaster.com\/sv\/wp-json\/wp\/v2\/product_cat?post=15645"},{"taxonomy":"product_tag","embeddable":true,"href":"https:\/\/nordicmart.andreevmaster.com\/sv\/wp-json\/wp\/v2\/product_tag?post=15645"}],"curies":[{"name":"wp","href":"https:\/\/api.w.org\/{rel}","templated":true}]}}