{"id":15631,"date":"2026-02-27T00:27:06","date_gmt":"2026-02-27T00:27:06","guid":{"rendered":"https:\/\/nordicmart.andreevmaster.com\/product\/songmics-forvaringsskap-i-stal-med-hal\/"},"modified":"2026-02-27T08:18:16","modified_gmt":"2026-02-27T08:18:16","slug":"songmics-forvaringsskap-i-stal-med-hal","status":"publish","type":"product","link":"https:\/\/nordicmart.andreevmaster.com\/sv\/produkt\/songmics-forvaringsskap-i-stal-med-hal\/","title":{"rendered":"SONGMICS f\u00f6rvaringssk\u00e5p i st\u00e5l med h\u00e5l"},"content":{"rendered":"<p>SONGMICS f\u00f6rvaringssk\u00e5p, metallsk\u00e5p, med dubbeld\u00f6rr, magnetl\u00e5s, justerbar hylla, st\u00e5lram, industriell stil, platsbesparande, vintagebrun-svart LSC102B01<br \/>\nF\u00e4rg: naturf\u00e4rgad vit<br \/>\nMaterial: Sp\u00e5nskiva, st\u00e5l<br \/>\nStorlek (inkl. ben): 40 x 80 x 76 cm (D x B x H)<br \/>\nVikt: 19,1 kg<br \/>\nMax. statisk belastningskapacitet p\u00e5 ytan: 50 kg<\/p>\n","protected":false},"excerpt":{"rendered":"<p>SONGMICS f\u00f6rvaringssk\u00e5p, metallsk\u00e5p, med dubbeld\u00f6rr, magnetl\u00e5s, justerbar hylla, st\u00e5lram, industriell stil, platsbesparande, vintagebrun-svart LSC102B01<\/p>\n","protected":false},"featured_media":46655,"comment_status":"open","ping_status":"closed","template":"","meta":[],"product_brand":[],"product_cat":[33],"product_tag":[],"class_list":{"0":"post-15631","1":"product","2":"type-product","3":"status-publish","4":"has-post-thumbnail","6":"product_cat-okategoriserad","8":"first","9":"instock","10":"shipping-taxable","11":"purchasable","12":"product-type-simple"},"_links":{"self":[{"href":"https:\/\/nordicmart.andreevmaster.com\/sv\/wp-json\/wp\/v2\/product\/15631","targetHints":{"allow":["GET"]}}],"collection":[{"href":"https:\/\/nordicmart.andreevmaster.com\/sv\/wp-json\/wp\/v2\/product"}],"about":[{"href":"https:\/\/nordicmart.andreevmaster.com\/sv\/wp-json\/wp\/v2\/types\/product"}],"replies":[{"embeddable":true,"href":"https:\/\/nordicmart.andreevmaster.com\/sv\/wp-json\/wp\/v2\/comments?post=15631"}],"wp:featuredmedia":[{"embeddable":true,"href":"https:\/\/nordicmart.andreevmaster.com\/sv\/wp-json\/wp\/v2\/media\/46655"}],"wp:attachment":[{"href":"https:\/\/nordicmart.andreevmaster.com\/sv\/wp-json\/wp\/v2\/media?parent=15631"}],"wp:term":[{"taxonomy":"product_brand","embeddable":true,"href":"https:\/\/nordicmart.andreevmaster.com\/sv\/wp-json\/wp\/v2\/product_brand?post=15631"},{"taxonomy":"product_cat","embeddable":true,"href":"https:\/\/nordicmart.andreevmaster.com\/sv\/wp-json\/wp\/v2\/product_cat?post=15631"},{"taxonomy":"product_tag","embeddable":true,"href":"https:\/\/nordicmart.andreevmaster.com\/sv\/wp-json\/wp\/v2\/product_tag?post=15631"}],"curies":[{"name":"wp","href":"https:\/\/api.w.org\/{rel}","templated":true}]}}