{"id":15630,"date":"2026-02-27T00:27:06","date_gmt":"2026-02-27T00:27:06","guid":{"rendered":"https:\/\/nordicmart.andreevmaster.com\/product\/songmics-forvaringsskap-40-x-80-x-76-cm-sandbeige-naturbeige\/"},"modified":"2026-02-27T08:18:16","modified_gmt":"2026-02-27T08:18:16","slug":"songmics-forvaringsskap-40-x-80-x-76-cm-sandbeige-naturbeige","status":"publish","type":"product","link":"https:\/\/nordicmart.andreevmaster.com\/sv\/produkt\/songmics-forvaringsskap-40-x-80-x-76-cm-sandbeige-naturbeige\/","title":{"rendered":"SONGMICS f\u00f6rvaringssk\u00e5p 40 x 80 x 76 cm sandbeige-naturbeige"},"content":{"rendered":"<p>SONGMICS f\u00f6rvaringssk\u00e5p, metallsk\u00e5p, med dubbeld\u00f6rr, magnetl\u00e5s, justerbar hylla, st\u00e5lram, industriell stil, platsbesparande, vintagebrun-svart LSC102B01<br \/>\nF\u00e4rg: Sandbeige-naturbeige<br \/>\nMaterial: Sp\u00e5nskiva, st\u00e5l<br \/>\nStorlek (inkl. ben): 40 x 80 x 76 cm (D x B x H)<br \/>\nVikt: 19,1 kg<br \/>\nMax. statisk belastningskapacitet f\u00f6r ytan: 50 kg<\/p>\n","protected":false},"excerpt":{"rendered":"<p>SONGMICS f\u00f6rvaringssk\u00e5p, metallsk\u00e5p, med dubbeld\u00f6rr, magnetl\u00e5s, justerbar hylla, st\u00e5lram, industriell stil, platsbesparande, vintagebrun-svart LSC102B01<\/p>\n","protected":false},"featured_media":0,"comment_status":"open","ping_status":"closed","template":"","meta":[],"product_brand":[],"product_cat":[33],"product_tag":[],"class_list":{"0":"post-15630","1":"product","2":"type-product","3":"status-publish","5":"product_cat-okategoriserad","7":"first","8":"instock","9":"shipping-taxable","10":"purchasable","11":"product-type-simple"},"_links":{"self":[{"href":"https:\/\/nordicmart.andreevmaster.com\/sv\/wp-json\/wp\/v2\/product\/15630","targetHints":{"allow":["GET"]}}],"collection":[{"href":"https:\/\/nordicmart.andreevmaster.com\/sv\/wp-json\/wp\/v2\/product"}],"about":[{"href":"https:\/\/nordicmart.andreevmaster.com\/sv\/wp-json\/wp\/v2\/types\/product"}],"replies":[{"embeddable":true,"href":"https:\/\/nordicmart.andreevmaster.com\/sv\/wp-json\/wp\/v2\/comments?post=15630"}],"wp:attachment":[{"href":"https:\/\/nordicmart.andreevmaster.com\/sv\/wp-json\/wp\/v2\/media?parent=15630"}],"wp:term":[{"taxonomy":"product_brand","embeddable":true,"href":"https:\/\/nordicmart.andreevmaster.com\/sv\/wp-json\/wp\/v2\/product_brand?post=15630"},{"taxonomy":"product_cat","embeddable":true,"href":"https:\/\/nordicmart.andreevmaster.com\/sv\/wp-json\/wp\/v2\/product_cat?post=15630"},{"taxonomy":"product_tag","embeddable":true,"href":"https:\/\/nordicmart.andreevmaster.com\/sv\/wp-json\/wp\/v2\/product_tag?post=15630"}],"curies":[{"name":"wp","href":"https:\/\/api.w.org\/{rel}","templated":true}]}}