{"id":15623,"date":"2026-02-27T00:27:04","date_gmt":"2026-02-27T00:27:04","guid":{"rendered":"https:\/\/nordicmart.andreevmaster.com\/product\/vasagle-koksskap-med-glasdorrar-och-stalram\/"},"modified":"2026-02-27T08:18:14","modified_gmt":"2026-02-27T08:18:14","slug":"vasagle-koksskap-med-glasdorrar-och-stalram","status":"publish","type":"product","link":"https:\/\/nordicmart.andreevmaster.com\/sv\/produkt\/vasagle-koksskap-med-glasdorrar-och-stalram\/","title":{"rendered":"VASAGLE k\u00f6kssk\u00e5p med glasd\u00f6rrar och st\u00e5lram"},"content":{"rendered":"<p>VASAGLE Sideboard, k\u00f6kssk\u00e5p, f\u00f6rvaringssk\u00e5p, med glasd\u00f6rrar, f\u00f6r vardagsrum, k\u00f6k, matsal, st\u00e5lram, industriell stil, vintagebrun-svart LSC099B01<br \/>\nF\u00e4rg: Turkisbrun-bl\u00e4ksvart<br \/>\nMaterial: sp\u00e5nskiva, st\u00e5l<br \/>\nStorlek: 35 x 100 x 75 cm (D x B x H)<br \/>\nVikt: 25,2 kg<br \/>\nMax. statisk belastningskapacitet f\u00f6r ytan: 45,4 kg<br \/>\nMax. statisk belastningskapacitet f\u00f6r h\u00f6ger hyllplan i sk\u00e5pet: 6,8 kg<br \/>\nMax. statisk belastningskapacitet f\u00f6r v\u00e4nster hyllplan i sk\u00e5pet: 18,1 kg<\/p>\n","protected":false},"excerpt":{"rendered":"<p>VASAGLE Sideboard, k\u00f6kssk\u00e5p, f\u00f6rvaringssk\u00e5p, med glasd\u00f6rrar, f\u00f6r vardagsrum, k\u00f6k, matsal, st\u00e5lram, industriell stil, vintagebrun-svart LSC099B01<\/p>\n","protected":false},"featured_media":0,"comment_status":"open","ping_status":"closed","template":"","meta":[],"product_brand":[],"product_cat":[33],"product_tag":[],"class_list":{"0":"post-15623","1":"product","2":"type-product","3":"status-publish","5":"product_cat-okategoriserad","7":"first","8":"instock","9":"shipping-taxable","10":"purchasable","11":"product-type-simple"},"_links":{"self":[{"href":"https:\/\/nordicmart.andreevmaster.com\/sv\/wp-json\/wp\/v2\/product\/15623","targetHints":{"allow":["GET"]}}],"collection":[{"href":"https:\/\/nordicmart.andreevmaster.com\/sv\/wp-json\/wp\/v2\/product"}],"about":[{"href":"https:\/\/nordicmart.andreevmaster.com\/sv\/wp-json\/wp\/v2\/types\/product"}],"replies":[{"embeddable":true,"href":"https:\/\/nordicmart.andreevmaster.com\/sv\/wp-json\/wp\/v2\/comments?post=15623"}],"wp:attachment":[{"href":"https:\/\/nordicmart.andreevmaster.com\/sv\/wp-json\/wp\/v2\/media?parent=15623"}],"wp:term":[{"taxonomy":"product_brand","embeddable":true,"href":"https:\/\/nordicmart.andreevmaster.com\/sv\/wp-json\/wp\/v2\/product_brand?post=15623"},{"taxonomy":"product_cat","embeddable":true,"href":"https:\/\/nordicmart.andreevmaster.com\/sv\/wp-json\/wp\/v2\/product_cat?post=15623"},{"taxonomy":"product_tag","embeddable":true,"href":"https:\/\/nordicmart.andreevmaster.com\/sv\/wp-json\/wp\/v2\/product_tag?post=15623"}],"curies":[{"name":"wp","href":"https:\/\/api.w.org\/{rel}","templated":true}]}}