{"id":15620,"date":"2026-02-27T00:27:04","date_gmt":"2026-02-27T00:27:04","guid":{"rendered":"https:\/\/nordicmart.andreevmaster.com\/product\/vasagle-sideboard-i-industriell-design\/"},"modified":"2026-02-27T08:18:14","modified_gmt":"2026-02-27T08:18:14","slug":"vasagle-sideboard-i-industriell-design","status":"publish","type":"product","link":"https:\/\/nordicmart.andreevmaster.com\/sv\/produkt\/vasagle-sideboard-i-industriell-design\/","title":{"rendered":"VASAGLE Sideboard i industriell design"},"content":{"rendered":"<p>Produktdetaljer: &#8211; F\u00e4rg: Vintagebrun-svart &#8211; Material: Sp\u00e5nskiva, st\u00e5l &#8211; Storlek: 100 x 35 x 75 cm (L x B x H) &#8211; Vikt: 27,1 kg &#8211; Max. statisk belastningskapacitet f\u00f6r ytan: 30 kg &#8211; Max. statisk belastningskapacitet f\u00f6r l\u00e5dan: 5 kg &#8211; Max. statisk belastningskapacitet per fack: 10 kg Leveransomfattning: &#8211; 1 x sidobord &#8211; 1 x tillbeh\u00f6rspaket &#8211; 1 x bruksanvisning VASAGLE Anm\u00e4rkningar:- Av s\u00e4kerhetssk\u00e4l \u00e4r det f\u00f6rbjudet f\u00f6r barn att kl\u00e4ttra p\u00e5 eller leka med produkten.<\/p>\n","protected":false},"excerpt":{"rendered":"<p>VASAGLE Sideboard, k\u00f6kssk\u00e5p, sidobord med l\u00e5da och lamelld\u00f6rrar, f\u00f6r k\u00f6k, matsal, vardagsrum, industriell design, vintagebrun-svart LSC097B01<\/p>\n","protected":false},"featured_media":43405,"comment_status":"open","ping_status":"closed","template":"","meta":[],"product_brand":[],"product_cat":[33],"product_tag":[],"class_list":{"0":"post-15620","1":"product","2":"type-product","3":"status-publish","4":"has-post-thumbnail","6":"product_cat-okategoriserad","8":"first","9":"instock","10":"shipping-taxable","11":"purchasable","12":"product-type-simple"},"_links":{"self":[{"href":"https:\/\/nordicmart.andreevmaster.com\/sv\/wp-json\/wp\/v2\/product\/15620","targetHints":{"allow":["GET"]}}],"collection":[{"href":"https:\/\/nordicmart.andreevmaster.com\/sv\/wp-json\/wp\/v2\/product"}],"about":[{"href":"https:\/\/nordicmart.andreevmaster.com\/sv\/wp-json\/wp\/v2\/types\/product"}],"replies":[{"embeddable":true,"href":"https:\/\/nordicmart.andreevmaster.com\/sv\/wp-json\/wp\/v2\/comments?post=15620"}],"wp:featuredmedia":[{"embeddable":true,"href":"https:\/\/nordicmart.andreevmaster.com\/sv\/wp-json\/wp\/v2\/media\/43405"}],"wp:attachment":[{"href":"https:\/\/nordicmart.andreevmaster.com\/sv\/wp-json\/wp\/v2\/media?parent=15620"}],"wp:term":[{"taxonomy":"product_brand","embeddable":true,"href":"https:\/\/nordicmart.andreevmaster.com\/sv\/wp-json\/wp\/v2\/product_brand?post=15620"},{"taxonomy":"product_cat","embeddable":true,"href":"https:\/\/nordicmart.andreevmaster.com\/sv\/wp-json\/wp\/v2\/product_cat?post=15620"},{"taxonomy":"product_tag","embeddable":true,"href":"https:\/\/nordicmart.andreevmaster.com\/sv\/wp-json\/wp\/v2\/product_tag?post=15620"}],"curies":[{"name":"wp","href":"https:\/\/api.w.org\/{rel}","templated":true}]}}