{"id":15618,"date":"2026-02-27T00:27:03","date_gmt":"2026-02-27T00:27:03","guid":{"rendered":"https:\/\/nordicmart.andreevmaster.com\/product\/vasagle-sideboard-med-glasdorrar\/"},"modified":"2026-02-27T08:18:14","modified_gmt":"2026-02-27T08:18:14","slug":"vasagle-sideboard-med-glasdorrar","status":"publish","type":"product","link":"https:\/\/nordicmart.andreevmaster.com\/sv\/produkt\/vasagle-sideboard-med-glasdorrar\/","title":{"rendered":"VASAGLE sideboard med glasd\u00f6rrar"},"content":{"rendered":"<p>Produktdetaljer: &#8211; F\u00e4rg: Vintagebrun-svart &#8211; Material: Sp\u00e5nskiva, st\u00e5l &#8211; Storlek: 100 x 35 x 80 cm (L x B x H) &#8211; Vikt: 26,5 kg &#8211; Max. statisk belastningskapacitet p\u00e5 ytan: 30 kg &#8211; Max. statisk belastningskapacitet per hyllplan i nedre delen: 10 kg  Leveransomfattning: &#8211; 1 x f\u00f6rvaringssk\u00e5p &#8211; 1 x tillbeh\u00f6rspaket &#8211; 1 x tippskydd &#8211; 1 x bruksanvisning (DE, EN, ES, FR, IT) VASAGLE Anm\u00e4rkningar: &#8211; Av s\u00e4kerhetssk\u00e4l \u00e4r det f\u00f6rbjudet f\u00f6r barn att kl\u00e4ttra p\u00e5 eller leka med produkten.- F\u00e4st produkten p\u00e5 v\u00e4ggen med det medf\u00f6ljande tippskyddet f\u00f6r att f\u00f6rhindra att den v\u00e4lter.<\/p>\n","protected":false},"excerpt":{"rendered":"<p>VASAGLE Sideboard, k\u00f6kssk\u00e5p, f\u00f6rvaringssk\u00e5p med 2 transparenta glasd\u00f6rrar, justerbara hyllplan, f\u00f6r k\u00f6k, matsal, 100 x 35 x 80 cm, industriell stil, vintagebrun-svart LSC095B01<\/p>\n","protected":false},"featured_media":0,"comment_status":"open","ping_status":"closed","template":"","meta":[],"product_brand":[],"product_cat":[33],"product_tag":[],"class_list":{"0":"post-15618","1":"product","2":"type-product","3":"status-publish","5":"product_cat-okategoriserad","7":"first","8":"instock","9":"shipping-taxable","10":"purchasable","11":"product-type-simple"},"_links":{"self":[{"href":"https:\/\/nordicmart.andreevmaster.com\/sv\/wp-json\/wp\/v2\/product\/15618","targetHints":{"allow":["GET"]}}],"collection":[{"href":"https:\/\/nordicmart.andreevmaster.com\/sv\/wp-json\/wp\/v2\/product"}],"about":[{"href":"https:\/\/nordicmart.andreevmaster.com\/sv\/wp-json\/wp\/v2\/types\/product"}],"replies":[{"embeddable":true,"href":"https:\/\/nordicmart.andreevmaster.com\/sv\/wp-json\/wp\/v2\/comments?post=15618"}],"wp:attachment":[{"href":"https:\/\/nordicmart.andreevmaster.com\/sv\/wp-json\/wp\/v2\/media?parent=15618"}],"wp:term":[{"taxonomy":"product_brand","embeddable":true,"href":"https:\/\/nordicmart.andreevmaster.com\/sv\/wp-json\/wp\/v2\/product_brand?post=15618"},{"taxonomy":"product_cat","embeddable":true,"href":"https:\/\/nordicmart.andreevmaster.com\/sv\/wp-json\/wp\/v2\/product_cat?post=15618"},{"taxonomy":"product_tag","embeddable":true,"href":"https:\/\/nordicmart.andreevmaster.com\/sv\/wp-json\/wp\/v2\/product_tag?post=15618"}],"curies":[{"name":"wp","href":"https:\/\/api.w.org\/{rel}","templated":true}]}}